{"id":9953,"date":"2025-10-31T10:02:27","date_gmt":"2025-10-31T08:02:27","guid":{"rendered":"https:\/\/www.sologusto.com\/product\/rummo-155-fusillotti-500-gr"},"modified":"2026-01-11T11:49:06","modified_gmt":"2026-01-11T09:49:06","slug":"rummo-155-fusillotti-500-gr","status":"publish","type":"product","link":"https:\/\/www.sologusto.com\/lt\/produktas\/rummo-155-fusillotti-500-gr\/","title":{"rendered":"RUMMO 155 FUSILLOTTI 500 GR"},"content":{"rendered":"<p>Auk\u0161tos kokyb\u0117s itali\u0161kas produktas, puikiai tinkantis kasdieniam vartojimui.<\/p>","protected":false},"excerpt":{"rendered":"<p>Auk\u0161tos kokyb\u0117s itali\u0161kas produktas, puikiai tinkantis kasdieniam vartojimui.<\/p>","protected":false},"featured_media":9954,"template":"","meta":{"jetpack_publicize_message":"","jetpack_publicize_feature_enabled":true,"jetpack_social_post_already_shared":true,"jetpack_social_options":{"image_generator_settings":{"template":"highway","default_image_id":0,"font":"","enabled":false},"version":2}},"product_brand":[867],"product_cat":[214,55],"product_tag":[105,102],"class_list":{"0":"post-9953","1":"product","2":"type-product","3":"status-publish","4":"has-post-thumbnail","6":"product_brand-rummo","7":"product_cat-makaronai","8":"product_cat-pasta","9":"product_tag-makaronai","10":"product_tag-pasta","12":"first","13":"instock","14":"sale","15":"taxable","16":"shipping-taxable","17":"purchasable","18":"product-type-simple"},"jetpack_publicize_connections":[],"jetpack_sharing_enabled":true,"_links":{"self":[{"href":"https:\/\/www.sologusto.com\/lt\/wp-json\/wp\/v2\/product\/9953","targetHints":{"allow":["GET"]}}],"collection":[{"href":"https:\/\/www.sologusto.com\/lt\/wp-json\/wp\/v2\/product"}],"about":[{"href":"https:\/\/www.sologusto.com\/lt\/wp-json\/wp\/v2\/types\/product"}],"wp:featuredmedia":[{"embeddable":true,"href":"https:\/\/www.sologusto.com\/lt\/wp-json\/wp\/v2\/media\/9954"}],"wp:attachment":[{"href":"https:\/\/www.sologusto.com\/lt\/wp-json\/wp\/v2\/media?parent=9953"}],"wp:term":[{"taxonomy":"product_brand","embeddable":true,"href":"https:\/\/www.sologusto.com\/lt\/wp-json\/wp\/v2\/product_brand?post=9953"},{"taxonomy":"product_cat","embeddable":true,"href":"https:\/\/www.sologusto.com\/lt\/wp-json\/wp\/v2\/product_cat?post=9953"},{"taxonomy":"product_tag","embeddable":true,"href":"https:\/\/www.sologusto.com\/lt\/wp-json\/wp\/v2\/product_tag?post=9953"}],"curies":[{"name":"wp","href":"https:\/\/api.w.org\/{rel}","templated":true}]}}