{"id":9952,"date":"2025-10-31T10:02:25","date_gmt":"2025-10-31T08:02:25","guid":{"rendered":"https:\/\/www.sologusto.com\/product\/m-b-baiocchi-tubo-168-gr"},"modified":"2026-03-12T14:27:48","modified_gmt":"2026-03-12T12:27:48","slug":"m-b-baiocchi-tubo-168-gr","status":"publish","type":"product","link":"https:\/\/www.sologusto.com\/lt\/produktas\/m-b-baiocchi-tubo-168-gr\/","title":{"rendered":"BAIOCCHI sausainiai su kakavos kremu, 168 g (MULINO BIANCO)"},"content":{"rendered":"<p>Auk\u0161tos kokyb\u0117s itali\u0161kas produktas, puikiai tinkantis kasdieniam vartojimui.<\/p>\n<p data-start=\"0\" data-end=\"65\"><strong data-start=\"0\" data-end=\"63\">BAIOCCHI sausainiai su kakavos kremu, 168 g (MULINO BIANCO)<\/strong><\/p>\n<p data-start=\"67\" data-end=\"272\">Tra\u0161k\u016bs itali\u0161ki sausainiai, pagaminti i\u0161 kvietini\u0173 milt\u0173 ir u\u017epildyti \u0161velniu kakavos ir lazdyno rie\u0161ut\u0173 kremu. Tobulas derinys saldumyn\u0173 pertrauk\u0117lei ar prie kavos puodelio. Be konservant\u0173 ir da\u017eikli\u0173.<\/p>\n<p data-start=\"274\" data-end=\"333\" data-is-last-node=\"\" data-is-only-node=\"\"><strong data-start=\"274\" data-end=\"285\">Svarbiausi:<\/strong> 168 g<br data-start=\"291\" data-end=\"294\" \/><strong data-start=\"294\" data-end=\"309\" data-is-only-node=\"\">Gamintojas:<\/strong> Mulino Bianco (Italija)<\/p>","protected":false},"excerpt":{"rendered":"<p>Auk\u0161tos kokyb\u0117s itali\u0161kas produktas, puikiai tinkantis kasdieniam vartojimui. BAIOCCHI sausainiai su kakavos kremu, 168 g (MULINO BIANCO) Tra\u0161k\u016bs itali\u0161ki sausainiai, pagaminti i\u0161 kvietini\u0173 milt\u0173 ir u\u017epildyti \u0161velniu kakavos ir lazdyno [&hellip;]<\/p>\n","protected":false},"featured_media":9958,"template":"","meta":{"jetpack_publicize_message":"","jetpack_publicize_feature_enabled":true,"jetpack_social_post_already_shared":true,"jetpack_social_options":{"image_generator_settings":{"template":"highway","default_image_id":0,"font":"","enabled":false},"version":2}},"product_brand":[],"product_cat":[927],"product_tag":[],"class_list":{"0":"post-9952","1":"product","2":"type-product","3":"status-publish","4":"has-post-thumbnail","6":"product_cat-biscotti","8":"first","9":"outofstock","10":"sale","11":"taxable","12":"shipping-taxable","13":"purchasable","14":"product-type-simple"},"jetpack_publicize_connections":[],"jetpack_sharing_enabled":true,"_links":{"self":[{"href":"https:\/\/www.sologusto.com\/lt\/wp-json\/wp\/v2\/product\/9952","targetHints":{"allow":["GET"]}}],"collection":[{"href":"https:\/\/www.sologusto.com\/lt\/wp-json\/wp\/v2\/product"}],"about":[{"href":"https:\/\/www.sologusto.com\/lt\/wp-json\/wp\/v2\/types\/product"}],"wp:featuredmedia":[{"embeddable":true,"href":"https:\/\/www.sologusto.com\/lt\/wp-json\/wp\/v2\/media\/9958"}],"wp:attachment":[{"href":"https:\/\/www.sologusto.com\/lt\/wp-json\/wp\/v2\/media?parent=9952"}],"wp:term":[{"taxonomy":"product_brand","embeddable":true,"href":"https:\/\/www.sologusto.com\/lt\/wp-json\/wp\/v2\/product_brand?post=9952"},{"taxonomy":"product_cat","embeddable":true,"href":"https:\/\/www.sologusto.com\/lt\/wp-json\/wp\/v2\/product_cat?post=9952"},{"taxonomy":"product_tag","embeddable":true,"href":"https:\/\/www.sologusto.com\/lt\/wp-json\/wp\/v2\/product_tag?post=9952"}],"curies":[{"name":"wp","href":"https:\/\/api.w.org\/{rel}","templated":true}]}}