{"id":9951,"date":"2025-10-31T10:02:25","date_gmt":"2025-10-31T08:02:25","guid":{"rendered":"https:\/\/www.sologusto.com\/product\/di-leo-bisc-rip-noccio-150-gr"},"modified":"2026-02-26T16:11:30","modified_gmt":"2026-02-26T14:11:30","slug":"di-leo-bisc-rip-noccio-150-gr","status":"publish","type":"product","link":"https:\/\/www.sologusto.com\/lt\/produktas\/di-leo-bisc-rip-noccio-150-gr\/","title":{"rendered":"DI LEO sausainiai su lazdyno rie\u0161utais, 150 g"},"content":{"rendered":"<p>DI LEO sausainiai su lazdyno rie\u0161utais, 150 g<\/p>\n<p>Trap\u016bs, kvapn\u016bs sausainiai su maltais lazdyno rie\u0161utais \u2013 puikus pasirinkimas prie kavos ar arbatos. Pagaminti i\u0161 kruop\u0161\u010diai atrinkt\u0173 ingredient\u0173, be palmi\u0173 aliejaus ir konservant\u0173.<\/p>\n<p>Svoris: 150 g<br \/>\nGamintojas: Di Leo (Italija)<\/p>","protected":false},"excerpt":{"rendered":"<p>DI LEO sausainiai su lazdyno rie\u0161utais, 150 g Trap\u016bs, kvapn\u016bs sausainiai su maltais lazdyno rie\u0161utais \u2013 puikus pasirinkimas prie kavos ar arbatos. Pagaminti i\u0161 kruop\u0161\u010diai atrinkt\u0173 ingredient\u0173, be palmi\u0173 aliejaus [&hellip;]<\/p>\n","protected":false},"featured_media":9955,"template":"","meta":{"jetpack_publicize_message":"","jetpack_publicize_feature_enabled":true,"jetpack_social_post_already_shared":true,"jetpack_social_options":{"image_generator_settings":{"template":"highway","default_image_id":0,"font":"","enabled":false},"version":2}},"product_brand":[],"product_cat":[927],"product_tag":[],"class_list":{"0":"post-9951","1":"product","2":"type-product","3":"status-publish","4":"has-post-thumbnail","6":"product_cat-biscotti","8":"first","9":"instock","10":"sale","11":"taxable","12":"shipping-taxable","13":"purchasable","14":"product-type-simple"},"jetpack_publicize_connections":[],"jetpack_sharing_enabled":true,"_links":{"self":[{"href":"https:\/\/www.sologusto.com\/lt\/wp-json\/wp\/v2\/product\/9951","targetHints":{"allow":["GET"]}}],"collection":[{"href":"https:\/\/www.sologusto.com\/lt\/wp-json\/wp\/v2\/product"}],"about":[{"href":"https:\/\/www.sologusto.com\/lt\/wp-json\/wp\/v2\/types\/product"}],"wp:featuredmedia":[{"embeddable":true,"href":"https:\/\/www.sologusto.com\/lt\/wp-json\/wp\/v2\/media\/9955"}],"wp:attachment":[{"href":"https:\/\/www.sologusto.com\/lt\/wp-json\/wp\/v2\/media?parent=9951"}],"wp:term":[{"taxonomy":"product_brand","embeddable":true,"href":"https:\/\/www.sologusto.com\/lt\/wp-json\/wp\/v2\/product_brand?post=9951"},{"taxonomy":"product_cat","embeddable":true,"href":"https:\/\/www.sologusto.com\/lt\/wp-json\/wp\/v2\/product_cat?post=9951"},{"taxonomy":"product_tag","embeddable":true,"href":"https:\/\/www.sologusto.com\/lt\/wp-json\/wp\/v2\/product_tag?post=9951"}],"curies":[{"name":"wp","href":"https:\/\/api.w.org\/{rel}","templated":true}]}}