{"id":9949,"date":"2025-10-31T10:02:24","date_gmt":"2025-10-31T08:02:24","guid":{"rendered":"https:\/\/www.sologusto.com\/product\/bauli-croissant-cremx6-300-gr"},"modified":"2026-03-12T14:27:48","modified_gmt":"2026-03-12T12:27:48","slug":"bauli-croissant-cremx6-300-gr","status":"publish","type":"product","link":"https:\/\/www.sologusto.com\/lt\/produktas\/bauli-croissant-cremx6-300-gr\/","title":{"rendered":"BAULI kruasanai su kremu, 300 g (6 vnt.)"},"content":{"rendered":"<p data-start=\"0\" data-end=\"46\"><strong data-start=\"0\" data-end=\"44\">BAULI kruasanai su kremu, 300 g (6 vnt.)<\/strong><\/p>\n<p data-start=\"48\" data-end=\"212\">Mink\u0161ti ir pur\u016bs itali\u0161ki kruasanai, pripildyti \u0161velnaus vanil\u0117s kremo. Puikiai tinka pusry\u010diams arba sald\u017eiai pertrauk\u0117lei. Be konservant\u0173 ir vandenilio riebal\u0173.<\/p>\n<p data-start=\"214\" data-end=\"290\" data-is-last-node=\"\" data-is-only-node=\"\"><strong data-start=\"214\" data-end=\"225\">Kiekis:<\/strong> 6 vienetai<br data-start=\"236\" data-end=\"239\" \/><strong data-start=\"239\" data-end=\"250\" data-is-only-node=\"\">Svoris:<\/strong> 300 g<br data-start=\"256\" data-end=\"259\" \/><strong data-start=\"259\" data-end=\"274\">Gamintojas:<\/strong> Bauli (Italija)<\/p>","protected":false},"excerpt":{"rendered":"<p>BAULI kruasanai su kremu, 300 g (6 vnt.) Mink\u0161ti ir pur\u016bs itali\u0161ki kruasanai, pripildyti \u0161velnaus vanil\u0117s kremo. Puikiai tinka pusry\u010diams arba sald\u017eiai pertrauk\u0117lei. Be konservant\u0173 ir vandenilio riebal\u0173. Kiekis: 6 [&hellip;]<\/p>\n","protected":false},"featured_media":9964,"template":"","meta":{"jetpack_publicize_message":"","jetpack_publicize_feature_enabled":true,"jetpack_social_post_already_shared":true,"jetpack_social_options":{"image_generator_settings":{"template":"highway","default_image_id":0,"font":"","enabled":false},"version":2}},"product_brand":[],"product_cat":[928],"product_tag":[],"class_list":{"0":"post-9949","1":"product","2":"type-product","3":"status-publish","4":"has-post-thumbnail","6":"product_cat-bandele","8":"first","9":"instock","10":"sale","11":"taxable","12":"shipping-taxable","13":"purchasable","14":"product-type-simple"},"jetpack_publicize_connections":[],"jetpack_sharing_enabled":true,"_links":{"self":[{"href":"https:\/\/www.sologusto.com\/lt\/wp-json\/wp\/v2\/product\/9949","targetHints":{"allow":["GET"]}}],"collection":[{"href":"https:\/\/www.sologusto.com\/lt\/wp-json\/wp\/v2\/product"}],"about":[{"href":"https:\/\/www.sologusto.com\/lt\/wp-json\/wp\/v2\/types\/product"}],"wp:featuredmedia":[{"embeddable":true,"href":"https:\/\/www.sologusto.com\/lt\/wp-json\/wp\/v2\/media\/9964"}],"wp:attachment":[{"href":"https:\/\/www.sologusto.com\/lt\/wp-json\/wp\/v2\/media?parent=9949"}],"wp:term":[{"taxonomy":"product_brand","embeddable":true,"href":"https:\/\/www.sologusto.com\/lt\/wp-json\/wp\/v2\/product_brand?post=9949"},{"taxonomy":"product_cat","embeddable":true,"href":"https:\/\/www.sologusto.com\/lt\/wp-json\/wp\/v2\/product_cat?post=9949"},{"taxonomy":"product_tag","embeddable":true,"href":"https:\/\/www.sologusto.com\/lt\/wp-json\/wp\/v2\/product_tag?post=9949"}],"curies":[{"name":"wp","href":"https:\/\/api.w.org\/{rel}","templated":true}]}}