{"id":9948,"date":"2025-10-31T10:02:24","date_gmt":"2025-10-31T08:02:24","guid":{"rendered":"https:\/\/www.sologusto.com\/product\/m-bianco-taralluc-x24-350-gr"},"modified":"2026-03-12T14:27:48","modified_gmt":"2026-03-12T12:27:48","slug":"m-bianco-taralluc-x24-350-gr","status":"publish","type":"product","link":"https:\/\/www.sologusto.com\/lt\/produktas\/m-bianco-taralluc-x24-350-gr\/","title":{"rendered":"MULINO BIANCO TARALLUCCI sausainiai su kiau\u0161iniais, 350 g"},"content":{"rendered":"<p>MULINO BIANCO TARALLUCCI sausainiai su kiau\u0161iniais, 350 g<br \/>\nTradiciniai itali\u0161ki sausainiai su \u0161vie\u017ei\u0173 kiau\u0161ini\u0173 skoniu \u2013 \u0161veln\u016bs, kvapn\u016bs ir tra\u0161k\u016bs. Puikiai tinka pusry\u010diams ar prie kavos. Be konservant\u0173 ir da\u017eikli\u0173.<br \/>\nSvoris: 350 g<br \/>\nGamintojas: Mulino Bianco (Italija)<\/p>","protected":false},"excerpt":{"rendered":"<p>MULINO BIANCO TARALLUCCI sausainiai su kiau\u0161iniais, 350 g Tradiciniai itali\u0161ki sausainiai su \u0161vie\u017ei\u0173 kiau\u0161ini\u0173 skoniu \u2013 \u0161veln\u016bs, kvapn\u016bs ir tra\u0161k\u016bs. Puikiai tinka pusry\u010diams ar prie kavos. Be konservant\u0173 ir da\u017eikli\u0173. [&hellip;]<\/p>\n","protected":false},"featured_media":9959,"template":"","meta":{"jetpack_publicize_message":"","jetpack_publicize_feature_enabled":true,"jetpack_social_post_already_shared":true,"jetpack_social_options":{"image_generator_settings":{"template":"highway","default_image_id":0,"font":"","enabled":false},"version":2}},"product_brand":[],"product_cat":[927],"product_tag":[],"class_list":{"0":"post-9948","1":"product","2":"type-product","3":"status-publish","4":"has-post-thumbnail","6":"product_cat-biscotti","8":"first","9":"instock","10":"sale","11":"taxable","12":"shipping-taxable","13":"purchasable","14":"product-type-simple"},"jetpack_publicize_connections":[],"jetpack_sharing_enabled":true,"_links":{"self":[{"href":"https:\/\/www.sologusto.com\/lt\/wp-json\/wp\/v2\/product\/9948","targetHints":{"allow":["GET"]}}],"collection":[{"href":"https:\/\/www.sologusto.com\/lt\/wp-json\/wp\/v2\/product"}],"about":[{"href":"https:\/\/www.sologusto.com\/lt\/wp-json\/wp\/v2\/types\/product"}],"wp:featuredmedia":[{"embeddable":true,"href":"https:\/\/www.sologusto.com\/lt\/wp-json\/wp\/v2\/media\/9959"}],"wp:attachment":[{"href":"https:\/\/www.sologusto.com\/lt\/wp-json\/wp\/v2\/media?parent=9948"}],"wp:term":[{"taxonomy":"product_brand","embeddable":true,"href":"https:\/\/www.sologusto.com\/lt\/wp-json\/wp\/v2\/product_brand?post=9948"},{"taxonomy":"product_cat","embeddable":true,"href":"https:\/\/www.sologusto.com\/lt\/wp-json\/wp\/v2\/product_cat?post=9948"},{"taxonomy":"product_tag","embeddable":true,"href":"https:\/\/www.sologusto.com\/lt\/wp-json\/wp\/v2\/product_tag?post=9948"}],"curies":[{"name":"wp","href":"https:\/\/api.w.org\/{rel}","templated":true}]}}