{"id":9946,"date":"2025-10-31T10:02:23","date_gmt":"2025-10-31T08:02:23","guid":{"rendered":"https:\/\/www.sologusto.com\/product\/curti-risotto-formaggi-175-gr"},"modified":"2026-01-11T11:49:07","modified_gmt":"2026-01-11T09:49:07","slug":"curti-risotto-formaggi-175-gr","status":"publish","type":"product","link":"https:\/\/www.sologusto.com\/lt\/produktas\/curti-risotto-formaggi-175-gr\/","title":{"rendered":"CURTI s\u016bri\u0173 risotto, 175 g"},"content":{"rendered":"<p data-start=\"0\" data-end=\"32\"><strong data-start=\"0\" data-end=\"30\">CURTI s\u016bri\u0173 risotto, 175 g<\/strong><\/p>\n<p data-start=\"34\" data-end=\"200\">Itali\u0161kas greitai paruo\u0161iamas risotto, pagamintas i\u0161 kruop\u0161\u010diai atrinkt\u0173 ry\u017ei\u0173 ir aromating\u0173 s\u016bri\u0173 mi\u0161inio. Puikus sprendimas greitam ir skaniam patiekalui namuose.<\/p>\n<p data-start=\"202\" data-end=\"253\" data-is-last-node=\"\" data-is-only-node=\"\"><strong data-start=\"202\" data-end=\"213\">Svoris:<\/strong> 175 g<br data-start=\"219\" data-end=\"222\" \/><strong data-start=\"222\" data-end=\"237\" data-is-only-node=\"\">Gamintojas:<\/strong> Curti (Italija)<\/p>","protected":false},"excerpt":{"rendered":"<p>CURTI s\u016bri\u0173 risotto, 175 g Itali\u0161kas greitai paruo\u0161iamas risotto, pagamintas i\u0161 kruop\u0161\u010diai atrinkt\u0173 ry\u017ei\u0173 ir aromating\u0173 s\u016bri\u0173 mi\u0161inio. Puikus sprendimas greitam ir skaniam patiekalui namuose. Svoris: 175 gGamintojas: Curti (Italija)<\/p>","protected":false},"featured_media":9968,"template":"","meta":{"jetpack_publicize_message":"","jetpack_publicize_feature_enabled":true,"jetpack_social_post_already_shared":true,"jetpack_social_options":{"image_generator_settings":{"template":"highway","default_image_id":0,"font":"","enabled":false},"version":2}},"product_brand":[],"product_cat":[926],"product_tag":[],"class_list":{"0":"post-9946","1":"product","2":"type-product","3":"status-publish","4":"has-post-thumbnail","6":"product_cat-ryziai-2","8":"first","9":"instock","10":"sale","11":"taxable","12":"shipping-taxable","13":"purchasable","14":"product-type-simple"},"jetpack_publicize_connections":[],"jetpack_sharing_enabled":true,"_links":{"self":[{"href":"https:\/\/www.sologusto.com\/lt\/wp-json\/wp\/v2\/product\/9946","targetHints":{"allow":["GET"]}}],"collection":[{"href":"https:\/\/www.sologusto.com\/lt\/wp-json\/wp\/v2\/product"}],"about":[{"href":"https:\/\/www.sologusto.com\/lt\/wp-json\/wp\/v2\/types\/product"}],"wp:featuredmedia":[{"embeddable":true,"href":"https:\/\/www.sologusto.com\/lt\/wp-json\/wp\/v2\/media\/9968"}],"wp:attachment":[{"href":"https:\/\/www.sologusto.com\/lt\/wp-json\/wp\/v2\/media?parent=9946"}],"wp:term":[{"taxonomy":"product_brand","embeddable":true,"href":"https:\/\/www.sologusto.com\/lt\/wp-json\/wp\/v2\/product_brand?post=9946"},{"taxonomy":"product_cat","embeddable":true,"href":"https:\/\/www.sologusto.com\/lt\/wp-json\/wp\/v2\/product_cat?post=9946"},{"taxonomy":"product_tag","embeddable":true,"href":"https:\/\/www.sologusto.com\/lt\/wp-json\/wp\/v2\/product_tag?post=9946"}],"curies":[{"name":"wp","href":"https:\/\/api.w.org\/{rel}","templated":true}]}}