{"id":9945,"date":"2025-10-31T10:02:23","date_gmt":"2025-10-31T08:02:23","guid":{"rendered":"https:\/\/www.sologusto.com\/product\/m-bianco-rigoli-400-gr"},"modified":"2026-01-11T11:49:06","modified_gmt":"2026-01-11T09:49:06","slug":"m-bianco-rigoli-400-gr","status":"publish","type":"product","link":"https:\/\/www.sologusto.com\/lt\/produktas\/m-bianco-rigoli-400-gr\/","title":{"rendered":"MULINO BIANCO RIGOLI sausainiai su kakavos kremu, 400 g"},"content":{"rendered":"<p data-start=\"0\" data-end=\"61\"><strong data-start=\"0\" data-end=\"59\">MULINO BIANCO RIGOLI sausainiai su kakavos kremu, 400 g<\/strong><\/p>\n<p data-start=\"63\" data-end=\"217\">Trap\u016bs itali\u0161ki sausainiai, pripildyti \u0161velnaus kakavos ir lazdyno rie\u0161ut\u0173 kremo. Puikus pasirinkimas prie kavos ar arbatos. Be konservant\u0173 ir da\u017eikli\u0173.<\/p>\n<p data-start=\"219\" data-end=\"278\" data-is-last-node=\"\" data-is-only-node=\"\"><strong data-start=\"219\" data-end=\"230\">Svarbiausi:<\/strong> 400 g<br data-start=\"236\" data-end=\"239\" \/><strong data-start=\"239\" data-end=\"254\" data-is-only-node=\"\">Gamintojas:<\/strong> Mulino Bianco (Italija)<\/p>","protected":false},"excerpt":{"rendered":"<p>MULINO BIANCO RIGOLI sausainiai su kakavos kremu, 400 g Trap\u016bs itali\u0161ki sausainiai, pripildyti \u0161velnaus kakavos ir lazdyno rie\u0161ut\u0173 kremo. Puikus pasirinkimas prie kavos ar arbatos. Be konservant\u0173 ir da\u017eikli\u0173. Svoris: [&hellip;]<\/p>\n","protected":false},"featured_media":9966,"template":"","meta":{"jetpack_publicize_message":"","jetpack_publicize_feature_enabled":true,"jetpack_social_post_already_shared":true,"jetpack_social_options":{"image_generator_settings":{"template":"highway","default_image_id":0,"font":"","enabled":false},"version":2}},"product_brand":[],"product_cat":[927],"product_tag":[],"class_list":{"0":"post-9945","1":"product","2":"type-product","3":"status-publish","4":"has-post-thumbnail","6":"product_cat-biscotti","8":"first","9":"instock","10":"sale","11":"taxable","12":"shipping-taxable","13":"purchasable","14":"product-type-simple"},"jetpack_publicize_connections":[],"jetpack_sharing_enabled":true,"_links":{"self":[{"href":"https:\/\/www.sologusto.com\/lt\/wp-json\/wp\/v2\/product\/9945","targetHints":{"allow":["GET"]}}],"collection":[{"href":"https:\/\/www.sologusto.com\/lt\/wp-json\/wp\/v2\/product"}],"about":[{"href":"https:\/\/www.sologusto.com\/lt\/wp-json\/wp\/v2\/types\/product"}],"wp:featuredmedia":[{"embeddable":true,"href":"https:\/\/www.sologusto.com\/lt\/wp-json\/wp\/v2\/media\/9966"}],"wp:attachment":[{"href":"https:\/\/www.sologusto.com\/lt\/wp-json\/wp\/v2\/media?parent=9945"}],"wp:term":[{"taxonomy":"product_brand","embeddable":true,"href":"https:\/\/www.sologusto.com\/lt\/wp-json\/wp\/v2\/product_brand?post=9945"},{"taxonomy":"product_cat","embeddable":true,"href":"https:\/\/www.sologusto.com\/lt\/wp-json\/wp\/v2\/product_cat?post=9945"},{"taxonomy":"product_tag","embeddable":true,"href":"https:\/\/www.sologusto.com\/lt\/wp-json\/wp\/v2\/product_tag?post=9945"}],"curies":[{"name":"wp","href":"https:\/\/api.w.org\/{rel}","templated":true}]}}