{"id":9944,"date":"2025-10-31T10:02:22","date_gmt":"2025-10-31T08:02:22","guid":{"rendered":"https:\/\/www.sologusto.com\/product\/rummo-105-pagliafieno-250-gr"},"modified":"2026-03-12T14:27:48","modified_gmt":"2026-03-12T12:27:48","slug":"rummo-105-pagliafieno-250-gr","status":"publish","type":"product","link":"https:\/\/www.sologusto.com\/lt\/produktas\/rummo-105-pagliafieno-250-gr\/","title":{"rendered":"RUMMO Paglia &amp; Fieno makaronai, Nr. 105, 250 g"},"content":{"rendered":"<p data-start=\"0\" data-end=\"52\"><strong data-start=\"0\" data-end=\"50\">RUMMO Paglia &amp; Fieno makaronai, Nr. 105, 250 g<\/strong><\/p>\n<p data-start=\"54\" data-end=\"294\">Itali\u0161ki \u201ePaglia e Fieno\u201c makaronai, pagaminti i\u0161 kruop\u0161\u010diai atrinkt\u0173 kvietini\u0173 milt\u0173 ir kiau\u0161ini\u0173. Ry\u0161kus dviej\u0173 spalv\u0173 derinys: \u0161viesi \u201e\u0161iaud\u0173\u201c ir \u017ealia \u201e\u017eol\u0117s\u201c juostel\u0117s, suteikian\u010dios patiekalams autenti\u0161k\u0105 itali\u0161k\u0105 i\u0161vaizd\u0105 ir skon\u012f.<\/p>\n<p data-start=\"296\" data-end=\"347\" data-is-last-node=\"\" data-is-only-node=\"\"><strong data-start=\"296\" data-end=\"307\">Svoris:<\/strong> 250 g<br data-start=\"313\" data-end=\"316\" \/><strong data-start=\"316\" data-end=\"331\" data-is-only-node=\"\">Gamintojas:<\/strong> Rummo (Italija)<\/p>","protected":false},"excerpt":{"rendered":"<p>RUMMO Paglia &amp; Fieno makaronai, Nr. 105, 250 g Itali\u0161ki \u201ePaglia e Fieno\u201c makaronai, pagaminti i\u0161 kruop\u0161\u010diai atrinkt\u0173 kvietini\u0173 milt\u0173 ir kiau\u0161ini\u0173. Ry\u0161kus dviej\u0173 spalv\u0173 derinys: \u0161viesi \u201e\u0161iaud\u0173\u201c ir \u017ealia [&hellip;]<\/p>\n","protected":false},"featured_media":9970,"template":"","meta":{"jetpack_publicize_message":"","jetpack_publicize_feature_enabled":true,"jetpack_social_post_already_shared":true,"jetpack_social_options":{"image_generator_settings":{"template":"highway","default_image_id":0,"font":"","enabled":false},"version":2}},"product_brand":[],"product_cat":[214,55],"product_tag":[105,102],"class_list":{"0":"post-9944","1":"product","2":"type-product","3":"status-publish","4":"has-post-thumbnail","6":"product_cat-makaronai","7":"product_cat-pasta","8":"product_tag-makaronai","9":"product_tag-pasta","11":"first","12":"instock","13":"sale","14":"taxable","15":"shipping-taxable","16":"purchasable","17":"product-type-simple"},"jetpack_publicize_connections":[],"jetpack_sharing_enabled":true,"_links":{"self":[{"href":"https:\/\/www.sologusto.com\/lt\/wp-json\/wp\/v2\/product\/9944","targetHints":{"allow":["GET"]}}],"collection":[{"href":"https:\/\/www.sologusto.com\/lt\/wp-json\/wp\/v2\/product"}],"about":[{"href":"https:\/\/www.sologusto.com\/lt\/wp-json\/wp\/v2\/types\/product"}],"wp:featuredmedia":[{"embeddable":true,"href":"https:\/\/www.sologusto.com\/lt\/wp-json\/wp\/v2\/media\/9970"}],"wp:attachment":[{"href":"https:\/\/www.sologusto.com\/lt\/wp-json\/wp\/v2\/media?parent=9944"}],"wp:term":[{"taxonomy":"product_brand","embeddable":true,"href":"https:\/\/www.sologusto.com\/lt\/wp-json\/wp\/v2\/product_brand?post=9944"},{"taxonomy":"product_cat","embeddable":true,"href":"https:\/\/www.sologusto.com\/lt\/wp-json\/wp\/v2\/product_cat?post=9944"},{"taxonomy":"product_tag","embeddable":true,"href":"https:\/\/www.sologusto.com\/lt\/wp-json\/wp\/v2\/product_tag?post=9944"}],"curies":[{"name":"wp","href":"https:\/\/api.w.org\/{rel}","templated":true}]}}