{"id":9941,"date":"2025-10-31T10:02:21","date_gmt":"2025-10-31T08:02:21","guid":{"rendered":"https:\/\/www.sologusto.com\/product\/garofalo-spaghetti-500-gr"},"modified":"2026-03-12T14:27:48","modified_gmt":"2026-03-12T12:27:48","slug":"garofalo-spaghetti-500-gr","status":"publish","type":"product","link":"https:\/\/www.sologusto.com\/lt\/produktas\/garofalo-spaghetti-500-gr\/","title":{"rendered":"GAROFALO Spage\u010di\u0173 makaronai, 500 g"},"content":{"rendered":"<h6 class=\"sr-only\"><strong style=\"font-size: 16px;\" data-start=\"0\" data-end=\"39\">GAROFALO Spaghetti makaronai, 500 g<\/strong><\/h6>\n<div class=\"text-base my-auto mx-auto pb-10 [--thread-content-margin:--spacing(4)] thread-sm:[--thread-content-margin:--spacing(6)] thread-lg:[--thread-content-margin:--spacing(16)] px-(--thread-content-margin)\">\n<div class=\"[--thread-content-max-width:40rem] thread-lg:[--thread-content-max-width:48rem] mx-auto max-w-(--thread-content-max-width) flex-1 group\/turn-messages focus-visible:outline-hidden relative flex w-full min-w-0 flex-col agent-turn\">\n<div class=\"flex max-w-full flex-col grow\">\n<div class=\"min-h-8 text-message relative flex w-full flex-col items-end gap-2 text-start break-words whitespace-normal [.text-message+&amp;]:mt-1\" dir=\"auto\" data-message-author-role=\"assistant\" data-message-id=\"87b4a984-3c76-4b90-8eed-084a44ac4bc6\" data-message-model-slug=\"gpt-5-mini\">\n<div class=\"flex w-full flex-col gap-1 empty:hidden first:pt-[1px]\">\n<div class=\"markdown prose dark:prose-invert w-full break-words light markdown-new-styling\">\n<p data-start=\"43\" data-end=\"210\">Klasikiniai itali\u0161ki spaghetti makaronai, pagaminti i\u0161 kruop\u0161\u010diai atrinkt\u0173 kvietini\u0173 milt\u0173. Tobulai tinka \u012fvairiems pada\u017eams ir tradiciniams itali\u0161kiems patiekalams.<\/p>\n<p data-start=\"212\" data-end=\"266\" data-is-last-node=\"\" data-is-only-node=\"\"><strong data-start=\"212\" data-end=\"223\">Svoris:<\/strong> 500 g<br data-start=\"229\" data-end=\"232\" \/><strong data-start=\"232\" data-end=\"247\" data-is-only-node=\"\">Gamintojas:<\/strong> Garofalo (Italija)<\/p>\n<p data-start=\"212\" data-end=\"266\" data-is-last-node=\"\" data-is-only-node=\"\"><strong>Gragnano makaronai SGN<\/strong><br \/>\n<strong>Saugoma geografin\u0117 nuoroda<\/strong><\/p>\n<\/div>\n<\/div>\n<\/div>\n<\/div>\n<\/div>\n<\/div>\n","protected":false},"excerpt":{"rendered":"<p><strong>Gragnano makaronai (SGN)<\/strong><br \/>\nIndicazione Geografica Protetta<\/p>\n<p>&#8212;<\/p>\n<p><strong>Gragnano makaronai SGN<\/strong><br \/>\nSaugoma geografin\u0117 nuoroda<\/p>","protected":false},"featured_media":9973,"template":"","meta":{"jetpack_publicize_message":"","jetpack_publicize_feature_enabled":true,"jetpack_social_post_already_shared":true,"jetpack_social_options":{"image_generator_settings":{"template":"highway","default_image_id":0,"font":"","enabled":false},"version":2}},"product_brand":[929],"product_cat":[214,55],"product_tag":[947,764,105,102,946],"class_list":{"0":"post-9941","1":"product","2":"type-product","3":"status-publish","4":"has-post-thumbnail","6":"product_brand-garofalo","7":"product_cat-makaronai","8":"product_cat-pasta","9":"product_tag-gragnano","10":"product_tag-igp","11":"product_tag-makaronai","12":"product_tag-pasta","13":"product_tag-pasta-di-gragnano-igp-indicazione-geografica-protetta-gragnano-makaronai-sgn-saugoma-geografine-nuoroda","15":"first","16":"instock","17":"sale","18":"taxable","19":"shipping-taxable","20":"purchasable","21":"product-type-simple"},"jetpack_publicize_connections":[],"jetpack_sharing_enabled":true,"_links":{"self":[{"href":"https:\/\/www.sologusto.com\/lt\/wp-json\/wp\/v2\/product\/9941","targetHints":{"allow":["GET"]}}],"collection":[{"href":"https:\/\/www.sologusto.com\/lt\/wp-json\/wp\/v2\/product"}],"about":[{"href":"https:\/\/www.sologusto.com\/lt\/wp-json\/wp\/v2\/types\/product"}],"wp:featuredmedia":[{"embeddable":true,"href":"https:\/\/www.sologusto.com\/lt\/wp-json\/wp\/v2\/media\/9973"}],"wp:attachment":[{"href":"https:\/\/www.sologusto.com\/lt\/wp-json\/wp\/v2\/media?parent=9941"}],"wp:term":[{"taxonomy":"product_brand","embeddable":true,"href":"https:\/\/www.sologusto.com\/lt\/wp-json\/wp\/v2\/product_brand?post=9941"},{"taxonomy":"product_cat","embeddable":true,"href":"https:\/\/www.sologusto.com\/lt\/wp-json\/wp\/v2\/product_cat?post=9941"},{"taxonomy":"product_tag","embeddable":true,"href":"https:\/\/www.sologusto.com\/lt\/wp-json\/wp\/v2\/product_tag?post=9941"}],"curies":[{"name":"wp","href":"https:\/\/api.w.org\/{rel}","templated":true}]}}