{"id":9940,"date":"2025-10-31T10:02:21","date_gmt":"2025-10-31T08:02:21","guid":{"rendered":"https:\/\/www.sologusto.com\/product\/garofalo-rigatoni-500-gr"},"modified":"2026-01-11T11:49:07","modified_gmt":"2026-01-11T09:49:07","slug":"garofalo-rigatoni-500-gr","status":"publish","type":"product","link":"https:\/\/www.sologusto.com\/lt\/produktas\/garofalo-rigatoni-500-gr\/","title":{"rendered":"GAROFALO Rigatoni makaronai, 500 g"},"content":{"rendered":"<p data-start=\"0\" data-end=\"40\"><strong data-start=\"0\" data-end=\"38\">GAROFALO Rigatoni makaronai, 500 g<\/strong><\/p>\n<p data-start=\"42\" data-end=\"240\">Tradiciniai itali\u0161ki rigatoni \u2013 dideli vamzdeliniai makaronai, pagaminti i\u0161 kruop\u0161\u010diai atrinkt\u0173 kvietini\u0173 milt\u0173. Puikiai sugeria pada\u017eus, tod\u0117l idealiai tinka klasikiniams itali\u0161kiems patiekalams.<\/p>\n<p data-start=\"242\" data-end=\"296\" data-is-last-node=\"\" data-is-only-node=\"\"><strong data-start=\"242\" data-end=\"253\">Svoris:<\/strong> 500 g<br data-start=\"259\" data-end=\"262\" \/><strong data-start=\"262\" data-end=\"277\" data-is-only-node=\"\">Gamintojas:<\/strong> Garofalo (Italija)<\/p>\n<p data-start=\"242\" data-end=\"296\" data-is-last-node=\"\" data-is-only-node=\"\"><strong>Gragnano makaronai SGN<\/strong><br \/>\n<strong>Saugoma geografin\u0117 nuoroda<\/strong><\/p>\n<p data-start=\"242\" data-end=\"296\" data-is-last-node=\"\" data-is-only-node=\"\">","protected":false},"excerpt":{"rendered":"<p><strong>Pasta di Gragnano IGP<\/strong><br \/>\nIndicazione Geografica Protetta<\/p>\n<p>&#8212;<\/p>\n<p><strong>Gragnano makaronai SGN<\/strong><br \/>\nSaugoma geografin\u0117 nuoroda<\/p>\n<p>&nbsp;<\/p>\n<p>&nbsp;<\/p>","protected":false},"featured_media":9971,"template":"","meta":{"jetpack_publicize_message":"","jetpack_publicize_feature_enabled":true,"jetpack_social_post_already_shared":true,"jetpack_social_options":{"image_generator_settings":{"template":"highway","default_image_id":0,"font":"","enabled":false},"version":2}},"product_brand":[929],"product_cat":[214,55],"product_tag":[947,764,105,102,946],"class_list":{"0":"post-9940","1":"product","2":"type-product","3":"status-publish","4":"has-post-thumbnail","6":"product_brand-garofalo","7":"product_cat-makaronai","8":"product_cat-pasta","9":"product_tag-gragnano","10":"product_tag-igp","11":"product_tag-makaronai","12":"product_tag-pasta","13":"product_tag-pasta-di-gragnano-igp-indicazione-geografica-protetta-gragnano-makaronai-sgn-saugoma-geografine-nuoroda","15":"first","16":"instock","17":"sale","18":"taxable","19":"shipping-taxable","20":"purchasable","21":"product-type-simple"},"jetpack_publicize_connections":[],"jetpack_sharing_enabled":true,"_links":{"self":[{"href":"https:\/\/www.sologusto.com\/lt\/wp-json\/wp\/v2\/product\/9940","targetHints":{"allow":["GET"]}}],"collection":[{"href":"https:\/\/www.sologusto.com\/lt\/wp-json\/wp\/v2\/product"}],"about":[{"href":"https:\/\/www.sologusto.com\/lt\/wp-json\/wp\/v2\/types\/product"}],"wp:featuredmedia":[{"embeddable":true,"href":"https:\/\/www.sologusto.com\/lt\/wp-json\/wp\/v2\/media\/9971"}],"wp:attachment":[{"href":"https:\/\/www.sologusto.com\/lt\/wp-json\/wp\/v2\/media?parent=9940"}],"wp:term":[{"taxonomy":"product_brand","embeddable":true,"href":"https:\/\/www.sologusto.com\/lt\/wp-json\/wp\/v2\/product_brand?post=9940"},{"taxonomy":"product_cat","embeddable":true,"href":"https:\/\/www.sologusto.com\/lt\/wp-json\/wp\/v2\/product_cat?post=9940"},{"taxonomy":"product_tag","embeddable":true,"href":"https:\/\/www.sologusto.com\/lt\/wp-json\/wp\/v2\/product_tag?post=9940"}],"curies":[{"name":"wp","href":"https:\/\/api.w.org\/{rel}","templated":true}]}}