{"id":9938,"date":"2025-10-31T10:02:20","date_gmt":"2025-10-31T08:02:20","guid":{"rendered":"https:\/\/www.sologusto.com\/product\/rummo-221-spaghet-quad-500-gr"},"modified":"2026-01-11T11:49:07","modified_gmt":"2026-01-11T09:49:07","slug":"rummo-221-spaghet-quad-500-gr","status":"publish","type":"product","link":"https:\/\/www.sologusto.com\/lt\/produktas\/rummo-221-spaghet-quad-500-gr\/","title":{"rendered":"RUMMO Spaghetti Quadrati Grossi, Nr. 221, 500 g"},"content":{"rendered":"<p data-start=\"0\" data-end=\"53\"><strong data-start=\"0\" data-end=\"51\">RUMMO Spaghetti Quadrati Grossi, Nr. 221, 500 g<\/strong><\/p>\n<p data-start=\"55\" data-end=\"252\">Itali\u0161ki kvadratini\u0173 skerspj\u016bvio spaghetti makaronai, pagaminti i\u0161 kruop\u0161\u010diai atrinkt\u0173 kvietini\u0173 milt\u0173. Storas, tvirtas makaronas, puikiai sugeriantis pada\u017eus ir i\u0161laikantis tekst\u016br\u0105 virimo metu.<\/p>\n<p data-start=\"254\" data-end=\"305\" data-is-last-node=\"\" data-is-only-node=\"\"><strong data-start=\"254\" data-end=\"265\">Svoris:<\/strong> 500 g<br data-start=\"271\" data-end=\"274\" \/><strong data-start=\"274\" data-end=\"289\" data-is-only-node=\"\">Gamintojas:<\/strong> Rummo (Italija<\/p>","protected":false},"excerpt":{"rendered":"<p>RUMMO Spaghetti Quadrati Grossi, Nr. 221, 500 g Itali\u0161ki kvadratini\u0173 skerspj\u016bvio spaghetti makaronai, pagaminti i\u0161 kruop\u0161\u010diai atrinkt\u0173 kvietini\u0173 milt\u0173. Storas, tvirtas makaronas, puikiai sugeriantis pada\u017eus ir i\u0161laikantis tekst\u016br\u0105 virimo metu. [&hellip;]<\/p>\n","protected":false},"featured_media":9974,"template":"","meta":{"jetpack_publicize_message":"","jetpack_publicize_feature_enabled":true,"jetpack_social_post_already_shared":true,"jetpack_social_options":{"image_generator_settings":{"template":"highway","default_image_id":0,"font":"","enabled":false},"version":2}},"product_brand":[867],"product_cat":[214,55],"product_tag":[105,102],"class_list":{"0":"post-9938","1":"product","2":"type-product","3":"status-publish","4":"has-post-thumbnail","6":"product_brand-rummo","7":"product_cat-makaronai","8":"product_cat-pasta","9":"product_tag-makaronai","10":"product_tag-pasta","12":"first","13":"instock","14":"sale","15":"taxable","16":"shipping-taxable","17":"purchasable","18":"product-type-simple"},"jetpack_publicize_connections":[],"jetpack_sharing_enabled":true,"_links":{"self":[{"href":"https:\/\/www.sologusto.com\/lt\/wp-json\/wp\/v2\/product\/9938","targetHints":{"allow":["GET"]}}],"collection":[{"href":"https:\/\/www.sologusto.com\/lt\/wp-json\/wp\/v2\/product"}],"about":[{"href":"https:\/\/www.sologusto.com\/lt\/wp-json\/wp\/v2\/types\/product"}],"wp:featuredmedia":[{"embeddable":true,"href":"https:\/\/www.sologusto.com\/lt\/wp-json\/wp\/v2\/media\/9974"}],"wp:attachment":[{"href":"https:\/\/www.sologusto.com\/lt\/wp-json\/wp\/v2\/media?parent=9938"}],"wp:term":[{"taxonomy":"product_brand","embeddable":true,"href":"https:\/\/www.sologusto.com\/lt\/wp-json\/wp\/v2\/product_brand?post=9938"},{"taxonomy":"product_cat","embeddable":true,"href":"https:\/\/www.sologusto.com\/lt\/wp-json\/wp\/v2\/product_cat?post=9938"},{"taxonomy":"product_tag","embeddable":true,"href":"https:\/\/www.sologusto.com\/lt\/wp-json\/wp\/v2\/product_tag?post=9938"}],"curies":[{"name":"wp","href":"https:\/\/api.w.org\/{rel}","templated":true}]}}