{"id":9937,"date":"2025-10-31T10:02:19","date_gmt":"2025-10-31T08:02:19","guid":{"rendered":"https:\/\/www.sologusto.com\/product\/m-bianco-canestrini-200-gr"},"modified":"2026-01-11T11:49:07","modified_gmt":"2026-01-11T09:49:07","slug":"m-bianco-canestrini-200-gr","status":"publish","type":"product","link":"https:\/\/www.sologusto.com\/lt\/produktas\/m-bianco-canestrini-200-gr\/","title":{"rendered":"MULINO BIANCO Canestrini sausainiai, 200 g"},"content":{"rendered":"<p data-start=\"0\" data-end=\"48\"><strong data-start=\"0\" data-end=\"46\">MULINO BIANCO Canestrini sausainiai, 200 g<\/strong><\/p>\n<p data-start=\"50\" data-end=\"227\">Tradiciniai itali\u0161ki trap\u016bs sausainiai, idealiai tinkantys pusry\u010diams ar prie kavos. \u0160velnaus skonio, pagaminti i\u0161 kruop\u0161\u010diai atrinkt\u0173 ingredient\u0173, be konservant\u0173 ir da\u017eikli\u0173.<\/p>\n<p data-start=\"229\" data-end=\"288\" data-is-last-node=\"\" data-is-only-node=\"\"><strong data-start=\"229\" data-end=\"240\">Svoris:<\/strong> 200 g<br data-start=\"246\" data-end=\"249\" \/><strong data-start=\"249\" data-end=\"264\" data-is-only-node=\"\">Gamintojas:<\/strong> Mulino Bianco (Italija)<\/p>","protected":false},"excerpt":{"rendered":"<p>MULINO BIANCO Canestrini sausainiai, 200 g Tradiciniai itali\u0161ki trap\u016bs sausainiai, idealiai tinkantys pusry\u010diams ar prie kavos. \u0160velnaus skonio, pagaminti i\u0161 kruop\u0161\u010diai atrinkt\u0173 ingredient\u0173, be konservant\u0173 ir da\u017eikli\u0173. Svoris: 200 gGamintojas: [&hellip;]<\/p>\n","protected":false},"featured_media":9976,"template":"","meta":{"jetpack_publicize_message":"","jetpack_publicize_feature_enabled":true,"jetpack_social_post_already_shared":true,"jetpack_social_options":{"image_generator_settings":{"template":"highway","default_image_id":0,"font":"","enabled":false},"version":2}},"product_brand":[],"product_cat":[927],"product_tag":[],"class_list":{"0":"post-9937","1":"product","2":"type-product","3":"status-publish","4":"has-post-thumbnail","6":"product_cat-biscotti","8":"first","9":"instock","10":"sale","11":"taxable","12":"shipping-taxable","13":"purchasable","14":"product-type-simple"},"jetpack_publicize_connections":[],"jetpack_sharing_enabled":true,"_links":{"self":[{"href":"https:\/\/www.sologusto.com\/lt\/wp-json\/wp\/v2\/product\/9937","targetHints":{"allow":["GET"]}}],"collection":[{"href":"https:\/\/www.sologusto.com\/lt\/wp-json\/wp\/v2\/product"}],"about":[{"href":"https:\/\/www.sologusto.com\/lt\/wp-json\/wp\/v2\/types\/product"}],"wp:featuredmedia":[{"embeddable":true,"href":"https:\/\/www.sologusto.com\/lt\/wp-json\/wp\/v2\/media\/9976"}],"wp:attachment":[{"href":"https:\/\/www.sologusto.com\/lt\/wp-json\/wp\/v2\/media?parent=9937"}],"wp:term":[{"taxonomy":"product_brand","embeddable":true,"href":"https:\/\/www.sologusto.com\/lt\/wp-json\/wp\/v2\/product_brand?post=9937"},{"taxonomy":"product_cat","embeddable":true,"href":"https:\/\/www.sologusto.com\/lt\/wp-json\/wp\/v2\/product_cat?post=9937"},{"taxonomy":"product_tag","embeddable":true,"href":"https:\/\/www.sologusto.com\/lt\/wp-json\/wp\/v2\/product_tag?post=9937"}],"curies":[{"name":"wp","href":"https:\/\/api.w.org\/{rel}","templated":true}]}}