{"id":9934,"date":"2025-10-31T10:02:18","date_gmt":"2025-10-31T08:02:18","guid":{"rendered":"https:\/\/www.sologusto.com\/product\/caputo-farina-0-nuvola-1000-gr"},"modified":"2025-11-13T11:41:30","modified_gmt":"2025-11-13T09:41:30","slug":"caputo-farina-0-nuvola-1000-gr","status":"publish","type":"product","link":"https:\/\/www.sologusto.com\/lt\/produktas\/caputo-farina-0-nuvola-1000-gr\/","title":{"rendered":"CAPUTO Farina 0 Nuvola miltai, 1 kg"},"content":{"rendered":"<p data-start=\"0\" data-end=\"41\"><strong data-start=\"0\" data-end=\"39\">CAPUTO Farina 0 Nuvola miltai, 1 kg<\/strong><\/p>\n<p data-start=\"43\" data-end=\"202\">Auk\u0161tos kokyb\u0117s itali\u0161ki miltai tipo \u201e0\u201c, skirti kepimui ir picos te\u0161lai. \u0160velnios tekst\u016bros, u\u017etikrina puri\u0105 ir mink\u0161t\u0105 te\u0161l\u0105 bei autenti\u0161k\u0105 itali\u0161k\u0105 skon\u012f.<\/p>\n<p data-start=\"204\" data-end=\"255\" data-is-last-node=\"\" data-is-only-node=\"\"><strong data-start=\"204\" data-end=\"215\">Svoris:<\/strong> 1 kg<br data-start=\"220\" data-end=\"223\" \/><strong data-start=\"223\" data-end=\"238\" data-is-only-node=\"\">Gamintojas:<\/strong> Caputo (Italija)<\/p>","protected":false},"excerpt":{"rendered":"<p>CAPUTO Farina 0 Nuvola miltai, 1 kg Auk\u0161tos kokyb\u0117s itali\u0161ki miltai tipo \u201e0\u201c, skirti kepimui ir picos te\u0161lai. \u0160velnios tekst\u016bros, u\u017etikrina puri\u0105 ir mink\u0161t\u0105 te\u0161l\u0105 bei autenti\u0161k\u0105 itali\u0161k\u0105 skon\u012f. Svoris: [&hellip;]<\/p>\n","protected":false},"featured_media":9980,"template":"","meta":{"jetpack_publicize_message":"","jetpack_publicize_feature_enabled":true,"jetpack_social_post_already_shared":true,"jetpack_social_options":{"image_generator_settings":{"template":"highway","default_image_id":0,"font":"","enabled":false},"version":2}},"product_brand":[],"product_cat":[54],"product_tag":[428,206,63,942,62,943],"class_list":{"0":"post-9934","1":"product","2":"type-product","3":"status-publish","4":"has-post-thumbnail","6":"product_cat-miltai","7":"product_tag-1kg","8":"product_tag-caputo","9":"product_tag-farina","10":"product_tag-flower","11":"product_tag-miltai","12":"product_tag-nuvola","14":"first","15":"outofstock","16":"sale","17":"taxable","18":"shipping-taxable","19":"purchasable","20":"product-type-simple"},"jetpack_publicize_connections":[],"jetpack_sharing_enabled":true,"_links":{"self":[{"href":"https:\/\/www.sologusto.com\/lt\/wp-json\/wp\/v2\/product\/9934","targetHints":{"allow":["GET"]}}],"collection":[{"href":"https:\/\/www.sologusto.com\/lt\/wp-json\/wp\/v2\/product"}],"about":[{"href":"https:\/\/www.sologusto.com\/lt\/wp-json\/wp\/v2\/types\/product"}],"wp:featuredmedia":[{"embeddable":true,"href":"https:\/\/www.sologusto.com\/lt\/wp-json\/wp\/v2\/media\/9980"}],"wp:attachment":[{"href":"https:\/\/www.sologusto.com\/lt\/wp-json\/wp\/v2\/media?parent=9934"}],"wp:term":[{"taxonomy":"product_brand","embeddable":true,"href":"https:\/\/www.sologusto.com\/lt\/wp-json\/wp\/v2\/product_brand?post=9934"},{"taxonomy":"product_cat","embeddable":true,"href":"https:\/\/www.sologusto.com\/lt\/wp-json\/wp\/v2\/product_cat?post=9934"},{"taxonomy":"product_tag","embeddable":true,"href":"https:\/\/www.sologusto.com\/lt\/wp-json\/wp\/v2\/product_tag?post=9934"}],"curies":[{"name":"wp","href":"https:\/\/api.w.org\/{rel}","templated":true}]}}