{"id":9933,"date":"2025-10-31T10:02:18","date_gmt":"2025-10-31T08:02:18","guid":{"rendered":"https:\/\/www.sologusto.com\/product\/sale-marino-grosso-kg1-1-kg"},"modified":"2026-02-26T16:08:12","modified_gmt":"2026-02-26T14:08:12","slug":"sale-marino-grosso-kg1-1-kg","status":"publish","type":"product","link":"https:\/\/www.sologusto.com\/lt\/produktas\/sale-marino-grosso-kg1-1-kg\/","title":{"rendered":"I\u0160PARDAVIMAS MARINO GROSSO KG1 1 KG"},"content":{"rendered":"<p>Auk\u0161tos kokyb\u0117s itali\u0161kas produktas, puikiai tinkantis kasdieniam vartojimui.<\/p>","protected":false},"excerpt":{"rendered":"<p>Auk\u0161tos kokyb\u0117s itali\u0161kas produktas, puikiai tinkantis kasdieniam vartojimui.<\/p>","protected":false},"featured_media":10009,"template":"","meta":{"jetpack_publicize_message":"","jetpack_publicize_feature_enabled":true,"jetpack_social_post_already_shared":true,"jetpack_social_options":{"image_generator_settings":{"template":"highway","default_image_id":0,"font":"","enabled":false},"version":2}},"product_brand":[],"product_cat":[930],"product_tag":[932,931,933,934],"class_list":{"0":"post-9933","1":"product","2":"type-product","3":"status-publish","4":"has-post-thumbnail","6":"product_cat-aceto-sale-spezie","7":"product_tag-grosso","8":"product_tag-sale","9":"product_tag-sale-grosso","10":"product_tag-sale-grosso-marino","12":"first","13":"instock","14":"sale","15":"taxable","16":"shipping-taxable","17":"purchasable","18":"product-type-simple"},"jetpack_publicize_connections":[],"jetpack_sharing_enabled":true,"_links":{"self":[{"href":"https:\/\/www.sologusto.com\/lt\/wp-json\/wp\/v2\/product\/9933","targetHints":{"allow":["GET"]}}],"collection":[{"href":"https:\/\/www.sologusto.com\/lt\/wp-json\/wp\/v2\/product"}],"about":[{"href":"https:\/\/www.sologusto.com\/lt\/wp-json\/wp\/v2\/types\/product"}],"wp:featuredmedia":[{"embeddable":true,"href":"https:\/\/www.sologusto.com\/lt\/wp-json\/wp\/v2\/media\/10009"}],"wp:attachment":[{"href":"https:\/\/www.sologusto.com\/lt\/wp-json\/wp\/v2\/media?parent=9933"}],"wp:term":[{"taxonomy":"product_brand","embeddable":true,"href":"https:\/\/www.sologusto.com\/lt\/wp-json\/wp\/v2\/product_brand?post=9933"},{"taxonomy":"product_cat","embeddable":true,"href":"https:\/\/www.sologusto.com\/lt\/wp-json\/wp\/v2\/product_cat?post=9933"},{"taxonomy":"product_tag","embeddable":true,"href":"https:\/\/www.sologusto.com\/lt\/wp-json\/wp\/v2\/product_tag?post=9933"}],"curies":[{"name":"wp","href":"https:\/\/api.w.org\/{rel}","templated":true}]}}