{"id":9932,"date":"2025-10-31T10:02:18","date_gmt":"2025-10-31T08:02:18","guid":{"rendered":"https:\/\/www.sologusto.com\/product\/curti-carnaroli-kg-1-1000-gr"},"modified":"2026-01-11T11:49:07","modified_gmt":"2026-01-11T09:49:07","slug":"curti-carnaroli-kg-1-1000-gr","status":"publish","type":"product","link":"https:\/\/www.sologusto.com\/lt\/produktas\/curti-carnaroli-kg-1-1000-gr\/","title":{"rendered":"CURTIRISO Carnaroli ry\u017eiai, 1 kg"},"content":{"rendered":"<p data-start=\"0\" data-end=\"38\"><strong data-start=\"0\" data-end=\"36\">CURTIRISO Carnaroli ry\u017eiai, 1 kg<\/strong><\/p>\n<p data-start=\"40\" data-end=\"195\">Itali\u0161ki Carnaroli ry\u017eiai, puikiai tinkantys risotto patiekalams. I\u0161laiko kremin\u0119 tekst\u016br\u0105 virimo metu ir suteikia patiekalams autenti\u0161k\u0105 itali\u0161k\u0105 skon\u012f.<\/p>\n<p data-start=\"197\" data-end=\"251\" data-is-last-node=\"\" data-is-only-node=\"\"><strong data-start=\"197\" data-end=\"208\">Svoris:<\/strong> 1 kg<br data-start=\"213\" data-end=\"216\" \/><strong data-start=\"216\" data-end=\"231\" data-is-only-node=\"\">Gamintojas:<\/strong> Curtiriso (Italija)<\/p>","protected":false},"excerpt":{"rendered":"<p>CURTIRISO Carnaroli ry\u017eiai, 1 kg Itali\u0161ki Carnaroli ry\u017eiai, puikiai tinkantys risotto patiekalams. I\u0161laiko kremin\u0119 tekst\u016br\u0105 virimo metu ir suteikia patiekalams autenti\u0161k\u0105 itali\u0161k\u0105 skon\u012f. Svoris: 1 kgGamintojas: Curtiriso (Italija)<\/p>","protected":false},"featured_media":9978,"template":"","meta":{"jetpack_publicize_message":"","jetpack_publicize_feature_enabled":true,"jetpack_social_post_already_shared":true,"jetpack_social_options":{"image_generator_settings":{"template":"highway","default_image_id":0,"font":"","enabled":false},"version":2}},"product_brand":[],"product_cat":[926],"product_tag":[],"class_list":{"0":"post-9932","1":"product","2":"type-product","3":"status-publish","4":"has-post-thumbnail","6":"product_cat-ryziai-2","8":"first","9":"instock","10":"sale","11":"taxable","12":"shipping-taxable","13":"purchasable","14":"product-type-simple"},"jetpack_publicize_connections":[],"jetpack_sharing_enabled":true,"_links":{"self":[{"href":"https:\/\/www.sologusto.com\/lt\/wp-json\/wp\/v2\/product\/9932","targetHints":{"allow":["GET"]}}],"collection":[{"href":"https:\/\/www.sologusto.com\/lt\/wp-json\/wp\/v2\/product"}],"about":[{"href":"https:\/\/www.sologusto.com\/lt\/wp-json\/wp\/v2\/types\/product"}],"wp:featuredmedia":[{"embeddable":true,"href":"https:\/\/www.sologusto.com\/lt\/wp-json\/wp\/v2\/media\/9978"}],"wp:attachment":[{"href":"https:\/\/www.sologusto.com\/lt\/wp-json\/wp\/v2\/media?parent=9932"}],"wp:term":[{"taxonomy":"product_brand","embeddable":true,"href":"https:\/\/www.sologusto.com\/lt\/wp-json\/wp\/v2\/product_brand?post=9932"},{"taxonomy":"product_cat","embeddable":true,"href":"https:\/\/www.sologusto.com\/lt\/wp-json\/wp\/v2\/product_cat?post=9932"},{"taxonomy":"product_tag","embeddable":true,"href":"https:\/\/www.sologusto.com\/lt\/wp-json\/wp\/v2\/product_tag?post=9932"}],"curies":[{"name":"wp","href":"https:\/\/api.w.org\/{rel}","templated":true}]}}