{"id":9930,"date":"2025-10-31T10:02:17","date_gmt":"2025-10-31T08:02:17","guid":{"rendered":"https:\/\/www.sologusto.com\/product\/s-pelleg-chino-new-1200-ml"},"modified":"2026-03-12T14:27:48","modified_gmt":"2026-03-12T12:27:48","slug":"s-pelleg-chino-new-1200-ml","status":"publish","type":"product","link":"https:\/\/www.sologusto.com\/lt\/produktas\/s-pelleg-chino-new-1200-ml\/","title":{"rendered":"SANPELLEGRINO Chin\u00f2 \u2013 apelsin\u0173 ir chinoto gazuotas g\u0117rimas, 1,2 L"},"content":{"rendered":"<p data-start=\"0\" data-end=\"71\"><strong data-start=\"0\" data-end=\"69\">SANPELLEGRINO Chin\u00f2 \u2013 apelsin\u0173 ir chinino gazuotas g\u0117rimas, 1,2 L<\/strong><\/p>\n<p data-start=\"73\" data-end=\"200\">Itali\u0161kas gaivusis g\u0117rimas su apelsin\u0173 ir chinino skoniu, \u0161iek tiek kartus, idealiai tinka atsigaivinti arba kaip aperityvas.<\/p>\n<p data-start=\"202\" data-end=\"260\" data-is-last-node=\"\" data-is-only-node=\"\"><strong data-start=\"202\" data-end=\"212\">Talpa:<\/strong> 1,2 L<br data-start=\"218\" data-end=\"221\" \/><strong data-start=\"221\" data-end=\"236\" data-is-only-node=\"\">Gamintojas:<\/strong> Sanpellegrino (Italija)<\/p>","protected":false},"excerpt":{"rendered":"<p>SANPELLEGRINO Chin\u00f2 \u2013 apelsin\u0173 ir chinino gazuotas g\u0117rimas, 1,2 L Itali\u0161kas gaivusis g\u0117rimas su apelsin\u0173 ir chinino skoniu, \u0161iek tiek kartus, idealiai tinka atsigaivinti arba kaip aperityvas. Talpa: 1,2 LGamintojas: [&hellip;]<\/p>\n","protected":false},"featured_media":9984,"template":"","meta":{"jetpack_publicize_message":"","jetpack_publicize_feature_enabled":true,"jetpack_social_post_already_shared":true,"jetpack_social_options":{"image_generator_settings":{"template":"highway","default_image_id":0,"font":"","enabled":false},"version":2}},"product_brand":[],"product_cat":[287],"product_tag":[922],"class_list":{"0":"post-9930","1":"product","2":"type-product","3":"status-publish","4":"has-post-thumbnail","6":"product_cat-gerimai","7":"product_tag-grimai","9":"first","10":"outofstock","11":"sale","12":"taxable","13":"shipping-taxable","14":"purchasable","15":"product-type-simple"},"jetpack_publicize_connections":[],"jetpack_sharing_enabled":true,"_links":{"self":[{"href":"https:\/\/www.sologusto.com\/lt\/wp-json\/wp\/v2\/product\/9930","targetHints":{"allow":["GET"]}}],"collection":[{"href":"https:\/\/www.sologusto.com\/lt\/wp-json\/wp\/v2\/product"}],"about":[{"href":"https:\/\/www.sologusto.com\/lt\/wp-json\/wp\/v2\/types\/product"}],"wp:featuredmedia":[{"embeddable":true,"href":"https:\/\/www.sologusto.com\/lt\/wp-json\/wp\/v2\/media\/9984"}],"wp:attachment":[{"href":"https:\/\/www.sologusto.com\/lt\/wp-json\/wp\/v2\/media?parent=9930"}],"wp:term":[{"taxonomy":"product_brand","embeddable":true,"href":"https:\/\/www.sologusto.com\/lt\/wp-json\/wp\/v2\/product_brand?post=9930"},{"taxonomy":"product_cat","embeddable":true,"href":"https:\/\/www.sologusto.com\/lt\/wp-json\/wp\/v2\/product_cat?post=9930"},{"taxonomy":"product_tag","embeddable":true,"href":"https:\/\/www.sologusto.com\/lt\/wp-json\/wp\/v2\/product_tag?post=9930"}],"curies":[{"name":"wp","href":"https:\/\/api.w.org\/{rel}","templated":true}]}}