{"id":9929,"date":"2025-10-31T10:02:17","date_gmt":"2025-10-31T08:02:17","guid":{"rendered":"https:\/\/www.sologusto.com\/product\/s-pellegrino-aranciat-330-ml"},"modified":"2026-02-26T16:08:13","modified_gmt":"2026-02-26T14:08:13","slug":"s-pellegrino-aranciat-330-ml","status":"publish","type":"product","link":"https:\/\/www.sologusto.com\/lt\/produktas\/s-pellegrino-aranciat-330-ml\/","title":{"rendered":"SANPELLEGRINO Aranciata \u2013 apelsin\u0173 gazuotas g\u0117rimas, 330 ml"},"content":{"rendered":"<p data-start=\"0\" data-end=\"65\"><strong data-start=\"0\" data-end=\"63\">SANPELLEGRINO Aranciata \u2013 apelsin\u0173 gazuotas g\u0117rimas, 330 ml<\/strong><\/p>\n<p data-start=\"67\" data-end=\"203\">Itali\u0161kas gaivusis g\u0117rimas su nat\u016bralaus apelsin\u0173 sul\u010di\u0173 skoniu. \u0160iek tiek gazuotas, puikiai tinka atsigaivinti bet kuriuo paros metu.<\/p>\n<p data-start=\"205\" data-end=\"264\" data-is-last-node=\"\" data-is-only-node=\"\"><strong data-start=\"205\" data-end=\"215\">Talpa:<\/strong> 330 ml<br data-start=\"222\" data-end=\"225\" \/><strong data-start=\"225\" data-end=\"240\" data-is-only-node=\"\">Gamintojas:<\/strong> Sanpellegrino (Italija)<\/p>\n<p>.<\/p>","protected":false},"excerpt":{"rendered":"<p>SANPELLEGRINO Aranciata \u2013 apelsin\u0173 gazuotas g\u0117rimas, 330 ml Itali\u0161kas gaivusis g\u0117rimas su nat\u016bralaus apelsin\u0173 sul\u010di\u0173 skoniu. \u0160iek tiek gazuotas, puikiai tinka atsigaivinti bet kuriuo paros metu. Talpa: 330 mlGamintojas: Sanpellegrino [&hellip;]<\/p>\n","protected":false},"featured_media":9981,"template":"","meta":{"jetpack_publicize_message":"","jetpack_publicize_feature_enabled":true,"jetpack_social_post_already_shared":true,"jetpack_social_options":{"image_generator_settings":{"template":"highway","default_image_id":0,"font":"","enabled":false},"version":2}},"product_brand":[],"product_cat":[287],"product_tag":[922],"class_list":{"0":"post-9929","1":"product","2":"type-product","3":"status-publish","4":"has-post-thumbnail","6":"product_cat-gerimai","7":"product_tag-grimai","9":"first","10":"instock","11":"sale","12":"taxable","13":"shipping-taxable","14":"purchasable","15":"product-type-simple"},"jetpack_publicize_connections":[],"jetpack_sharing_enabled":true,"_links":{"self":[{"href":"https:\/\/www.sologusto.com\/lt\/wp-json\/wp\/v2\/product\/9929","targetHints":{"allow":["GET"]}}],"collection":[{"href":"https:\/\/www.sologusto.com\/lt\/wp-json\/wp\/v2\/product"}],"about":[{"href":"https:\/\/www.sologusto.com\/lt\/wp-json\/wp\/v2\/types\/product"}],"wp:featuredmedia":[{"embeddable":true,"href":"https:\/\/www.sologusto.com\/lt\/wp-json\/wp\/v2\/media\/9981"}],"wp:attachment":[{"href":"https:\/\/www.sologusto.com\/lt\/wp-json\/wp\/v2\/media?parent=9929"}],"wp:term":[{"taxonomy":"product_brand","embeddable":true,"href":"https:\/\/www.sologusto.com\/lt\/wp-json\/wp\/v2\/product_brand?post=9929"},{"taxonomy":"product_cat","embeddable":true,"href":"https:\/\/www.sologusto.com\/lt\/wp-json\/wp\/v2\/product_cat?post=9929"},{"taxonomy":"product_tag","embeddable":true,"href":"https:\/\/www.sologusto.com\/lt\/wp-json\/wp\/v2\/product_tag?post=9929"}],"curies":[{"name":"wp","href":"https:\/\/api.w.org\/{rel}","templated":true}]}}