{"id":9928,"date":"2025-10-31T10:02:16","date_gmt":"2025-10-31T08:02:16","guid":{"rendered":"https:\/\/www.sologusto.com\/product\/s-pellegrino-limonata-330-ml"},"modified":"2026-03-12T14:27:48","modified_gmt":"2026-03-12T12:27:48","slug":"s-pellegrino-limonata-330-ml","status":"publish","type":"product","link":"https:\/\/www.sologusto.com\/lt\/produktas\/s-pellegrino-limonata-330-ml\/","title":{"rendered":"S.PELLEGRINO LIMONATA 330 ML"},"content":{"rendered":"<p data-start=\"0\" data-end=\"63\"><strong data-start=\"0\" data-end=\"61\">SANPELLEGRINO Limonata \u2013 citrin\u0173 gazuotas g\u0117rimas, 330 ml<\/strong><\/p>\n<p data-start=\"65\" data-end=\"198\">Gaivus itali\u0161kas g\u0117rimas su nat\u016bralaus citrin\u0173 sul\u010di\u0173 skoniu. \u0160iek tiek gazuotas, puikiai tinka atsigaivinti bet kuriuo paros metu.<\/p>\n<p data-start=\"200\" data-end=\"259\" data-is-last-node=\"\" data-is-only-node=\"\"><strong data-start=\"200\" data-end=\"210\">Talpa:<\/strong>\u00a0330 ml<br data-start=\"217\" data-end=\"220\" \/><strong data-start=\"220\" data-end=\"235\" data-is-only-node=\"\">Gamintojas:<\/strong>\u00a0Sanpellegrino (Italija)<\/p>\n<p>&nbsp;<\/p>","protected":false},"excerpt":{"rendered":"<p>SANPELLEGRINO Limonata \u2013 citrin\u0173 gazuotas g\u0117rimas, 330 ml Gaivus itali\u0161kas g\u0117rimas su nat\u016bralaus citrin\u0173 sul\u010di\u0173 skoniu. \u0160iek tiek gazuotas, puikiai tinka atsigaivinti bet kuriuo paros metu. Talpa:\u00a0330 mlGamintojas:\u00a0Sanpellegrino (Italija) &nbsp;<\/p>","protected":false},"featured_media":9989,"template":"","meta":{"jetpack_publicize_message":"","jetpack_publicize_feature_enabled":true,"jetpack_social_post_already_shared":true,"jetpack_social_options":{"image_generator_settings":{"template":"highway","default_image_id":0,"font":"","enabled":false},"version":2}},"product_brand":[],"product_cat":[287],"product_tag":[922],"class_list":{"0":"post-9928","1":"product","2":"type-product","3":"status-publish","4":"has-post-thumbnail","6":"product_cat-gerimai","7":"product_tag-grimai","9":"first","10":"instock","11":"sale","12":"taxable","13":"shipping-taxable","14":"purchasable","15":"product-type-simple"},"jetpack_publicize_connections":[],"jetpack_sharing_enabled":true,"_links":{"self":[{"href":"https:\/\/www.sologusto.com\/lt\/wp-json\/wp\/v2\/product\/9928","targetHints":{"allow":["GET"]}}],"collection":[{"href":"https:\/\/www.sologusto.com\/lt\/wp-json\/wp\/v2\/product"}],"about":[{"href":"https:\/\/www.sologusto.com\/lt\/wp-json\/wp\/v2\/types\/product"}],"wp:featuredmedia":[{"embeddable":true,"href":"https:\/\/www.sologusto.com\/lt\/wp-json\/wp\/v2\/media\/9989"}],"wp:attachment":[{"href":"https:\/\/www.sologusto.com\/lt\/wp-json\/wp\/v2\/media?parent=9928"}],"wp:term":[{"taxonomy":"product_brand","embeddable":true,"href":"https:\/\/www.sologusto.com\/lt\/wp-json\/wp\/v2\/product_brand?post=9928"},{"taxonomy":"product_cat","embeddable":true,"href":"https:\/\/www.sologusto.com\/lt\/wp-json\/wp\/v2\/product_cat?post=9928"},{"taxonomy":"product_tag","embeddable":true,"href":"https:\/\/www.sologusto.com\/lt\/wp-json\/wp\/v2\/product_tag?post=9928"}],"curies":[{"name":"wp","href":"https:\/\/api.w.org\/{rel}","templated":true}]}}