{"id":9926,"date":"2025-10-31T10:02:16","date_gmt":"2025-10-31T08:02:16","guid":{"rendered":"https:\/\/www.sologusto.com\/product\/garofalo-1-2-maniche-r-500-gr"},"modified":"2026-03-12T14:27:48","modified_gmt":"2026-03-12T12:27:48","slug":"garofalo-1-2-maniche-r-500-gr","status":"publish","type":"product","link":"https:\/\/www.sologusto.com\/lt\/produktas\/garofalo-1-2-maniche-r-500-gr\/","title":{"rendered":"GAROFALO Mezze Maniche Rigate makaronai i\u0161 semolin\u0173, 500 g"},"content":{"rendered":"<p data-start=\"0\" data-end=\"64\"><strong data-start=\"0\" data-end=\"62\">GAROFALO Mezze Maniche Rigate makaronai i\u0161 semolin\u0173, 500 g<\/strong><\/p>\n<p data-start=\"66\" data-end=\"296\">Tradiciniai itali\u0161ki mezze maniche rigate makaronai, pagaminti i\u0161 kruop\u0161\u010diai atrinkt\u0173 kvietini\u0173 semolin\u0173. Vamzdelio formos makaronai su grioveliais puikiai sugeria pada\u017eus, tod\u0117l idealiai tinka \u012fvairiems itali\u0161kiems patiekalams.<\/p>\n<p data-start=\"298\" data-end=\"352\" data-is-last-node=\"\" data-is-only-node=\"\"><strong data-start=\"298\" data-end=\"309\">Svoris:<\/strong> 500 g<br data-start=\"315\" data-end=\"318\" \/><strong data-start=\"318\" data-end=\"333\" data-is-only-node=\"\">Gamintojas:<\/strong> Garofalo (Italija)<\/p>\n<p data-start=\"298\" data-end=\"352\" data-is-last-node=\"\" data-is-only-node=\"\"><strong>Gragnano makaronai SGN<\/strong><br \/>\n<strong>Saugoma geografin\u0117 nuoroda<\/strong><\/p>","protected":false},"excerpt":{"rendered":"<p>Pasta di Gragnano IGP<br \/>\nIndicazione Geografica Protetta<\/p>\n<p>&#8212;<\/p>\n<p>Gragnano makaronai SGN<br \/>\nSaugoma geografin\u0117 nuoroda<\/p>","protected":false},"featured_media":9987,"template":"","meta":{"jetpack_publicize_message":"","jetpack_publicize_feature_enabled":true,"jetpack_social_post_already_shared":true,"jetpack_social_options":{"image_generator_settings":{"template":"highway","default_image_id":0,"font":"","enabled":false},"version":2}},"product_brand":[929],"product_cat":[214,55],"product_tag":[947,764,105,102,946],"class_list":{"0":"post-9926","1":"product","2":"type-product","3":"status-publish","4":"has-post-thumbnail","6":"product_brand-garofalo","7":"product_cat-makaronai","8":"product_cat-pasta","9":"product_tag-gragnano","10":"product_tag-igp","11":"product_tag-makaronai","12":"product_tag-pasta","13":"product_tag-pasta-di-gragnano-igp-indicazione-geografica-protetta-gragnano-makaronai-sgn-saugoma-geografine-nuoroda","15":"first","16":"instock","17":"sale","18":"taxable","19":"shipping-taxable","20":"purchasable","21":"product-type-simple"},"jetpack_publicize_connections":[],"jetpack_sharing_enabled":true,"_links":{"self":[{"href":"https:\/\/www.sologusto.com\/lt\/wp-json\/wp\/v2\/product\/9926","targetHints":{"allow":["GET"]}}],"collection":[{"href":"https:\/\/www.sologusto.com\/lt\/wp-json\/wp\/v2\/product"}],"about":[{"href":"https:\/\/www.sologusto.com\/lt\/wp-json\/wp\/v2\/types\/product"}],"wp:featuredmedia":[{"embeddable":true,"href":"https:\/\/www.sologusto.com\/lt\/wp-json\/wp\/v2\/media\/9987"}],"wp:attachment":[{"href":"https:\/\/www.sologusto.com\/lt\/wp-json\/wp\/v2\/media?parent=9926"}],"wp:term":[{"taxonomy":"product_brand","embeddable":true,"href":"https:\/\/www.sologusto.com\/lt\/wp-json\/wp\/v2\/product_brand?post=9926"},{"taxonomy":"product_cat","embeddable":true,"href":"https:\/\/www.sologusto.com\/lt\/wp-json\/wp\/v2\/product_cat?post=9926"},{"taxonomy":"product_tag","embeddable":true,"href":"https:\/\/www.sologusto.com\/lt\/wp-json\/wp\/v2\/product_tag?post=9926"}],"curies":[{"name":"wp","href":"https:\/\/api.w.org\/{rel}","templated":true}]}}