{"id":9925,"date":"2025-10-31T10:02:15","date_gmt":"2025-10-31T08:02:15","guid":{"rendered":"https:\/\/www.sologusto.com\/product\/colgate-total-whitenin-100-ml"},"modified":"2026-01-11T11:52:15","modified_gmt":"2026-01-11T09:52:15","slug":"colgate-total-whitenin-100-ml","status":"publish","type":"product","link":"https:\/\/www.sologusto.com\/lt\/produktas\/colgate-total-whitenin-100-ml\/","title":{"rendered":"COLGATE TOTAL WHITENIN 100 ML"},"content":{"rendered":"<p data-start=\"0\" data-end=\"49\"><strong data-start=\"0\" data-end=\"47\">COLGATE Total Whitening dant\u0173 pasta, 100 ml<\/strong><\/p>\n<p data-start=\"51\" data-end=\"177\">Dant\u0173 pasta su balinan\u010diomis savyb\u0117mis, padeda pa\u0161alinti d\u0117mes ir apsaugoti dantis nuo karieso. Tinka kasdieniam naudojimui.<\/p>\n<p data-start=\"179\" data-end=\"222\" data-is-last-node=\"\" data-is-only-node=\"\"><strong data-start=\"179\" data-end=\"189\">Talpa:<\/strong> 100 ml<br data-start=\"196\" data-end=\"199\" \/><strong data-start=\"199\" data-end=\"214\" data-is-only-node=\"\">Gamintojas:<\/strong> Colgate<\/p>","protected":false},"excerpt":{"rendered":"<p>COLGATE Total Whitening dant\u0173 pasta, 100 ml Dant\u0173 pasta su balinan\u010diomis savyb\u0117mis, padeda pa\u0161alinti d\u0117mes ir apsaugoti dantis nuo karieso. Tinka kasdieniam naudojimui. Talpa: 100 mlGamintojas: Colgate<\/p>","protected":false},"featured_media":9996,"template":"","meta":{"jetpack_publicize_message":"","jetpack_publicize_feature_enabled":true,"jetpack_social_post_already_shared":true,"jetpack_social_options":{"image_generator_settings":{"template":"highway","default_image_id":0,"font":"","enabled":false},"version":2}},"product_brand":[],"product_cat":[924],"product_tag":[],"class_list":{"0":"post-9925","1":"product","2":"type-product","3":"status-publish","4":"has-post-thumbnail","6":"product_cat-dantu-pasta","8":"first","9":"instock","10":"sale","11":"taxable","12":"shipping-taxable","13":"purchasable","14":"product-type-simple"},"jetpack_publicize_connections":[],"jetpack_sharing_enabled":true,"_links":{"self":[{"href":"https:\/\/www.sologusto.com\/lt\/wp-json\/wp\/v2\/product\/9925","targetHints":{"allow":["GET"]}}],"collection":[{"href":"https:\/\/www.sologusto.com\/lt\/wp-json\/wp\/v2\/product"}],"about":[{"href":"https:\/\/www.sologusto.com\/lt\/wp-json\/wp\/v2\/types\/product"}],"wp:featuredmedia":[{"embeddable":true,"href":"https:\/\/www.sologusto.com\/lt\/wp-json\/wp\/v2\/media\/9996"}],"wp:attachment":[{"href":"https:\/\/www.sologusto.com\/lt\/wp-json\/wp\/v2\/media?parent=9925"}],"wp:term":[{"taxonomy":"product_brand","embeddable":true,"href":"https:\/\/www.sologusto.com\/lt\/wp-json\/wp\/v2\/product_brand?post=9925"},{"taxonomy":"product_cat","embeddable":true,"href":"https:\/\/www.sologusto.com\/lt\/wp-json\/wp\/v2\/product_cat?post=9925"},{"taxonomy":"product_tag","embeddable":true,"href":"https:\/\/www.sologusto.com\/lt\/wp-json\/wp\/v2\/product_tag?post=9925"}],"curies":[{"name":"wp","href":"https:\/\/api.w.org\/{rel}","templated":true}]}}