{"id":9924,"date":"2025-10-31T10:02:15","date_gmt":"2025-10-31T08:02:15","guid":{"rendered":"https:\/\/www.sologusto.com\/product\/callipo-tonno-o-o-70x3-210-gr"},"modified":"2026-02-26T16:08:12","modified_gmt":"2026-02-26T14:08:12","slug":"callipo-tonno-o-o-70x3-210-gr","status":"publish","type":"product","link":"https:\/\/www.sologusto.com\/lt\/produktas\/callipo-tonno-o-o-70x3-210-gr\/","title":{"rendered":"CALLIPO tunas aliejuje, 3 x 70 g (210 g)"},"content":{"rendered":"<p data-start=\"0\" data-end=\"46\"><strong data-start=\"0\" data-end=\"44\">CALLIPO tunas aliejuje, 3 x 70 g (210 g)<\/strong><\/p>\n<p data-start=\"48\" data-end=\"196\">Auk\u0161tos kokyb\u0117s itali\u0161kas tunas nat\u016braliame alyvuogi\u0173 aliejuje. Puikiai tinka salotoms, sumu\u0161tiniams arba tiesiog vartojimui tiesiai i\u0161 skardin\u0117s.<\/p>\n<p data-start=\"198\" data-end=\"274\" data-is-last-node=\"\" data-is-only-node=\"\"><strong data-start=\"198\" data-end=\"209\">Kiekis:<\/strong> 3 x 70 g<br data-start=\"218\" data-end=\"221\" \/><strong data-start=\"221\" data-end=\"232\" data-is-only-node=\"\">Svoris:<\/strong> 210 g<br data-start=\"238\" data-end=\"241\" \/><strong data-start=\"241\" data-end=\"256\">Gamintojas:<\/strong> Callipo (Italija)<\/p>","protected":false},"excerpt":{"rendered":"<p>CALLIPO tunas aliejuje, 3 x 70 g (210 g) Auk\u0161tos kokyb\u0117s itali\u0161kas tunas nat\u016braliame alyvuogi\u0173 aliejuje. Puikiai tinka salotoms, sumu\u0161tiniams arba tiesiog vartojimui tiesiai i\u0161 skardin\u0117s. Kiekis: 3 x 70 [&hellip;]<\/p>\n","protected":false},"featured_media":9995,"template":"","meta":{"jetpack_publicize_message":"","jetpack_publicize_feature_enabled":true,"jetpack_social_post_already_shared":true,"jetpack_social_options":{"image_generator_settings":{"template":"highway","default_image_id":0,"font":"","enabled":false},"version":2}},"product_brand":[],"product_cat":[923],"product_tag":[],"class_list":{"0":"post-9924","1":"product","2":"type-product","3":"status-publish","4":"has-post-thumbnail","6":"product_cat-tuna","8":"first","9":"instock","10":"sale","11":"taxable","12":"shipping-taxable","13":"purchasable","14":"product-type-simple"},"jetpack_publicize_connections":[],"jetpack_sharing_enabled":true,"_links":{"self":[{"href":"https:\/\/www.sologusto.com\/lt\/wp-json\/wp\/v2\/product\/9924","targetHints":{"allow":["GET"]}}],"collection":[{"href":"https:\/\/www.sologusto.com\/lt\/wp-json\/wp\/v2\/product"}],"about":[{"href":"https:\/\/www.sologusto.com\/lt\/wp-json\/wp\/v2\/types\/product"}],"wp:featuredmedia":[{"embeddable":true,"href":"https:\/\/www.sologusto.com\/lt\/wp-json\/wp\/v2\/media\/9995"}],"wp:attachment":[{"href":"https:\/\/www.sologusto.com\/lt\/wp-json\/wp\/v2\/media?parent=9924"}],"wp:term":[{"taxonomy":"product_brand","embeddable":true,"href":"https:\/\/www.sologusto.com\/lt\/wp-json\/wp\/v2\/product_brand?post=9924"},{"taxonomy":"product_cat","embeddable":true,"href":"https:\/\/www.sologusto.com\/lt\/wp-json\/wp\/v2\/product_cat?post=9924"},{"taxonomy":"product_tag","embeddable":true,"href":"https:\/\/www.sologusto.com\/lt\/wp-json\/wp\/v2\/product_tag?post=9924"}],"curies":[{"name":"wp","href":"https:\/\/api.w.org\/{rel}","templated":true}]}}