{"id":9923,"date":"2025-10-31T10:02:15","date_gmt":"2025-10-31T08:02:15","guid":{"rendered":"https:\/\/www.sologusto.com\/product\/ferrarelle-acqua-eff-1500-ml"},"modified":"2026-03-12T14:27:48","modified_gmt":"2026-03-12T12:27:48","slug":"ferrarelle-acqua-eff-1500-ml","status":"publish","type":"product","link":"https:\/\/www.sologusto.com\/lt\/produktas\/ferrarelle-acqua-eff-1500-ml\/","title":{"rendered":"FERRARELLE.ACQUA EFF. 1500 ML"},"content":{"rendered":"<p data-start=\"0\" data-end=\"56\"><strong data-start=\"0\" data-end=\"54\">FERRARELLE gazuotas mineralinis vanduo, PET, 1,5 L<\/strong><\/p>\n<p data-start=\"58\" data-end=\"173\">Itali\u0161kas nat\u016bralus mineralinis vanduo su nat\u016braliu burbuliavimu. Puikiai gaivina ir tinka kasdieniam vartojimui.<\/p>\n<p data-start=\"175\" data-end=\"230\" data-is-last-node=\"\" data-is-only-node=\"\"><strong data-start=\"175\" data-end=\"185\">Talpa:<\/strong> 1,5 L<br data-start=\"191\" data-end=\"194\" \/><strong data-start=\"194\" data-end=\"209\" data-is-only-node=\"\">Gamintojas:<\/strong> Ferrarelle (Italija)<\/p>","protected":false},"excerpt":{"rendered":"<p>FERRARELLE gazuotas mineralinis vanduo, PET, 1,5 L Itali\u0161kas nat\u016bralus mineralinis vanduo su nat\u016braliu burbuliavimu. Puikiai gaivina ir tinka kasdieniam vartojimui. Talpa: 1,5 LGamintojas: Ferrarelle (Italija)<\/p>","protected":false},"featured_media":9992,"template":"","meta":{"jetpack_publicize_message":"","jetpack_publicize_feature_enabled":true,"jetpack_social_post_already_shared":true,"jetpack_social_options":{"image_generator_settings":{"template":"highway","default_image_id":0,"font":"","enabled":false},"version":2}},"product_brand":[935],"product_cat":[287,349],"product_tag":[350,936,289,351],"class_list":{"0":"post-9923","1":"product","2":"type-product","3":"status-publish","4":"has-post-thumbnail","6":"product_brand-ferrarelle","7":"product_cat-gerimai","8":"product_cat-vandens","9":"product_tag-acqua","10":"product_tag-ferrarelle","11":"product_tag-gerimai","12":"product_tag-vandens","14":"first","15":"instock","16":"sale","17":"taxable","18":"shipping-taxable","19":"purchasable","20":"product-type-simple"},"jetpack_publicize_connections":[],"jetpack_sharing_enabled":true,"_links":{"self":[{"href":"https:\/\/www.sologusto.com\/lt\/wp-json\/wp\/v2\/product\/9923","targetHints":{"allow":["GET"]}}],"collection":[{"href":"https:\/\/www.sologusto.com\/lt\/wp-json\/wp\/v2\/product"}],"about":[{"href":"https:\/\/www.sologusto.com\/lt\/wp-json\/wp\/v2\/types\/product"}],"wp:featuredmedia":[{"embeddable":true,"href":"https:\/\/www.sologusto.com\/lt\/wp-json\/wp\/v2\/media\/9992"}],"wp:attachment":[{"href":"https:\/\/www.sologusto.com\/lt\/wp-json\/wp\/v2\/media?parent=9923"}],"wp:term":[{"taxonomy":"product_brand","embeddable":true,"href":"https:\/\/www.sologusto.com\/lt\/wp-json\/wp\/v2\/product_brand?post=9923"},{"taxonomy":"product_cat","embeddable":true,"href":"https:\/\/www.sologusto.com\/lt\/wp-json\/wp\/v2\/product_cat?post=9923"},{"taxonomy":"product_tag","embeddable":true,"href":"https:\/\/www.sologusto.com\/lt\/wp-json\/wp\/v2\/product_tag?post=9923"}],"curies":[{"name":"wp","href":"https:\/\/api.w.org\/{rel}","templated":true}]}}