{"id":9874,"date":"2025-10-26T09:08:57","date_gmt":"2025-10-26T07:08:57","guid":{"rendered":"https:\/\/www.sologusto.com\/?post_type=product&#038;p=9874"},"modified":"2026-02-26T16:08:12","modified_gmt":"2026-02-26T14:08:12","slug":"ypac-tyras-alyvuogiu-aliejus-monokultivarinis-alyvuogiu-aliejus-3-l","status":"publish","type":"product","link":"https:\/\/www.sologusto.com\/lt\/produktas\/ypac-tyras-alyvuogiu-aliejus-monokultivarinis-alyvuogiu-aliejus-3-l\/","title":{"rendered":"Ypa\u010d tyras alyvuogi\u0173 aliejus, monokultivarinis &#8211;  alyvuogi\u0173 aliejus 3 l"},"content":{"rendered":"<div class=\"flex max-w-full flex-col flex-grow\">\n<div class=\"min-h-8 text-message flex w-full flex-col items-end gap-2 whitespace-normal break-words text-start [.text-message+&amp;]:mt-5\" dir=\"auto\" data-message-author-role=\"assistant\" data-message-id=\"186ce39a-a5b5-41c1-9267-c3746496a018\" data-message-model-slug=\"gpt-4o\">\n<div class=\"flex w-full flex-col gap-1 empty:hidden first:pt-[3px]\">\n<div class=\"markdown prose w-full break-words dark:prose-invert light\">\n<p><strong>Ypa\u010d tyras alyvuogi\u0173 aliejus, monokultivarinis &#8211;\u00a0 alyvuogi\u0173 aliejus 3 l<\/strong><\/p>\n<p>100 % itali\u0161kas pirmo spaudimo alyvuogi\u0173 aliejus, i\u0161gautas \u0161altuoju b\u016bdu, nefiltruotas. 3 l pakuot\u0117.<br \/>\n\u201eMonocultivar Taggiasca\u201c \u2013 tai ypa\u010d tyras alyvuogi\u0173 aliejus, gaunamas \u0161alto spaudimo b\u016bdu i\u0161 100 % \u201eTaggiasca\u201c alyvuogi\u0173. Prinokusi\u0173, tamsiai sunokusi\u0173 alyvuogi\u0173 saldum\u0105 sustiprina \u017ealiosioms alyvuog\u0117ms b\u016bdingi \u017eoliniai ir vaisiniai aromatai.<\/p>\n<p>&nbsp;<\/p>\n<\/div>\n<\/div>\n<\/div>\n<\/div>\n<p>Monocultivar Taggiasca \u00e8 un olio extra vergine ottenuto dalla lavorazione a freddo di Olive 100% Taggiasche.\u00a0\u00a0Il tono dolce donato dalle olive invaiate e mature \u00e8 impreziosito dalle note erbacee e fruttate tipiche delle olive verdi.<\/p>\n<p>&nbsp;<\/p>\n<p>Monocultivar Taggiasca is an extra virgin olive oil obtained by cold-pressing 100% Taggiasca olives. The sweetness of the ripe, dark-ripened olives is enhanced by the herbaceous and fruity notes typical of green olives.<\/p>\n","protected":false},"excerpt":{"rendered":"<p>Olio extravergine di oliva 100% Italiano,\u00a0 Monocultivar Taggiasca, ottenuto a freddo, non filtrato 3 l<\/p>\n<p>100% Italian extra virgin olive oil, Monocultivar Taggiasca, cold pressed, unfiltered 3 l<\/p>\n<p>100 % itali\u0161kas ypa\u010d tyras alyvuogi\u0173 aliejus, \u201eMonocultivar Taggiasca\u201c, \u0161alto spaudimo, nefiltruotas, 3 l<\/p>\n<p>&nbsp;<\/p>","protected":false},"featured_media":9875,"template":"","meta":{"jetpack_publicize_message":"","jetpack_publicize_feature_enabled":true,"jetpack_social_post_already_shared":true,"jetpack_social_options":{"image_generator_settings":{"template":"highway","default_image_id":0,"font":"","enabled":false},"version":2}},"product_brand":[869],"product_cat":[47],"product_tag":[715,66],"class_list":{"0":"post-9874","1":"product","2":"type-product","3":"status-publish","4":"has-post-thumbnail","6":"product_brand-boeri","7":"product_cat-alyvuogiu-aliejus","8":"product_tag-italiano","9":"product_tag-olio","11":"first","12":"instock","13":"sale","14":"taxable","15":"shipping-taxable","16":"purchasable","17":"product-type-simple"},"jetpack_publicize_connections":[],"jetpack_sharing_enabled":true,"_links":{"self":[{"href":"https:\/\/www.sologusto.com\/lt\/wp-json\/wp\/v2\/product\/9874","targetHints":{"allow":["GET"]}}],"collection":[{"href":"https:\/\/www.sologusto.com\/lt\/wp-json\/wp\/v2\/product"}],"about":[{"href":"https:\/\/www.sologusto.com\/lt\/wp-json\/wp\/v2\/types\/product"}],"wp:featuredmedia":[{"embeddable":true,"href":"https:\/\/www.sologusto.com\/lt\/wp-json\/wp\/v2\/media\/9875"}],"wp:attachment":[{"href":"https:\/\/www.sologusto.com\/lt\/wp-json\/wp\/v2\/media?parent=9874"}],"wp:term":[{"taxonomy":"product_brand","embeddable":true,"href":"https:\/\/www.sologusto.com\/lt\/wp-json\/wp\/v2\/product_brand?post=9874"},{"taxonomy":"product_cat","embeddable":true,"href":"https:\/\/www.sologusto.com\/lt\/wp-json\/wp\/v2\/product_cat?post=9874"},{"taxonomy":"product_tag","embeddable":true,"href":"https:\/\/www.sologusto.com\/lt\/wp-json\/wp\/v2\/product_tag?post=9874"}],"curies":[{"name":"wp","href":"https:\/\/api.w.org\/{rel}","templated":true}]}}