{"id":9529,"date":"2025-02-03T14:34:40","date_gmt":"2025-02-03T12:34:40","guid":{"rendered":"https:\/\/www.sologusto.com\/product\/pesto-alla-genovese-180-g\/"},"modified":"2026-03-12T14:27:47","modified_gmt":"2026-03-12T12:27:47","slug":"genoves-pesto-180","status":"publish","type":"product","link":"https:\/\/www.sologusto.com\/lt\/produktas\/genoves-pesto-180\/","title":{"rendered":"GENOV\u0116S PESTO 180 g"},"content":{"rendered":"<div class=\"flex max-w-full flex-col flex-grow\">\n<div class=\"min-h-8 text-message flex w-full flex-col items-end gap-2 whitespace-normal break-words text-start [.text-message+&amp;]:mt-5\" dir=\"auto\" data-message-author-role=\"assistant\" data-message-id=\"6188d0d1-aa36-4c3a-8429-1022cfebcaa8\" data-message-model-slug=\"gpt-4o\">\n<div class=\"flex w-full flex-col gap-1 empty:hidden first:pt-[3px]\">\n<div class=\"markdown prose w-full break-words dark:prose-invert light\">\n<p><strong>GENOV\u0116S PESTO 180 g<\/strong><\/p>\n<p>Genov\u0117s pesto su <strong>saugomos kilm\u0117s vietos nuorodos (DOP) Genov\u0117s baziliku<\/strong>, pirmo spaudimo alyvuogi\u0173 aliejuje. 180 g.<br \/>\nTolygi tekst\u016bra, pagaminta i\u0161 <strong>DOP Genov\u0117s baziliko<\/strong>, sumai\u0161yto su pirmo spaudimo alyvuogi\u0173 aliejumi. Ry\u0161kiai \u017ealios spalvos, m\u016bs\u0173 pesto laikosi tradicini\u0173 recept\u0173 ir yra pagamintas i\u0161 kruop\u0161\u010diai atrinkt\u0173 auk\u0161\u010diausios kokyb\u0117s ingredient\u0173. <strong>DOP bazilikas, pirmo spaudimo alyvuogi\u0173 aliejus, DOP Parmigiano Reggiano ir DOP Pecorino Romano<\/strong> \u2013 pagrindiniai m\u016bs\u0173 recepto komponentai. Pesto n\u0117ra pasterizuotas ir neturi konservant\u0173.<\/p>\n<p><strong>Ingredientai:<\/strong> pirmo spaudimo alyvuogi\u0173 aliejus 55%, <strong>DOP Genov\u0117s baziliko koncentratas<\/strong> 27%, anakard\u017eiai, druska, <strong>DOP Parmigiano Reggiano<\/strong> (pienas, druska, fermentinis pel\u0117sis), i\u0161r\u016bgos, \u010desnakai, pu\u0161\u0173 rie\u0161utai, vyno actas, <strong>DOP Pecorino Romano<\/strong> (avi\u0173 pienas, druska, fermentinis pel\u0117sis), r\u016bg\u0161tingum\u0105 reguliuojan\u010dios med\u017eiagos: citrin\u0173 r\u016bg\u0161tis, pieno r\u016bg\u0161tis.<\/p>\n<p><strong>BE KONSERVANT\u0172.<\/strong><\/p>\n<\/div>\n<\/div>\n<\/div>\n<\/div>\n<p>|Crema omogenea a base di basilico genovese DOP mantecata con olio extravergine. Dal colore verde vivo, il nostro pesto \u00e8 studiato seguendo la tradizione e selezionando i migliori ingredienti. Basilico DOP, Olio Extravergine, Parmigiano Reggiano DOP e Pecorino Romano DOP sono i protagonisti della Nostra ricetta, rigorosamente non pastorizzata e priva di conservanti.<\/p>\n","protected":false},"excerpt":{"rendered":"<p>Pesto alla genovese con basilico genovese DOP, in olio extravergine di oliva 180 g<\/p>","protected":false},"featured_media":9558,"template":"","meta":{"jetpack_publicize_message":"","jetpack_publicize_feature_enabled":true,"jetpack_social_post_already_shared":true,"jetpack_social_options":{"image_generator_settings":{"template":"highway","default_image_id":0,"font":"","enabled":false},"version":2}},"product_brand":[869],"product_cat":[52,53],"product_tag":[887,91],"class_list":{"0":"post-9529","1":"product","2":"type-product","3":"status-publish","4":"has-post-thumbnail","6":"product_brand-boeri","7":"product_cat-padazai","8":"product_cat-uztepeles","9":"product_tag-padazas-pesto","10":"product_tag-pesto","12":"first","13":"instock","14":"sale","15":"taxable","16":"shipping-taxable","17":"purchasable","18":"product-type-simple"},"jetpack_publicize_connections":[],"jetpack_sharing_enabled":true,"_links":{"self":[{"href":"https:\/\/www.sologusto.com\/lt\/wp-json\/wp\/v2\/product\/9529","targetHints":{"allow":["GET"]}}],"collection":[{"href":"https:\/\/www.sologusto.com\/lt\/wp-json\/wp\/v2\/product"}],"about":[{"href":"https:\/\/www.sologusto.com\/lt\/wp-json\/wp\/v2\/types\/product"}],"wp:featuredmedia":[{"embeddable":true,"href":"https:\/\/www.sologusto.com\/lt\/wp-json\/wp\/v2\/media\/9558"}],"wp:attachment":[{"href":"https:\/\/www.sologusto.com\/lt\/wp-json\/wp\/v2\/media?parent=9529"}],"wp:term":[{"taxonomy":"product_brand","embeddable":true,"href":"https:\/\/www.sologusto.com\/lt\/wp-json\/wp\/v2\/product_brand?post=9529"},{"taxonomy":"product_cat","embeddable":true,"href":"https:\/\/www.sologusto.com\/lt\/wp-json\/wp\/v2\/product_cat?post=9529"},{"taxonomy":"product_tag","embeddable":true,"href":"https:\/\/www.sologusto.com\/lt\/wp-json\/wp\/v2\/product_tag?post=9529"}],"curies":[{"name":"wp","href":"https:\/\/api.w.org\/{rel}","templated":true}]}}