{"id":9527,"date":"2025-02-03T14:34:40","date_gmt":"2025-02-03T12:34:40","guid":{"rendered":"https:\/\/www.sologusto.com\/product\/maie-3-l\/"},"modified":"2026-03-15T12:02:36","modified_gmt":"2026-03-15T10:02:36","slug":"maie-3-l","status":"publish","type":"product","link":"https:\/\/www.sologusto.com\/lt\/produktas\/maie-3-l\/","title":{"rendered":"MAIE alyvuogi\u0173 aliejus 3 l"},"content":{"rendered":"<div class=\"flex max-w-full flex-col flex-grow\">\n<div class=\"min-h-8 text-message flex w-full flex-col items-end gap-2 whitespace-normal break-words text-start [.text-message+&amp;]:mt-5\" dir=\"auto\" data-message-author-role=\"assistant\" data-message-id=\"186ce39a-a5b5-41c1-9267-c3746496a018\" data-message-model-slug=\"gpt-4o\">\n<div class=\"flex w-full flex-col gap-1 empty:hidden first:pt-[3px]\">\n<div class=\"markdown prose w-full break-words dark:prose-invert light\">\n<p><strong>MAIE alyvuogi\u0173 aliejus 3 l<\/strong><\/p>\n<p>100 % itali\u0161kas pirmo spaudimo alyvuogi\u0173 aliejus, i\u0161gautas \u0161altuoju b\u016bdu, nefiltruotas. 3 l pakuot\u0117.<br \/>\n<strong>Maie<\/strong> \u2013 tai auk\u0161\u010diausios kokyb\u0117s pirmo spaudimo alyvuogi\u0173 aliejus, pagamintas i\u0161 kruop\u0161\u010diai atrinkt\u0173 100 % itali\u0161k\u0173 alyvuogi\u0173, spaud\u017eiamas \u0161altuoju b\u016bdu. Nefiltruotas, \u0161velnus ir maloniai aromatingas.<\/p>\n<p>&nbsp;<\/p>\n<\/div>\n<\/div>\n<\/div>\n<\/div>\n<p>Maie \u00e8 l\u2019olio extra vergine di oliva ottenuto dalla lavorazione a freddo di una speciale<br \/>\nselezione di olive 100% Italiane. Non filtrato, delicato e piacevolmente profumato.<\/p>\n","protected":false},"excerpt":{"rendered":"<p>Olio extravergine di oliva 100% Italiano, ottenuto a freddo, non filtrato 3 l<\/p>","protected":false},"featured_media":9554,"template":"","meta":{"jetpack_publicize_message":"","jetpack_publicize_feature_enabled":true,"jetpack_social_post_already_shared":true,"jetpack_social_options":{"image_generator_settings":{"template":"highway","default_image_id":0,"font":"","enabled":false},"version":2}},"product_brand":[869],"product_cat":[47],"product_tag":[715,66],"class_list":{"0":"post-9527","1":"product","2":"type-product","3":"status-publish","4":"has-post-thumbnail","6":"product_brand-boeri","7":"product_cat-alyvuogiu-aliejus","8":"product_tag-italiano","9":"product_tag-olio","11":"first","12":"instock","13":"sale","14":"taxable","15":"shipping-taxable","16":"purchasable","17":"product-type-simple"},"jetpack_publicize_connections":[],"jetpack_sharing_enabled":true,"_links":{"self":[{"href":"https:\/\/www.sologusto.com\/lt\/wp-json\/wp\/v2\/product\/9527","targetHints":{"allow":["GET"]}}],"collection":[{"href":"https:\/\/www.sologusto.com\/lt\/wp-json\/wp\/v2\/product"}],"about":[{"href":"https:\/\/www.sologusto.com\/lt\/wp-json\/wp\/v2\/types\/product"}],"wp:featuredmedia":[{"embeddable":true,"href":"https:\/\/www.sologusto.com\/lt\/wp-json\/wp\/v2\/media\/9554"}],"wp:attachment":[{"href":"https:\/\/www.sologusto.com\/lt\/wp-json\/wp\/v2\/media?parent=9527"}],"wp:term":[{"taxonomy":"product_brand","embeddable":true,"href":"https:\/\/www.sologusto.com\/lt\/wp-json\/wp\/v2\/product_brand?post=9527"},{"taxonomy":"product_cat","embeddable":true,"href":"https:\/\/www.sologusto.com\/lt\/wp-json\/wp\/v2\/product_cat?post=9527"},{"taxonomy":"product_tag","embeddable":true,"href":"https:\/\/www.sologusto.com\/lt\/wp-json\/wp\/v2\/product_tag?post=9527"}],"curies":[{"name":"wp","href":"https:\/\/api.w.org\/{rel}","templated":true}]}}