{"id":9526,"date":"2025-02-03T14:34:39","date_gmt":"2025-02-03T12:34:39","guid":{"rendered":"https:\/\/www.sologusto.com\/product\/maie-500-ml\/"},"modified":"2026-01-19T13:29:12","modified_gmt":"2026-01-19T11:29:12","slug":"maie-500-ml","status":"publish","type":"product","link":"https:\/\/www.sologusto.com\/lt\/produktas\/maie-500-ml\/","title":{"rendered":"MAIE alyvuogi\u0173 aliejus 500 ml"},"content":{"rendered":"<p><strong>MAIE alyvuogi\u0173 aliejus 500 ml<\/strong><\/p>\n<p>100 % itali\u0161kas pirmo spaudimo alyvuogi\u0173 aliejus, i\u0161gautas \u0161altuoju b\u016bdu, nefiltruotas. 500 ml.<\/p>\n<p><strong>Maie<\/strong> \u2013 tai auk\u0161\u010diausios kokyb\u0117s pirmo spaudimo alyvuogi\u0173 aliejus, pagamintas i\u0161 kruop\u0161\u010diai atrinkt\u0173 100 % itali\u0161k\u0173 alyvuogi\u0173, spaud\u017eiamas \u0161altuoju b\u016bdu. Nefiltruotas, \u0161velnus ir maloniai aromatingas.<\/p>\n<p>&nbsp;<\/p>\n<p>&nbsp;<\/p>\n<p>Olio extravergine di oliva 100% Italiano, ottenuto a freddo, non filtrato 500 ml<\/p>\n<p>Maie \u00e8 l\u2019olio extra vergine di oliva ottenuto dalla lavorazione a freddo di una speciale<br \/>\nselezione di olive 100% Italiane. Non filtrato, delicato e piacevolmente profumato.<\/p>","protected":false},"excerpt":{"rendered":"<p><strong>MAIE alyvuogi\u0173 aliejus 500 ml<\/strong><\/p>\n<p>100 % itali\u0161kas pirmo spaudimo alyvuogi\u0173 aliejus, i\u0161gautas \u0161altuoju b\u016bdu, nefiltruotas. 500 ml.<\/p>\n<p><strong>Maie<\/strong> \u2013 tai auk\u0161\u010diausios kokyb\u0117s pirmo spaudimo alyvuogi\u0173 aliejus, pagamintas i\u0161 kruop\u0161\u010diai atrinkt\u0173 100 % itali\u0161k\u0173 alyvuogi\u0173, spaud\u017eiamas \u0161altuoju b\u016bdu. Nefiltruotas, \u0161velnus ir maloniai aromatingas.<\/p>\n<p>&nbsp;<\/p>\n<p>&nbsp;<\/p>","protected":false},"featured_media":9561,"template":"","meta":{"jetpack_publicize_message":"","jetpack_publicize_feature_enabled":true,"jetpack_social_post_already_shared":true,"jetpack_social_options":{"image_generator_settings":{"template":"highway","default_image_id":0,"font":"","enabled":false},"version":2}},"product_brand":[869],"product_cat":[47],"product_tag":[715,66],"class_list":{"0":"post-9526","1":"product","2":"type-product","3":"status-publish","4":"has-post-thumbnail","6":"product_brand-boeri","7":"product_cat-alyvuogiu-aliejus","8":"product_tag-italiano","9":"product_tag-olio","11":"first","12":"instock","13":"sale","14":"taxable","15":"shipping-taxable","16":"purchasable","17":"product-type-simple"},"jetpack_publicize_connections":[],"jetpack_sharing_enabled":true,"_links":{"self":[{"href":"https:\/\/www.sologusto.com\/lt\/wp-json\/wp\/v2\/product\/9526","targetHints":{"allow":["GET"]}}],"collection":[{"href":"https:\/\/www.sologusto.com\/lt\/wp-json\/wp\/v2\/product"}],"about":[{"href":"https:\/\/www.sologusto.com\/lt\/wp-json\/wp\/v2\/types\/product"}],"wp:featuredmedia":[{"embeddable":true,"href":"https:\/\/www.sologusto.com\/lt\/wp-json\/wp\/v2\/media\/9561"}],"wp:attachment":[{"href":"https:\/\/www.sologusto.com\/lt\/wp-json\/wp\/v2\/media?parent=9526"}],"wp:term":[{"taxonomy":"product_brand","embeddable":true,"href":"https:\/\/www.sologusto.com\/lt\/wp-json\/wp\/v2\/product_brand?post=9526"},{"taxonomy":"product_cat","embeddable":true,"href":"https:\/\/www.sologusto.com\/lt\/wp-json\/wp\/v2\/product_cat?post=9526"},{"taxonomy":"product_tag","embeddable":true,"href":"https:\/\/www.sologusto.com\/lt\/wp-json\/wp\/v2\/product_tag?post=9526"}],"curies":[{"name":"wp","href":"https:\/\/api.w.org\/{rel}","templated":true}]}}