{"id":9493,"date":"2025-01-21T19:25:33","date_gmt":"2025-01-21T17:25:33","guid":{"rendered":"https:\/\/www.sologusto.com\/?post_type=product&#038;p=9493"},"modified":"2026-03-02T10:39:31","modified_gmt":"2026-03-02T08:39:31","slug":"farfalle-integrali-rummo","status":"publish","type":"product","link":"https:\/\/www.sologusto.com\/lt\/produktas\/farfalle-integrali-rummo\/","title":{"rendered":"Rummo 85 Farfalle integrali 500 gr"},"content":{"rendered":"<p>Rummo 85 Farfalle integrali 500 gr<\/p>\n<p>&nbsp;<\/p>\n<p>Pirmieji pasaulyje pilno gr\u016bdo makaronai, turintys sertifikuot\u0105 atsparum\u0105 kepimui.<\/p>\n<p>L\u0117to apdorojimo metodas<br \/>\nTikime, kad makaronai yra m\u016bs\u0173 \u0161alies kult\u016bra. D\u0117l \u0161ios prie\u017easties gerbiame visos Italijos malonum\u0105 u\u017e ger\u0105 maist\u0105, puikias regiono tradicijas ir ma\u017eus teritorijos prana\u0161umus.<br \/>\nSu Lenta Lavorazione, i\u0161skirtiniu metodu, i\u0161 kurio gimsta neprilygstami makaronai, norime papasakoti kelion\u0119 \u012f i\u0161 naujo atrasti amatininko laikus, pagr\u012fst\u0105 d\u0117mesiu ir r\u016bpes\u010diu detal\u0117mis.<\/p>\n<p>Subtilus skonis<br \/>\nDaug skaidul\u0173<\/p>\n<p>Gerov\u0117 ir skonis<br \/>\nSavo pilno gr\u016bdo makaronams pasirinkau ExtraOrdinary kokybi\u0161kus itali\u0161kus kietuosius kvie\u010dius, su dideliu baltym\u0173 kiekiu, pa\u0161alinau i\u0161orin\u012f, kiet\u0105 ir kartaus sluoksn\u012f, palikdama tik vidin\u0119 s\u0117len\u0173 dal\u012f. Rezultatas yra \u201eRummo Integrale\u201c \u2013 makaronai, turintys daug skaidul\u0173, bet tuo pat metu \u0161velnaus ir subtilaus skonio.<br \/>\nCosimo Rummo<\/p>\n<p>&#8212; &#8212; &#8212;<\/p>\n<p>&nbsp;<\/p>\n<p>Maistin\u0117s vert\u0117s (teksto formatas)<br \/>\nVidutin\u0117 maistin\u0117 vert\u0117 &#8211; 100 g<br \/>\nEnergija 1476 kJ<br \/>\n348 kcal<br \/>\nRiebalai 1,9 g<br \/>\ni\u0161 kuri\u0173: so\u010di\u0173j\u0173 riebal\u0173 r\u016bg\u0161\u010di\u0173 0,4 g<br \/>\nAngliavandeniai 65,3 g<br \/>\ni\u0161 kuri\u0173: cukr\u0173 2,5 g<br \/>\nSkaidulos 6,2 g<br \/>\nBaltymai 14,5 g<br \/>\nDruska 0,01 g<\/p>\n<p>&nbsp;<\/p>\n<p>&nbsp;<\/p>\n<p>&nbsp;<\/p>\n<p>&nbsp;<\/p>","protected":false},"excerpt":{"rendered":"<p>Rummo 85 Farfalle integrali 500 gr<\/p>","protected":false},"featured_media":9522,"template":"","meta":{"jetpack_publicize_message":"","jetpack_publicize_feature_enabled":true,"jetpack_social_post_already_shared":true,"jetpack_social_options":{"image_generator_settings":{"template":"highway","default_image_id":0,"font":"","enabled":false},"version":2}},"product_brand":[867],"product_cat":[214],"product_tag":[856,857,215,102,407],"class_list":{"0":"post-9493","1":"product","2":"type-product","3":"status-publish","4":"has-post-thumbnail","6":"product_brand-rummo","7":"product_cat-makaronai","8":"product_tag-farfalle","9":"product_tag-integrali","10":"product_tag-makaroniai","11":"product_tag-pasta","12":"product_tag-rummo","14":"first","15":"instock","16":"sale","17":"taxable","18":"shipping-taxable","19":"purchasable","20":"product-type-simple"},"jetpack_publicize_connections":[],"jetpack_sharing_enabled":true,"_links":{"self":[{"href":"https:\/\/www.sologusto.com\/lt\/wp-json\/wp\/v2\/product\/9493","targetHints":{"allow":["GET"]}}],"collection":[{"href":"https:\/\/www.sologusto.com\/lt\/wp-json\/wp\/v2\/product"}],"about":[{"href":"https:\/\/www.sologusto.com\/lt\/wp-json\/wp\/v2\/types\/product"}],"wp:featuredmedia":[{"embeddable":true,"href":"https:\/\/www.sologusto.com\/lt\/wp-json\/wp\/v2\/media\/9522"}],"wp:attachment":[{"href":"https:\/\/www.sologusto.com\/lt\/wp-json\/wp\/v2\/media?parent=9493"}],"wp:term":[{"taxonomy":"product_brand","embeddable":true,"href":"https:\/\/www.sologusto.com\/lt\/wp-json\/wp\/v2\/product_brand?post=9493"},{"taxonomy":"product_cat","embeddable":true,"href":"https:\/\/www.sologusto.com\/lt\/wp-json\/wp\/v2\/product_cat?post=9493"},{"taxonomy":"product_tag","embeddable":true,"href":"https:\/\/www.sologusto.com\/lt\/wp-json\/wp\/v2\/product_tag?post=9493"}],"curies":[{"name":"wp","href":"https:\/\/api.w.org\/{rel}","templated":true}]}}