{"id":9350,"date":"2025-01-01T13:26:35","date_gmt":"2025-01-01T11:26:35","guid":{"rendered":"https:\/\/www.sologusto.com\/?post_type=product&#038;p=9350"},"modified":"2026-02-26T16:08:13","modified_gmt":"2026-02-26T14:08:13","slug":"cotechino-negroni-gr-500","status":"publish","type":"product","link":"https:\/\/www.sologusto.com\/lt\/produktas\/cotechino-negroni-gr-500\/","title":{"rendered":"Cotechino Negroni &#8211; gr. 500"},"content":{"rendered":"<p>Cotechino is a type of fresh pork sausage. It is traditionally associated with Modena. Cotechino is often served with lentils (Cotechino con lenticchie) or cannellini beans and potatoes. It is a traditional New Year&#8217;s Eve and New Year&#8217;s Day dish in Modena. In other cities in Northern Italy, it is no less popular as a Christmas dish.<\/p>\n<p>Ingredients<br \/>\nPork (IT)<br \/>\nRind<br \/>\nPork fat<br \/>\nSalt<br \/>\nSpices and aromatic plants<br \/>\nNatural flavours<br \/>\nAntioxidants (sodium ascorbate)<br \/>\nPreservatives (sodium nitrite)<br \/>\nInedible casing<\/p>\n<p>&nbsp;<\/p>\n<p>Nutritional values<br \/>\nAverage nutritional values per 100 g<br \/>\nEnergy 1148 kJ<br \/>\n276 kcal<br \/>\nFat 20 g<br \/>\nof which saturated fatty acids 6.5 g<br \/>\nCarbohydrates 0 g<br \/>\nof which sugars 0 g<br \/>\nProtein 24 g<br \/>\nSalt 2.1 g<\/p>\n<p>&#8212; &#8212;<\/p>\n<p>Cotechino yra \u0161vie\u017eios kiaulienos de\u0161ros r\u016b\u0161is. Ji tradici\u0161kai siejama su Modena . Cotechino da\u017enai patiekiama su l\u0119\u0161iais (Cotechino con lenticchie) arba pupeles Cannellini ir bulv\u0117mis. Tai tradicinis Modenos Nauj\u0173j\u0173 met\u0173 i\u0161vakari\u0173 ir Nauj\u0173j\u0173 met\u0173 dienos patiekalas. Kituose \u0160iaur\u0117s Italijos miestuose jis ne ma\u017eiau populiarus kaip kal\u0117dinis patiekalas.<\/p>\n<p>Ingredientai<br \/>\nKiauliena (IT)<br \/>\n\u017dievel\u0117<br \/>\nKiaulienos riebalai<br \/>\nDruska<br \/>\nPrieskoniai ir aromatiniai augalai<br \/>\nNat\u016bral\u016bs skoniai<br \/>\nAntioksidantai (natrio askorbatas)<br \/>\nKonservantai (natrio nitritas)<br \/>\nNevalgomas korpusas<\/p>\n<p>Maistin\u0117s vert\u0117s (teksto formatas)<br \/>\nVidutin\u0117 maistin\u0117 vert\u0117 100 g<br \/>\nEnergija 1148 kJ<br \/>\n276 kcal<br \/>\nRiebalai 20 g<br \/>\ni\u0161 kuri\u0173 so\u010di\u0173j\u0173 riebal\u0173 r\u016bg\u0161\u010di\u0173 6,5 g<br \/>\nAngliavandeniai 0 g<br \/>\ni\u0161 kuri\u0173 cukr\u0173 0 g<br \/>\nBaltymai 24 g<br \/>\nDruska 2,1 g<\/p>\n<p>&nbsp;<\/p>","protected":false},"excerpt":{"rendered":"<p>Cotechino Negroni 500gr.<\/p>\n<p>Kotekino salami Negroni 500gr.<\/p>\n<p>&nbsp;<\/p>","protected":false},"featured_media":9354,"template":"","meta":{"jetpack_publicize_message":"","jetpack_publicize_feature_enabled":true,"jetpack_social_post_already_shared":true,"jetpack_social_options":{"image_generator_settings":{"template":"highway","default_image_id":0,"font":"","enabled":false},"version":2}},"product_brand":[],"product_cat":[454],"product_tag":[825,821,824,838,823,460,840,839,457],"class_list":{"0":"post-9350","1":"product","2":"type-product","3":"status-publish","4":"has-post-thumbnail","6":"product_cat-suriai-ir-saliamiai","7":"product_tag-capodanno","8":"product_tag-cotechino","9":"product_tag-karka","10":"product_tag-kotechino","11":"product_tag-negroni","12":"product_tag-salame","13":"product_tag-salame-cucito","14":"product_tag-salame-per-capodanno","15":"product_tag-salami","17":"first","18":"instock","19":"sale","20":"taxable","21":"shipping-taxable","22":"purchasable","23":"product-type-simple"},"jetpack_publicize_connections":[],"jetpack_sharing_enabled":true,"_links":{"self":[{"href":"https:\/\/www.sologusto.com\/lt\/wp-json\/wp\/v2\/product\/9350","targetHints":{"allow":["GET"]}}],"collection":[{"href":"https:\/\/www.sologusto.com\/lt\/wp-json\/wp\/v2\/product"}],"about":[{"href":"https:\/\/www.sologusto.com\/lt\/wp-json\/wp\/v2\/types\/product"}],"wp:featuredmedia":[{"embeddable":true,"href":"https:\/\/www.sologusto.com\/lt\/wp-json\/wp\/v2\/media\/9354"}],"wp:attachment":[{"href":"https:\/\/www.sologusto.com\/lt\/wp-json\/wp\/v2\/media?parent=9350"}],"wp:term":[{"taxonomy":"product_brand","embeddable":true,"href":"https:\/\/www.sologusto.com\/lt\/wp-json\/wp\/v2\/product_brand?post=9350"},{"taxonomy":"product_cat","embeddable":true,"href":"https:\/\/www.sologusto.com\/lt\/wp-json\/wp\/v2\/product_cat?post=9350"},{"taxonomy":"product_tag","embeddable":true,"href":"https:\/\/www.sologusto.com\/lt\/wp-json\/wp\/v2\/product_tag?post=9350"}],"curies":[{"name":"wp","href":"https:\/\/api.w.org\/{rel}","templated":true}]}}