{"id":9266,"date":"2024-12-16T15:38:12","date_gmt":"2024-12-16T13:38:12","guid":{"rendered":"https:\/\/www.sologusto.com\/?post_type=product&#038;p=9266"},"modified":"2026-01-11T11:52:17","modified_gmt":"2026-01-11T09:52:17","slug":"sugo-alla-ligure-makaronu-vegetariski-padazas-180-g-copy","status":"publish","type":"product","link":"https:\/\/www.sologusto.com\/lt\/produktas\/sugo-alla-ligure-makaronu-vegetariski-padazas-180-g-copy\/","title":{"rendered":"&#8220;Sugo alla ligure &#8221; makaron\u0173 vegetariski pada\u017eas 180 g"},"content":{"rendered":"<p>\u201eSugo alla ligure\u201c i\u0161 Frantoio Sant&#8217;Agata di Oneglia yra pada\u017eas, kil\u0119s i\u0161 Lig\u016brijos kulinarini\u0173 tradicij\u0173, puikiai tinkantis skaniems pagrindiniams patiekalams pagardinti.<\/p>\n<p>&nbsp;<\/p>\n<p>Lig\u016brijos pada\u017eas &#8211; Sud\u0117tis: Itali\u0161kas pomidoras 80%, auk\u0161\u010diausios kokyb\u0117s pirmojo spaudimo alyvuogi\u0173 aliejus 6%, svog\u016bnai, bazilikas 5%, cukrus, druska, \u010desnakai<\/p>","protected":false},"excerpt":{"rendered":"<p>Lig\u016brijos pada\u017eas &#8211; Sud\u0117tis: Itali\u0161kas pomidoras 80%, auk\u0161\u010diausios kokyb\u0117s pirmojo spaudimo alyvuogi\u0173 aliejus 6%, svog\u016bnai, bazilikas 5%, cukrus, druska, \u010desnakai<\/p>","protected":false},"featured_media":9265,"template":"","meta":{"jetpack_publicize_message":"","jetpack_publicize_feature_enabled":true,"jetpack_social_post_already_shared":true,"jetpack_social_options":{"image_generator_settings":{"template":"highway","default_image_id":0,"font":"","enabled":false},"version":2}},"product_brand":[870],"product_cat":[52,55,51],"product_tag":[834,61,102,213,60,835,684],"class_list":{"0":"post-9266","1":"product","2":"type-product","3":"status-publish","4":"has-post-thumbnail","6":"product_brand-frantoio-santagata-doneglia","7":"product_cat-padazai","8":"product_cat-pasta","9":"product_cat-pomidoru-padazas","10":"product_tag-makaronu","11":"product_tag-padazas","12":"product_tag-pasta","13":"product_tag-pizza","14":"product_tag-pomidoru","15":"product_tag-vegan","16":"product_tag-vegetariskas","18":"first","19":"instock","20":"sale","21":"taxable","22":"shipping-taxable","23":"purchasable","24":"product-type-simple"},"jetpack_publicize_connections":[],"jetpack_sharing_enabled":true,"_links":{"self":[{"href":"https:\/\/www.sologusto.com\/lt\/wp-json\/wp\/v2\/product\/9266","targetHints":{"allow":["GET"]}}],"collection":[{"href":"https:\/\/www.sologusto.com\/lt\/wp-json\/wp\/v2\/product"}],"about":[{"href":"https:\/\/www.sologusto.com\/lt\/wp-json\/wp\/v2\/types\/product"}],"wp:featuredmedia":[{"embeddable":true,"href":"https:\/\/www.sologusto.com\/lt\/wp-json\/wp\/v2\/media\/9265"}],"wp:attachment":[{"href":"https:\/\/www.sologusto.com\/lt\/wp-json\/wp\/v2\/media?parent=9266"}],"wp:term":[{"taxonomy":"product_brand","embeddable":true,"href":"https:\/\/www.sologusto.com\/lt\/wp-json\/wp\/v2\/product_brand?post=9266"},{"taxonomy":"product_cat","embeddable":true,"href":"https:\/\/www.sologusto.com\/lt\/wp-json\/wp\/v2\/product_cat?post=9266"},{"taxonomy":"product_tag","embeddable":true,"href":"https:\/\/www.sologusto.com\/lt\/wp-json\/wp\/v2\/product_tag?post=9266"}],"curies":[{"name":"wp","href":"https:\/\/api.w.org\/{rel}","templated":true}]}}