{"id":9264,"date":"2024-12-16T15:29:07","date_gmt":"2024-12-16T13:29:07","guid":{"rendered":"https:\/\/www.sologusto.com\/?post_type=product&#038;p=9264"},"modified":"2026-01-11T11:52:17","modified_gmt":"2026-01-11T09:52:17","slug":"sugo-ai-funghi-porcini-makaronu-porcini-grybu-padazas-180-g","status":"publish","type":"product","link":"https:\/\/www.sologusto.com\/lt\/produktas\/sugo-ai-funghi-porcini-makaronu-porcini-grybu-padazas-180-g\/","title":{"rendered":"&#8220;Sugo ai funghi porcini &#8221; makaron\u0173 Porcini gryb\u0173 pada\u017eas 180 g"},"content":{"rendered":"<p>\u201eSugo ai funghi porcini\u201c i\u0161 Frantoio Sant&#8217;Agata di Oneglia yra pada\u017eas, kil\u0119s i\u0161 Lig\u016brijos kulinarini\u0173 tradicij\u0173, puikiai tinkantis skaniems pagrindiniams patiekalams pagardinti.<\/p>\n<p>&nbsp;<\/p>\n<p>Sud\u0117tis: pomidorai, kiaulienos grybai, ypa\u010d tyras alyvuogi\u0173 aliejus, svog\u016bnai, druska, \u010desnakai, cukrus.<\/p>\n<p>Porcini gryb\u0173 pada\u017eas<\/p>","protected":false},"excerpt":{"rendered":"<p>Sud\u0117tis: pomidorai, baravykai, ypa\u010d tyras alyvuogi\u0173 aliejus, svog\u016bnai, druska, \u010desnakai, cukrus.<\/p>\n<p>Porcini gryb\u0173 pada\u017eas<\/p>","protected":false},"featured_media":9265,"template":"","meta":{"jetpack_publicize_message":"","jetpack_publicize_feature_enabled":true,"jetpack_social_post_already_shared":true,"jetpack_social_options":{"image_generator_settings":{"template":"highway","default_image_id":0,"font":"","enabled":false},"version":2}},"product_brand":[870],"product_cat":[214,52,55,831,51],"product_tag":[834,61,102,213,60,835,684],"class_list":{"0":"post-9264","1":"product","2":"type-product","3":"status-publish","4":"has-post-thumbnail","6":"product_brand-frantoio-santagata-doneglia","7":"product_cat-makaronai","8":"product_cat-padazai","9":"product_cat-pasta","10":"product_cat-pizza","11":"product_cat-pomidoru-padazas","12":"product_tag-makaronu","13":"product_tag-padazas","14":"product_tag-pasta","15":"product_tag-pizza","16":"product_tag-pomidoru","17":"product_tag-vegan","18":"product_tag-vegetariskas","20":"first","21":"instock","22":"sale","23":"taxable","24":"shipping-taxable","25":"purchasable","26":"product-type-simple"},"jetpack_publicize_connections":[],"jetpack_sharing_enabled":true,"_links":{"self":[{"href":"https:\/\/www.sologusto.com\/lt\/wp-json\/wp\/v2\/product\/9264","targetHints":{"allow":["GET"]}}],"collection":[{"href":"https:\/\/www.sologusto.com\/lt\/wp-json\/wp\/v2\/product"}],"about":[{"href":"https:\/\/www.sologusto.com\/lt\/wp-json\/wp\/v2\/types\/product"}],"wp:featuredmedia":[{"embeddable":true,"href":"https:\/\/www.sologusto.com\/lt\/wp-json\/wp\/v2\/media\/9265"}],"wp:attachment":[{"href":"https:\/\/www.sologusto.com\/lt\/wp-json\/wp\/v2\/media?parent=9264"}],"wp:term":[{"taxonomy":"product_brand","embeddable":true,"href":"https:\/\/www.sologusto.com\/lt\/wp-json\/wp\/v2\/product_brand?post=9264"},{"taxonomy":"product_cat","embeddable":true,"href":"https:\/\/www.sologusto.com\/lt\/wp-json\/wp\/v2\/product_cat?post=9264"},{"taxonomy":"product_tag","embeddable":true,"href":"https:\/\/www.sologusto.com\/lt\/wp-json\/wp\/v2\/product_tag?post=9264"}],"curies":[{"name":"wp","href":"https:\/\/api.w.org\/{rel}","templated":true}]}}