{"id":9186,"date":"2024-12-12T13:46:00","date_gmt":"2024-12-12T11:46:00","guid":{"rendered":"https:\/\/www.sologusto.com\/?post_type=product&#038;p=9186"},"modified":"2026-01-11T11:55:43","modified_gmt":"2026-01-11T09:55:43","slug":"curtiriso-risotto-alla-milanese-milanietiskas-rizotas-175-gr","status":"publish","type":"product","link":"https:\/\/www.sologusto.com\/lt\/produktas\/curtiriso-risotto-alla-milanese-milanietiskas-rizotas-175-gr\/","title":{"rendered":"CURTIRISO &#8211; &#8220;RISOTTO ALLA MILANESE&#8221; Milanieti\u0161kas rizotas 175 GR"},"content":{"rendered":"<p><strong>&#8220;Curtiriso Risotto alla Milanese&#8221; Milanieti\u0161kas rizotas <\/strong>\u2013 tai paruo\u0161tas rizotas, puikiai atspindintis \u0160iaur\u0117s Italijos skon\u012f, su \u0161afrano aromatu.<br \/>\nParuo\u0161ti galima vos per 8 minutes.<br \/>\nRekomenduojama supilti turin\u012f \u012f 500 ml vandens, u\u017evirinti ir virti 8 minutes, kartais pamai\u0161ant.<br \/>\nGalite baigti su \u0161lakeliu sviesto ir \u0161vie\u017ei\u0173 petra\u017eoli\u0173, arba su kepta de\u0161ra.<\/p>\n<p>Produktas pagamintas naudojant inovatyvi\u0105 technologij\u0105, kuri suma\u017eina deguonies kiek\u012f pakuot\u0117je, kad b\u016bt\u0173 i\u0161laikytas \u0161vie\u017eumas.<\/p>\n<p>Maistin\u0117 vert\u0117: 336 kcal per 100g, 0,7 g riebal\u0173, 75 g angliavandeni\u0173 ir 6,3 g baltym\u0173.<\/p>\n<p>&nbsp;<\/p>","protected":false},"excerpt":{"rendered":"<p>&#8220;Curtiriso Risotto alla Milanese&#8221; Milanieti\u0161kas rizotas \u2013 tai paruo\u0161tas rizotas, puikiai atspindintis \u0160iaur\u0117s Italijos skon\u012f, su \u0161afrano aromatu. Paruo\u0161ti galima vos per 8 minutes. Rekomenduojama supilti turin\u012f \u012f 500 ml [&hellip;]<\/p>\n","protected":false},"featured_media":9187,"template":"","meta":{"jetpack_publicize_message":"","jetpack_publicize_feature_enabled":true,"jetpack_social_post_already_shared":true,"jetpack_social_options":{"image_generator_settings":{"template":"highway","default_image_id":0,"font":"","enabled":false},"version":2}},"product_brand":[],"product_cat":[40,56],"product_tag":[231,42,229],"class_list":{"0":"post-9186","1":"product","2":"type-product","3":"status-publish","4":"has-post-thumbnail","6":"product_cat-rice","7":"product_cat-ryziai","8":"product_tag-arborio","9":"product_tag-rice","10":"product_tag-ryziai","12":"first","13":"instock","14":"sale","15":"taxable","16":"shipping-taxable","17":"purchasable","18":"product-type-simple"},"jetpack_publicize_connections":[],"jetpack_sharing_enabled":true,"_links":{"self":[{"href":"https:\/\/www.sologusto.com\/lt\/wp-json\/wp\/v2\/product\/9186","targetHints":{"allow":["GET"]}}],"collection":[{"href":"https:\/\/www.sologusto.com\/lt\/wp-json\/wp\/v2\/product"}],"about":[{"href":"https:\/\/www.sologusto.com\/lt\/wp-json\/wp\/v2\/types\/product"}],"wp:featuredmedia":[{"embeddable":true,"href":"https:\/\/www.sologusto.com\/lt\/wp-json\/wp\/v2\/media\/9187"}],"wp:attachment":[{"href":"https:\/\/www.sologusto.com\/lt\/wp-json\/wp\/v2\/media?parent=9186"}],"wp:term":[{"taxonomy":"product_brand","embeddable":true,"href":"https:\/\/www.sologusto.com\/lt\/wp-json\/wp\/v2\/product_brand?post=9186"},{"taxonomy":"product_cat","embeddable":true,"href":"https:\/\/www.sologusto.com\/lt\/wp-json\/wp\/v2\/product_cat?post=9186"},{"taxonomy":"product_tag","embeddable":true,"href":"https:\/\/www.sologusto.com\/lt\/wp-json\/wp\/v2\/product_tag?post=9186"}],"curies":[{"name":"wp","href":"https:\/\/api.w.org\/{rel}","templated":true}]}}