{"id":9159,"date":"2024-12-12T12:11:02","date_gmt":"2024-12-12T10:11:02","guid":{"rendered":"https:\/\/www.sologusto.com\/?post_type=product&#038;p=9159"},"modified":"2026-01-11T11:55:43","modified_gmt":"2026-01-11T09:55:43","slug":"artigiana-sud-frijarielli-280-gr","status":"publish","type":"product","link":"https:\/\/www.sologusto.com\/lt\/produktas\/artigiana-sud-frijarielli-280-gr\/","title":{"rendered":"ARTIGIANA SUD FRIJARIELLI 280 GR"},"content":{"rendered":"<h2>ARTIGIANA SUD FRIJARIELLI 280 GR<\/h2>\n<p><strong>&#8220;Frijarielli&#8221; <\/strong>yra tradicinis Neapolio virtuv\u0117s ingredientas. Tai neapolieti\u0161ki brokoliai, vadinami <em>frijarielli<\/em>, kurie konservuojami saul\u0117gr\u0105\u017e\u0173 aliejuje su \u010desnaku, \u010dili pipirais ir druska. \u0160ios dar\u017eov\u0117s apdorojamos tradiciniais metodais, kad b\u016bt\u0173 i\u0161laikytas nat\u016bralus skonis ir tekst\u016bra.<\/p>\n<p>Puikiai tinka kaip garnyras arba pagardas picoms, makaronams, u\u017ekand\u017eiams ar pagrindiniams patiekalams. \u0160is produktas suteiks j\u016bs\u0173 patiekalams autenti\u0161k\u0105 Neapolio virtuv\u0117s akcent\u0105.<\/p>\n<p>&nbsp;<\/p>\n<div class=\"relative inline-flex items-center\"><\/div>","protected":false},"excerpt":{"rendered":"<p>ARTIGIANA SUD FRIJARIELLI 280 GR &#8220;Frijarielli&#8221; yra tradicinis Neapolio virtuv\u0117s ingredientas. Tai neapolieti\u0161ki brokoliai, vadinami frijarielli, kurie konservuojami saul\u0117gr\u0105\u017e\u0173 aliejuje su \u010desnaku, \u010dili pipirais ir druska. \u0160ios dar\u017eov\u0117s apdorojamos tradiciniais [&hellip;]<\/p>\n","protected":false},"featured_media":9160,"template":"","meta":{"jetpack_publicize_message":"","jetpack_publicize_feature_enabled":true,"jetpack_social_post_already_shared":true,"jetpack_social_options":{"image_generator_settings":{"template":"highway","default_image_id":0,"font":"","enabled":false},"version":2}},"product_brand":[],"product_cat":[50],"product_tag":[818,817,213],"class_list":{"0":"post-9159","1":"product","2":"type-product","3":"status-publish","4":"has-post-thumbnail","6":"product_cat-darzoves-aliejuje","7":"product_tag-darzoves","8":"product_tag-frijarielli","9":"product_tag-pizza","11":"first","12":"instock","13":"sale","14":"taxable","15":"shipping-taxable","16":"purchasable","17":"product-type-simple"},"jetpack_publicize_connections":[],"jetpack_sharing_enabled":true,"_links":{"self":[{"href":"https:\/\/www.sologusto.com\/lt\/wp-json\/wp\/v2\/product\/9159","targetHints":{"allow":["GET"]}}],"collection":[{"href":"https:\/\/www.sologusto.com\/lt\/wp-json\/wp\/v2\/product"}],"about":[{"href":"https:\/\/www.sologusto.com\/lt\/wp-json\/wp\/v2\/types\/product"}],"wp:featuredmedia":[{"embeddable":true,"href":"https:\/\/www.sologusto.com\/lt\/wp-json\/wp\/v2\/media\/9160"}],"wp:attachment":[{"href":"https:\/\/www.sologusto.com\/lt\/wp-json\/wp\/v2\/media?parent=9159"}],"wp:term":[{"taxonomy":"product_brand","embeddable":true,"href":"https:\/\/www.sologusto.com\/lt\/wp-json\/wp\/v2\/product_brand?post=9159"},{"taxonomy":"product_cat","embeddable":true,"href":"https:\/\/www.sologusto.com\/lt\/wp-json\/wp\/v2\/product_cat?post=9159"},{"taxonomy":"product_tag","embeddable":true,"href":"https:\/\/www.sologusto.com\/lt\/wp-json\/wp\/v2\/product_tag?post=9159"}],"curies":[{"name":"wp","href":"https:\/\/api.w.org\/{rel}","templated":true}]}}