{"id":9156,"date":"2024-12-12T12:00:56","date_gmt":"2024-12-12T10:00:56","guid":{"rendered":"https:\/\/www.sologusto.com\/?post_type=product&#038;p=9156"},"modified":"2026-01-11T11:55:43","modified_gmt":"2026-01-11T09:55:43","slug":"panna-cotta-frutti-bosco","status":"publish","type":"product","link":"https:\/\/www.sologusto.com\/lt\/produktas\/panna-cotta-frutti-bosco\/","title":{"rendered":"Desertas PANNA COTTA, 107 g &#8211; mi\u0161ko uog\u0173 skonis"},"content":{"rendered":"<p><strong>Naudojimo ir paruo\u0161imo instrukcijos<\/strong><br \/>\n\u012epilkite 200 ml plakamosios arba maistin\u0117s grietin\u0117l\u0117s ir 300 ml pieno.<\/p>\n<ul>\n<li>Surinkite formel\u0119 pagal pateiktas instrukcijas ir u\u017evirkite grietin\u0117l\u0119 bei pien\u0105 ma\u017eame puode.<\/li>\n<li>Nukelkite nuo ugnies ir \u012fmai\u0161ykite did\u017eiojo mai\u0161elio turin\u012f, gerai i\u0161mai\u0161ykite. Gr\u0105\u017einkite ant ugnies, u\u017evirinkite ir virkite ant stiprios ugnies 2 minutes, nuolat mai\u0161ydami.<\/li>\n<li>Supilkite krem\u0105 \u012f formel\u0119 ir leiskite atv\u0117sti. Pad\u0117kite \u012f \u0161aldytuv\u0105 4 valandoms. Nor\u0117dami patiekti, peiliu atskirkite panakot\u0105 nuo formel\u0117s kra\u0161t\u0173, atlenkite kra\u0161telius, d\u0117kite \u012f l\u0117k\u0161tutes ir papuo\u0161kite mi\u0161ko uog\u0173 pada\u017eu pagal skon\u012f.<br \/>\nParuo\u0161t\u0105 produkt\u0105 laikykite \u0161aldytuve ir suvartokite per 2 dienas.<\/li>\n<\/ul>\n<p><strong>Charakteristikos<\/strong><\/p>\n<ul>\n<li>Yra formel\u0117<\/li>\n<li>6 porcijos<\/li>\n<\/ul>","protected":false},"excerpt":{"rendered":"<p>Naudojimo ir paruo\u0161imo instrukcijos \u012epilkite 200 ml plakamosios arba maistin\u0117s grietin\u0117l\u0117s ir 300 ml pieno. Surinkite formel\u0119 pagal pateiktas instrukcijas ir u\u017evirkite grietin\u0117l\u0119 bei pien\u0105 ma\u017eame puode. Nukelkite nuo ugnies [&hellip;]<\/p>\n","protected":false},"featured_media":9157,"template":"","meta":{"jetpack_publicize_message":"","jetpack_publicize_feature_enabled":true,"jetpack_social_post_already_shared":true,"jetpack_social_options":{"image_generator_settings":{"template":"highway","default_image_id":0,"font":"","enabled":false},"version":2}},"product_brand":[],"product_cat":[45],"product_tag":[816,813,815,814],"class_list":{"0":"post-9156","1":"product","2":"type-product","3":"status-publish","4":"has-post-thumbnail","6":"product_cat-kepiniai-ir-desertai","7":"product_tag-cota","8":"product_tag-desertas","9":"product_tag-pana","10":"product_tag-panna","12":"first","13":"instock","14":"sale","15":"taxable","16":"shipping-taxable","17":"purchasable","18":"product-type-simple"},"jetpack_publicize_connections":[],"jetpack_sharing_enabled":true,"_links":{"self":[{"href":"https:\/\/www.sologusto.com\/lt\/wp-json\/wp\/v2\/product\/9156","targetHints":{"allow":["GET"]}}],"collection":[{"href":"https:\/\/www.sologusto.com\/lt\/wp-json\/wp\/v2\/product"}],"about":[{"href":"https:\/\/www.sologusto.com\/lt\/wp-json\/wp\/v2\/types\/product"}],"wp:featuredmedia":[{"embeddable":true,"href":"https:\/\/www.sologusto.com\/lt\/wp-json\/wp\/v2\/media\/9157"}],"wp:attachment":[{"href":"https:\/\/www.sologusto.com\/lt\/wp-json\/wp\/v2\/media?parent=9156"}],"wp:term":[{"taxonomy":"product_brand","embeddable":true,"href":"https:\/\/www.sologusto.com\/lt\/wp-json\/wp\/v2\/product_brand?post=9156"},{"taxonomy":"product_cat","embeddable":true,"href":"https:\/\/www.sologusto.com\/lt\/wp-json\/wp\/v2\/product_cat?post=9156"},{"taxonomy":"product_tag","embeddable":true,"href":"https:\/\/www.sologusto.com\/lt\/wp-json\/wp\/v2\/product_tag?post=9156"}],"curies":[{"name":"wp","href":"https:\/\/api.w.org\/{rel}","templated":true}]}}