{"id":9031,"date":"2024-11-22T10:05:13","date_gmt":"2024-11-22T08:05:13","guid":{"rendered":"https:\/\/www.sologusto.com\/product\/san-marzano-dop-tomato-12-cans-400gr"},"modified":"2026-02-26T16:08:12","modified_gmt":"2026-02-26T14:08:12","slug":"san-marzano-dop-tomato-12-cans-400gr","status":"publish","type":"product","link":"https:\/\/www.sologusto.com\/lt\/produktas\/san-marzano-dop-tomato-12-cans-400gr\/","title":{"rendered":"San Marzano DOP 400gr Pomidorai"},"content":{"rendered":"<p>Il pomodoro San Marzano DOP presenta alcune caratteristiche che permettono di distinguerlo dalle altre variet\u00e0. La tipica forma allungata, il colore rosso brillante, la polpa quasi priva di semi e l\u2019inconfondibile sapore agrodolce e fresco rendono il San Marzano DOP un prodotto unico nel suo genere.<\/p>\n<p>Proviene da terreni selezionati di propriet\u00e0 della nostra azienda agricola situati nell\u2019Agro Nolano. Ogni singolo frutto viene raccolto manualmente quando raggiunge il perfetto grado di maturazione. La trasformazione viene effettuata entro poche ore in laboratori molto vicini ai campi. V. Nut: Energia 23kcal, grassi 0,1, di cui grassi saturi 0,0g, carboidrati 3,7g, di cui zuccheri 0,1g, proteine 1,2g, sale 0,02g<\/p>\n<p>&#8212; &#8212;<\/p>\n<p>San Marzano DOP pomidoras turi tam tikr\u0173 savybi\u0173, leid\u017eian\u010di\u0173 j\u012f atskirti nuo kit\u0173 veisli\u0173. D\u0117l tipi\u0161kos pailgos formos, ry\u0161kiai raudonos spalvos, beveik be s\u0117kl\u0173 mink\u0161timo ir su niekuo nesupainiojamo sald\u017eiar\u016bg\u0161\u010dio bei gaivaus skonio San Marzano DOP yra unikalus tokio tipo produktas.<\/p>\n<p>Jis kil\u0119s i\u0161 pasirinkt\u0173 \u017eemi\u0173, priklausan\u010di\u0173 m\u016bs\u0173 \u016bkiui, esan\u010diam Agro Nolano. Kiekvienas vaisius nuimamas rankiniu b\u016bdu, kai pasiekia tobul\u0105 sunokimo lyg\u012f. Labai arti lauk\u0173 esan\u010diose laboratorijose transformacija atliekama per kelias valandas. V. Rie\u0161utas: Energija 23 kcal, riebalai 0,1, i\u0161 kuri\u0173 so\u010di\u0173j\u0173 riebal\u0173 0,0 g, angliavandeniai 3,7 g, i\u0161 kuri\u0173 cukr\u0173 0,1 g, baltymai 1,2 g, druska 0,02 g<\/p>\n<p>&#8212; &#8212;<\/p>\n<p>The San Marzano DOP tomato has some characteristics that distinguish it from other varieties. The typical elongated shape, the bright red color, the almost seedless pulp and the unmistakable sweet and sour and fresh flavor make the San Marzano DOP a unique product of its kind.<\/p>\n<p>It comes from selected lands owned by our farm located in the Agro Nolano. Each individual fruit is harvested manually when it reaches the perfect degree of ripeness. The transformation is carried out within a few hours in laboratories very close to the fields. V. Nut: Energy 23kcal, fat 0.1, of which saturated fat 0.0g, carbohydrates 3.7g, of which sugars 0.1g, protein 1.2g, salt 0.02g<\/p>","protected":false},"excerpt":{"rendered":"<p>San Marzano DOP Tomato, can of 400gr, net weight<\/p>\n<p>San Marzano DOP Tomato 400gr.<\/p>\n<p>Pomodoro San Marzano 400gr.<\/p>\n<p>&nbsp;<\/p>","protected":false},"featured_media":9013,"template":"","meta":{"jetpack_publicize_message":"","jetpack_publicize_feature_enabled":true,"jetpack_social_post_already_shared":true,"jetpack_social_options":{"image_generator_settings":{"template":"highway","default_image_id":0,"font":"","enabled":false},"version":2}},"product_brand":[864],"product_cat":[775,51],"product_tag":[70,786,200,650,60,139,58,785,59],"class_list":{"0":"post-9031","1":"product","2":"type-product","3":"status-publish","4":"has-post-thumbnail","6":"product_brand-nolano","7":"product_cat-canned-food","8":"product_cat-pomidoru-padazas","9":"product_tag-dop","10":"product_tag-marzano","11":"product_tag-natural-tomato-sauce","12":"product_tag-pomidoras","13":"product_tag-pomidoru","14":"product_tag-pomodori","15":"product_tag-pomodoro","16":"product_tag-san","17":"product_tag-tomato","19":"first","20":"instock","21":"sale","22":"taxable","23":"shipping-taxable","24":"purchasable","25":"product-type-simple"},"jetpack_publicize_connections":[],"jetpack_sharing_enabled":true,"_links":{"self":[{"href":"https:\/\/www.sologusto.com\/lt\/wp-json\/wp\/v2\/product\/9031","targetHints":{"allow":["GET"]}}],"collection":[{"href":"https:\/\/www.sologusto.com\/lt\/wp-json\/wp\/v2\/product"}],"about":[{"href":"https:\/\/www.sologusto.com\/lt\/wp-json\/wp\/v2\/types\/product"}],"wp:featuredmedia":[{"embeddable":true,"href":"https:\/\/www.sologusto.com\/lt\/wp-json\/wp\/v2\/media\/9013"}],"wp:attachment":[{"href":"https:\/\/www.sologusto.com\/lt\/wp-json\/wp\/v2\/media?parent=9031"}],"wp:term":[{"taxonomy":"product_brand","embeddable":true,"href":"https:\/\/www.sologusto.com\/lt\/wp-json\/wp\/v2\/product_brand?post=9031"},{"taxonomy":"product_cat","embeddable":true,"href":"https:\/\/www.sologusto.com\/lt\/wp-json\/wp\/v2\/product_cat?post=9031"},{"taxonomy":"product_tag","embeddable":true,"href":"https:\/\/www.sologusto.com\/lt\/wp-json\/wp\/v2\/product_tag?post=9031"}],"curies":[{"name":"wp","href":"https:\/\/api.w.org\/{rel}","templated":true}]}}