{"id":9030,"date":"2024-11-22T10:05:13","date_gmt":"2024-11-22T08:05:13","guid":{"rendered":"https:\/\/www.sologusto.com\/product\/pacchetelle-of-yellow-tomato-from-vesuvio-6-jars-1062ml"},"modified":"2025-11-25T11:23:05","modified_gmt":"2025-11-25T09:23:05","slug":"pacchetelle-of-yellow-tomato-from-vesuvio-6-jars-1062ml","status":"publish","type":"product","link":"https:\/\/www.sologusto.com\/lt\/produktas\/pacchetelle-of-yellow-tomato-from-vesuvio-6-jars-1062ml\/","title":{"rendered":"Geltonieji pomidorai i\u0161 Vesuvio, 1062 ml"},"content":{"rendered":"<p>Il Pomodorino del Piennolo del Vesuvio \u00e8 una<br \/>\nvariet\u00e0 di pomodoro coltivata esclusivamente sulle pendici vulcaniche<br \/>\ndel Vesuvio.<br \/>\nGi\u00e0 riconosciuto come prodotto agroalimentare tradizionale dalla regione<br \/>\nCampania, il &#8220;Pomodorino del Piennolo del Vesuvio&#8221; \u00e8 divenuta una DOP<br \/>\ndal 2009 V.Nut: Energia 29kcal, grassi 0,3g, di cui saturi 0,0g, carboidrati 4,4g, di cui zuccheri 4,2g, fibre 1,4g, proteine 1,5g, sale 0,28g<\/p>\n<p>&#8212; &#8212;<\/p>\n<p>Piennolo del Vesuvius pomidoras yra vienas<br \/>\npomidor\u0173 veisl\u0117, auginama tik vulkaniniuose \u0161laituose<br \/>\nVezuvijaus.<br \/>\nRegione jau pripa\u017eintas tradiciniu \u017eem\u0117s \u016bkio maisto produktu<br \/>\nKampanija, \u201ePomidoras del Piennolo del Vesuvio\u201c tapo DOP<br \/>\nnuo 2009 V.Rie\u0161utas: Energija 29kcal, riebalai 0,3g, i\u0161 kuri\u0173 sotieji 0,0g, angliavandeniai 4,4g, i\u0161 kuri\u0173 cukr\u016bs 4,2g, skaidulos 1,4g, baltymai 1,5g, druska 0,28g<\/p>\n<p>&nbsp;<\/p>\n<p>Ingredientai: geltoni pomidorai i\u0161 Kampanijos, vanduo, druska.<\/p>\n<p>&#8212; &#8212;<\/p>\n<p>The Pomodorino del Piennolo del Vesuvio is a<br \/>\ntomato variety grown exclusively on the volcanic slopes<br \/>\nof Vesuvius.<br \/>\nAlready recognized as a traditional agri-food product by the<br \/>\nCampania region, the &#8220;Pomodorino del Piennolo del Vesuvio&#8221; has become a DOP<br \/>\nsince 2009 V.Nut: Energy 29kcal, fat 0.3g, of which saturated 0.0g, carbohydrates 4.4g, of which sugars 4.2g, fiber 1.4g, protein 1.5g, salt 0.28g<\/p>","protected":false},"excerpt":{"rendered":"<p>Pacchetelle of Yellow Tomato from Vesuvio, jars of 1062, net weight<\/p>\n<p>Piennolo del Vesuvius pomidoras<\/p>\n<p>Pomodoro del Piennolo<\/p>","protected":false},"featured_media":9037,"template":"","meta":{"jetpack_publicize_message":"","jetpack_publicize_feature_enabled":true,"jetpack_social_post_already_shared":true,"jetpack_social_options":{"image_generator_settings":{"template":"highway","default_image_id":0,"font":"","enabled":false},"version":2}},"product_brand":[],"product_cat":[775,51],"product_tag":[783,781,780,788,650,60,139,789,59,784,782],"class_list":{"0":"post-9030","1":"product","2":"type-product","3":"status-publish","4":"has-post-thumbnail","6":"product_cat-canned-food","7":"product_cat-pomidoru-padazas","8":"product_tag-from","9":"product_tag-of","10":"product_tag-pacchetelle","11":"product_tag-piennolo","12":"product_tag-pomidoras","13":"product_tag-pomidoru","14":"product_tag-pomodori","15":"product_tag-pomorodo","16":"product_tag-tomato","17":"product_tag-vesuvio","18":"product_tag-yellow","20":"first","21":"outofstock","22":"taxable","23":"shipping-taxable","24":"purchasable","25":"product-type-simple"},"jetpack_publicize_connections":[],"jetpack_sharing_enabled":true,"_links":{"self":[{"href":"https:\/\/www.sologusto.com\/lt\/wp-json\/wp\/v2\/product\/9030","targetHints":{"allow":["GET"]}}],"collection":[{"href":"https:\/\/www.sologusto.com\/lt\/wp-json\/wp\/v2\/product"}],"about":[{"href":"https:\/\/www.sologusto.com\/lt\/wp-json\/wp\/v2\/types\/product"}],"wp:featuredmedia":[{"embeddable":true,"href":"https:\/\/www.sologusto.com\/lt\/wp-json\/wp\/v2\/media\/9037"}],"wp:attachment":[{"href":"https:\/\/www.sologusto.com\/lt\/wp-json\/wp\/v2\/media?parent=9030"}],"wp:term":[{"taxonomy":"product_brand","embeddable":true,"href":"https:\/\/www.sologusto.com\/lt\/wp-json\/wp\/v2\/product_brand?post=9030"},{"taxonomy":"product_cat","embeddable":true,"href":"https:\/\/www.sologusto.com\/lt\/wp-json\/wp\/v2\/product_cat?post=9030"},{"taxonomy":"product_tag","embeddable":true,"href":"https:\/\/www.sologusto.com\/lt\/wp-json\/wp\/v2\/product_tag?post=9030"}],"curies":[{"name":"wp","href":"https:\/\/api.w.org\/{rel}","templated":true}]}}