{"id":9029,"date":"2024-11-22T10:05:12","date_gmt":"2024-11-22T08:05:12","guid":{"rendered":"https:\/\/www.sologusto.com\/product\/cherry-tomato-24-cans-400gr"},"modified":"2025-12-13T15:31:02","modified_gmt":"2025-12-13T13:31:02","slug":"cherry-tomato-24-cans-400gr","status":"publish","type":"product","link":"https:\/\/www.sologusto.com\/lt\/produktas\/cherry-tomato-24-cans-400gr\/","title":{"rendered":"Cherry Tomato, 400gr &#8211; Vy\u0161niniai pomidorai, 400 gr"},"content":{"rendered":"<p>Il Pomodorino \u00e8 una tipica variet\u00e0 di pomodoro del Sud Italia dalla caratteristica forma tonda e dalle dimensioni ridotte. I Pomodorini Nolano si caratterizzano per un grado zuccherino particolarmente elevato che dona ai piatti una dolcezza unica e naturale. Dopo la raccolta, i frutti sono lavorati in un laboratorio che cura scrupolosamente le diverse fasi di trasformazione. Il risultato \u00e8 un pomodoro versatile, adatto ad ogni tipo di preparazione, che predilige cotture veloci e si sposa perfettamente con i piatti a base di pesce. V. Nut: energia 24kcal, grassi 0,2g, di cui saturi 0g, carboidrati3,4g, di cui zuccheri 3,4g fibre 1,7g, proteine 1,2g, sale 0,1<\/p>\n<p>&#8212; &#8212;<\/p>\n<p>Pomodorino yra tipi\u0161ka Piet\u0173 Italijos pomidor\u0173 veisl\u0117, turinti b\u016bding\u0105 apvali\u0105 form\u0105 ir ma\u017e\u0105 dyd\u012f. Nolano vy\u0161niniai pomidorai pasi\u017eymi ypa\u010d dideliu cukraus kiekiu, suteikian\u010diu patiekalams nepakartojamo ir nat\u016bralaus saldumo. Nu\u0117mus derli\u0173, vaisiai apdorojami laboratorijoje, kuri skrupulingai r\u016bpinasi \u012fvairiomis transformacijos faz\u0117mis. Rezultatas \u2013 universalus pomidoras, tinkantis bet kokiam ruo\u0161imui, kuris m\u0117gsta greit\u0105 gaminim\u0105 ir puikiai dera su \u017euvies patiekalais. V. Rie\u0161utas: energin\u0117 24kcal, riebalai 0,2g, i\u0161 kuri\u0173 sotieji 0g, angliavandeniai 3,4g, i\u0161 kuri\u0173 cukr\u016bs 3,4g, skaidulos 1,7g, baltymai 1,2g, druska 0,1<\/p>\n<p>&#8212; &#8212;<\/p>\n<p>Pomodorino is a typical variety of tomato from Southern Italy with a characteristic round shape and small size. Pomodorini Nolano are characterized by a particularly high sugar content that gives dishes a unique and natural sweetness. After harvesting, the fruits are processed in a laboratory that scrupulously takes care of the different stages of transformation. The result is a versatile tomato, suitable for any type of preparation, which prefers quick cooking and goes perfectly with fish-based dishes. V. Nut: energy 24kcal, fat 0.2g, of which saturated 0g, carbohydrates 3.4g, of which sugars 3.4g fiber 1.7g, protein 1.2g, salt 0.1<\/p>\n<p>&nbsp;<\/p>\n<p>&nbsp;<\/p>","protected":false},"excerpt":{"rendered":"<p>Cherry tomato, can of 400gr, net weight<\/p>\n<p>Pomodorini ciliegini, 400gr<\/p>\n<p>Vy\u0161niniai pomidorai, 400 gr<\/p>","protected":false},"featured_media":9035,"template":"","meta":{"jetpack_publicize_message":"","jetpack_publicize_feature_enabled":true,"jetpack_social_post_already_shared":true,"jetpack_social_options":{"image_generator_settings":{"template":"highway","default_image_id":0,"font":"","enabled":false},"version":2}},"product_brand":[864],"product_cat":[775,51],"product_tag":[779,797,793,650,60,139,251,796,58,59,798],"class_list":{"0":"post-9029","1":"product","2":"type-product","3":"status-publish","4":"has-post-thumbnail","6":"product_brand-nolano","7":"product_cat-canned-food","8":"product_cat-pomidoru-padazas","9":"product_tag-cherry","10":"product_tag-ciliegini","11":"product_tag-pomidorai","12":"product_tag-pomidoras","13":"product_tag-pomidoru","14":"product_tag-pomodori","15":"product_tag-pomodorini","16":"product_tag-pomodorini-ciliegini","17":"product_tag-pomodoro","18":"product_tag-tomato","19":"product_tag-vysniniai-pomidorai","21":"first","22":"outofstock","23":"taxable","24":"shipping-taxable","25":"purchasable","26":"product-type-simple"},"jetpack_publicize_connections":[],"jetpack_sharing_enabled":true,"_links":{"self":[{"href":"https:\/\/www.sologusto.com\/lt\/wp-json\/wp\/v2\/product\/9029","targetHints":{"allow":["GET"]}}],"collection":[{"href":"https:\/\/www.sologusto.com\/lt\/wp-json\/wp\/v2\/product"}],"about":[{"href":"https:\/\/www.sologusto.com\/lt\/wp-json\/wp\/v2\/types\/product"}],"wp:featuredmedia":[{"embeddable":true,"href":"https:\/\/www.sologusto.com\/lt\/wp-json\/wp\/v2\/media\/9035"}],"wp:attachment":[{"href":"https:\/\/www.sologusto.com\/lt\/wp-json\/wp\/v2\/media?parent=9029"}],"wp:term":[{"taxonomy":"product_brand","embeddable":true,"href":"https:\/\/www.sologusto.com\/lt\/wp-json\/wp\/v2\/product_brand?post=9029"},{"taxonomy":"product_cat","embeddable":true,"href":"https:\/\/www.sologusto.com\/lt\/wp-json\/wp\/v2\/product_cat?post=9029"},{"taxonomy":"product_tag","embeddable":true,"href":"https:\/\/www.sologusto.com\/lt\/wp-json\/wp\/v2\/product_tag?post=9029"}],"curies":[{"name":"wp","href":"https:\/\/api.w.org\/{rel}","templated":true}]}}