{"id":9028,"date":"2024-11-22T10:05:12","date_gmt":"2024-11-22T08:05:12","guid":{"rendered":"https:\/\/www.sologusto.com\/product\/tomato-puree-24-cans-400gr"},"modified":"2026-03-12T14:27:47","modified_gmt":"2026-03-12T12:27:47","slug":"tomato-puree-24-cans-400gr","status":"publish","type":"product","link":"https:\/\/www.sologusto.com\/lt\/produktas\/tomato-puree-24-cans-400gr\/","title":{"rendered":"Tomato Puree, 400gr &#8211; Pomidor\u0173 tyr\u0117, 400gr"},"content":{"rendered":"<p>Realizzata con pomodori attentamente selezionati, la passata di pomodoro Nolano si contraddistingue per la sua inconfondibile consistenza.<\/p>\n<p>La cottura breve ne esalta la dolcezza e ne preserva la freschezza rendendola ideale specialmente per preparazioni semplici e della cucina tradizionale. V. Nut: Energia 25kcal, grassi 0,2g, di cui saturi 0g,carboidrati 3,8g, di cui zuccheri 3,8g, fibre 1,0g, proteine 1,6g, sale 0,3g<\/p>\n<p>&#8212; &#8212;<\/p>\n<p>Pagaminta i\u0161 kruop\u0161\u010diai atrinkt\u0173 pomidor\u0173, Nolano pomidor\u0173 tyr\u0117 pasi\u017eymi neabejotina konsistencija.<\/p>\n<p>Trumpas kepimas padidina jo saldum\u0105 ir i\u0161saugo \u0161vie\u017eum\u0105, tod\u0117l ypa\u010d tinka paprastiems ruo\u0161iniams ir tradicinei virtuvei. V. Rie\u0161utas: Energija 25 kcal, riebalai 0,2 g, i\u0161 kuri\u0173 sotieji 0 g, angliavandeniai 3,8 g, i\u0161 j\u0173 cukr\u016bs 3,8 g, skaidulos 1,0 g, baltymai 1,6 g, druska 0,3 g<\/p>\n<p>&#8212; &#8212;<\/p>\n<p>Made with carefully selected tomatoes, Nolano tomato puree stands out for its unmistakable consistency.<\/p>\n<p>The short cooking time enhances its sweetness and preserves its freshness, making it ideal especially for simple preparations and traditional cuisine. V. Nut: Energy 25kcal, fat 0.2g, of which saturated 0g, carbohydrates 3.8g, of which sugars 3.8g, fiber 1.0g, protein 1.6g, salt 0.3g<\/p>","protected":false},"excerpt":{"rendered":"<p>Tomato Puree, can of 400gr, net weight<\/p>\n<p>Pomidor\u0173 tyr\u0117, 400gr<\/p>\n<p>Passata di pomodoro 400gr.<\/p>\n<p>&nbsp;<\/p>","protected":false},"featured_media":9010,"template":"","meta":{"jetpack_publicize_message":"","jetpack_publicize_feature_enabled":true,"jetpack_social_post_already_shared":true,"jetpack_social_options":{"image_generator_settings":{"template":"highway","default_image_id":0,"font":"","enabled":false},"version":2}},"product_brand":[864],"product_cat":[775,51],"product_tag":[57,201,793,60,794,139,58,778,59,795],"class_list":{"0":"post-9028","1":"product","2":"type-product","3":"status-publish","4":"has-post-thumbnail","6":"product_brand-nolano","7":"product_cat-canned-food","8":"product_cat-pomidoru-padazas","9":"product_tag-passata","10":"product_tag-passata-di-pomodoro","11":"product_tag-pomidorai","12":"product_tag-pomidoru","13":"product_tag-pomidoru-tyre","14":"product_tag-pomodori","15":"product_tag-pomodoro","16":"product_tag-puree","17":"product_tag-tomato","18":"product_tag-tyre","20":"first","21":"instock","22":"sale","23":"taxable","24":"shipping-taxable","25":"purchasable","26":"product-type-simple"},"jetpack_publicize_connections":[],"jetpack_sharing_enabled":true,"_links":{"self":[{"href":"https:\/\/www.sologusto.com\/lt\/wp-json\/wp\/v2\/product\/9028","targetHints":{"allow":["GET"]}}],"collection":[{"href":"https:\/\/www.sologusto.com\/lt\/wp-json\/wp\/v2\/product"}],"about":[{"href":"https:\/\/www.sologusto.com\/lt\/wp-json\/wp\/v2\/types\/product"}],"wp:featuredmedia":[{"embeddable":true,"href":"https:\/\/www.sologusto.com\/lt\/wp-json\/wp\/v2\/media\/9010"}],"wp:attachment":[{"href":"https:\/\/www.sologusto.com\/lt\/wp-json\/wp\/v2\/media?parent=9028"}],"wp:term":[{"taxonomy":"product_brand","embeddable":true,"href":"https:\/\/www.sologusto.com\/lt\/wp-json\/wp\/v2\/product_brand?post=9028"},{"taxonomy":"product_cat","embeddable":true,"href":"https:\/\/www.sologusto.com\/lt\/wp-json\/wp\/v2\/product_cat?post=9028"},{"taxonomy":"product_tag","embeddable":true,"href":"https:\/\/www.sologusto.com\/lt\/wp-json\/wp\/v2\/product_tag?post=9028"}],"curies":[{"name":"wp","href":"https:\/\/api.w.org\/{rel}","templated":true}]}}