{"id":8942,"date":"2024-11-01T15:27:05","date_gmt":"2024-11-01T13:27:05","guid":{"rendered":"https:\/\/www.sologusto.com\/product\/cipolla-rossa-di-tropea-igp-in-agrodolce-gr-285"},"modified":"2026-01-11T11:55:44","modified_gmt":"2026-01-11T09:55:44","slug":"cipolla-rossa-di-tropea-igp-in-agrodolce-gr-285","status":"publish","type":"product","link":"https:\/\/www.sologusto.com\/lt\/produktas\/cipolla-rossa-di-tropea-igp-in-agrodolce-gr-285\/","title":{"rendered":"Sald\u017eiar\u016bg\u0161tis Tropea SGN raudonasis svog\u016bnas"},"content":{"rendered":"<p>Sald\u017eiar\u016bg\u0161tis Tropea SGN raudonasis svog\u016bnas<\/p>\n<p>Prie\u0161 4000 met\u0173 finikie\u010diai \u012f Kalabrij\u0105 atve\u017e\u0117 unikal\u0173 svog\u016bn\u0105. \u0160iandien \u0161is svog\u016bnas auginamas tam tikroje Kalabrijos Tir\u0117n\u0173 j\u016bros pakrant\u0117s vietoje. Unikali genetin\u0117 sud\u0117tis, temperat\u016bros derinys, dirvo\u017eemio sud\u0117tis ir j\u016bros v\u0117jas lemia nepakartojam\u0105 SGN Tropea raudonojo svog\u016bno saldum\u0105 ir tra\u0161kum\u0105, kur\u012f \u0161iame produkte dar labiau sustiprina sald\u017eiar\u016bg\u0161tis konservas.<\/p>\n<p><strong>Regionas:<\/strong> Kalabrija<\/p>\n<p><strong>A\u0161tumo lygis:<\/strong> Ne a\u0161trus<\/p>\n<p>Raudonasis svog\u016bnas i\u0161 Tropea Calabria I.G.P. 66 %<br \/>\nkrioklys; actas; cukraus; druskos.<br \/>\nGali b\u016bti NAT\u016aRALI\u0172 SULFITO.<\/p>\n<p>Antioksidantas: askorbo r\u016bg\u0161tis.<\/p>\n<p>R\u016bg\u0161tingumo reguliatorius: citrin\u0173 r\u016bg\u0161tis<\/p>\n<p>Maistin\u0117 vert\u0117 100 g produkto<br \/>\nEnergija: 31 Kcal<br \/>\nRiebalai: 0 g; i\u0161 kuri\u0173 so\u010di\u0173j\u0173 0 g<br \/>\nAngliavandeniai: 6,5 g, i\u0161 kuri\u0173 cukr\u0173 3,8 g<br \/>\nSkaidulos: 0,9 g<br \/>\nBaltymai: 0,9 g<br \/>\nDruska: 0,87 g<\/p>\n<p>&#8212; &#8212;<\/p>\n<p>Cipolla rossa di tropea IGP in agrodolce<\/p>\n<p>4000 anni fa i Fenici portarono in Calabria una cipolla unica nel suo genere. Oggi quella cipolla \u00e8 coltivata in una specifica area della costa tirrenica Calabrese. Un corredo genetico unico nel suo genere, il mix di temperatura, composizione del terreno e brezza marina determinano la dolcezza e la croccantezza inconfondibile della Cipolla Rossa di Tropea IGP, che in questo prodotto vengono ancora pi\u00f9 esaltate dalla conserva in agrodolce.<\/p>\n<p>Regione: Calabria<\/p>\n<p>Livello Piccantezza: Non piccante<\/p>\n<p>Cipolla rossa di Tropea Calabria I.G.P. 66%<br \/>\nacqua; aceto; zucchero; sale.<br \/>\nPu\u00f2 contenere SOLFITI NATURALI.<\/p>\n<p>Antiossidante: acido ascorbico.<\/p>\n<p>Correttore di acidit\u00e0: acido citrico<\/p>\n<p>Valori Nutrizionali per 100 gr di prodotto<br \/>\nEnergia: 31 Kcal<br \/>\nGrassi: 0 g; di cui saturi 0 g<br \/>\nCarboidrati: 6.5 g;di cui zuccheri 3.8 g<br \/>\nFibre: 0.9 g<br \/>\nProteine: 0.9 g<br \/>\nSale: 0.87 g<\/p>\n<p>&#8212; &#8212;<\/p>\n<p>Tropea Red Onion PGI in Sweet and Sour<\/p>\n<p>4000 years ago the Phoenicians brought a unique onion to Calabria. Today that onion is grown in a specific area of \u200b\u200bthe Tyrrhenian coast of Calabria. A unique genetic makeup, the mix of temperature, soil composition and sea breeze determine the unmistakable sweetness and crunchiness of the Tropea Red Onion PGI, which in this product are further enhanced by the sweet and sour preserve.<\/p>\n<p>Region: Calabria<\/p>\n<p>Spiciness Level: Not spicy<\/p>\n<p>Tropea Red Onion Calabria PGI 66%<br \/>\nwater; vinegar; sugar; salt.<br \/>\nMay contain NATURAL SULPHITES.<\/p>\n<p>Antioxidant: ascorbic acid.<\/p>\n<p>Acidity regulator: citric acid<\/p>\n<p>Nutritional values \u200b\u200bper 100 g of product<br \/>\nEnergy: 31 Kcal<br \/>\nFat: 0 g; of which saturated 0 g<br \/>\nCarbohydrates: 6.5 g; of which sugars 3.8 g<br \/>\nFiber: 0.9 g<br \/>\nProtein: 0.9 g<br \/>\nSalt: 0.87 g<\/p>\n<p>&nbsp;<\/p>","protected":false},"excerpt":{"rendered":"<p>Cipolla Rossa Di Tropea Igp In Agrodolce Gr.285<\/p>\n<p>Sald\u017eiar\u016bg\u0161tis Tropea SGN raudonasis svog\u016bnas<\/p>\n<p>Tropea Red Onion PGI in Sweet and Sour<\/p>","protected":false},"featured_media":8972,"template":"","meta":{"jetpack_publicize_message":"","jetpack_publicize_feature_enabled":true,"jetpack_social_post_already_shared":true,"jetpack_social_options":{"image_generator_settings":{"template":"highway","default_image_id":0,"font":"","enabled":false},"version":2}},"product_brand":[],"product_cat":[52,53],"product_tag":[765,589,746,730,763,766,773,764,767,772,771,769,758,768,774,740,770,601],"class_list":{"0":"post-8942","1":"product","2":"type-product","3":"status-publish","4":"has-post-thumbnail","6":"product_cat-padazai","7":"product_cat-uztepeles","8":"product_tag-agrodolce","9":"product_tag-antipasto","10":"product_tag-bruschetta","11":"product_tag-calabria","12":"product_tag-cipolla-rossa-di-tropea","13":"product_tag-contorno","14":"product_tag-garnyras","15":"product_tag-igp","16":"product_tag-prodotto-tipico-tropea-red-onion","17":"product_tag-saldziarugstis","18":"product_tag-sgn","19":"product_tag-side-dish","20":"product_tag-starter","21":"product_tag-sweet-and-sour","22":"product_tag-tipiskas-produktas-cipolla-rossa-di-tropea","23":"product_tag-typical-product","24":"product_tag-typical-product-raudonasis-tropea-svogunas","25":"product_tag-uzkandis","27":"first","28":"instock","29":"sale","30":"taxable","31":"shipping-taxable","32":"purchasable","33":"product-type-simple"},"jetpack_publicize_connections":[],"jetpack_sharing_enabled":true,"_links":{"self":[{"href":"https:\/\/www.sologusto.com\/lt\/wp-json\/wp\/v2\/product\/8942","targetHints":{"allow":["GET"]}}],"collection":[{"href":"https:\/\/www.sologusto.com\/lt\/wp-json\/wp\/v2\/product"}],"about":[{"href":"https:\/\/www.sologusto.com\/lt\/wp-json\/wp\/v2\/types\/product"}],"wp:featuredmedia":[{"embeddable":true,"href":"https:\/\/www.sologusto.com\/lt\/wp-json\/wp\/v2\/media\/8972"}],"wp:attachment":[{"href":"https:\/\/www.sologusto.com\/lt\/wp-json\/wp\/v2\/media?parent=8942"}],"wp:term":[{"taxonomy":"product_brand","embeddable":true,"href":"https:\/\/www.sologusto.com\/lt\/wp-json\/wp\/v2\/product_brand?post=8942"},{"taxonomy":"product_cat","embeddable":true,"href":"https:\/\/www.sologusto.com\/lt\/wp-json\/wp\/v2\/product_cat?post=8942"},{"taxonomy":"product_tag","embeddable":true,"href":"https:\/\/www.sologusto.com\/lt\/wp-json\/wp\/v2\/product_tag?post=8942"}],"curies":[{"name":"wp","href":"https:\/\/api.w.org\/{rel}","templated":true}]}}