{"id":8940,"date":"2024-11-01T15:27:04","date_gmt":"2024-11-01T13:27:04","guid":{"rendered":"https:\/\/www.sologusto.com\/product\/miscela-esplosiva-per-bruschette-gr-190"},"modified":"2026-01-11T11:55:45","modified_gmt":"2026-01-11T09:55:45","slug":"miscela-esplosiva-per-bruschette-gr-190","status":"publish","type":"product","link":"https:\/\/www.sologusto.com\/lt\/produktas\/miscela-esplosiva-per-bruschette-gr-190\/","title":{"rendered":"Miscela Esplosiva Per Bruschette gr.190 &#8211; Sprogstamasis mi\u0161inys brusketai &#8211; Explosive mix for bruschetta"},"content":{"rendered":"<p>Miscela esplosiva per bruschette<\/p>\n<p>Descrizione prodotto: Nel 1970 viene creato questo fantastico e avvolgente sapore miscelando i peperoncini alle verdure fresche. La Miscela Esplosiva \u00e8 un condimento piccante in cui ritrovare i sapori della Calabria.<\/p>\n<p>Modalit\u00e0 di consumo: aggiungilo alla pasta, sulla pizza, nei panini o nei sandwich! Ottimo su carne e pesce arrostiti o verdure grigliate. Ideale su patatine fritte e pollo fritto.<\/p>\n<p>Regione: Calabria<\/p>\n<p>Livello Piccantezza: Infernale&#xfe0f;&#xfe0f;&#xfe0f;&#xfe0f;<\/p>\n<p>Ingredienti: Preparato a base di ortaggi 65%<br \/>\nPeperoncini piccanti; Carote; Melanzane; Carciofi; Peperoni; Pomodori secchi (Origine Italia); Funghi (Pleurotus Ostreatus); Olio di semi di girasole; Olio EVO; Aceto; Sale.<br \/>\nPu\u00f2 contenere tracce di SOLFITI NATURALI. Tracce di acido citrico e acido ascorbico.<\/p>\n<p>Valori Nutrizionali per 100 gr di prodotto<br \/>\nEnergia: 340 Kcal<br \/>\nGrassi: 34 g; di cui saturi 3.6 g<br \/>\nCarboidrati: 5.5 g; di cui zuccheri 4.1g<br \/>\nFibre: 2.4 g<br \/>\nProteine: 1.7 g<br \/>\nSale: 0.31 g<\/p>\n<p>&#8212; &#8212;<\/p>\n<p>&nbsp;<\/p>\n<p>Sprogstamasis mi\u0161inys brusketai<\/p>\n<p>Produkto apra\u0161ymas: 1970 m. \u0161is fantasti\u0161kas ir apgaubiantis skonis buvo sukurtas sumai\u0161ius \u010dili pipirus su \u0161vie\u017eiomis dar\u017eov\u0117mis. \u201eThe Explosive Blend\u201c yra a\u0161trus pagardas, kuriame galite rasti Kalabrijos skoni\u0173.<\/p>\n<p>Vartojimas: d\u0117kite \u012f makaronus, ant picos, \u012f sumu\u0161tinius ar sumu\u0161tinius! Puikiai tinka ant keptos m\u0117sos ir \u017euvies arba ant groteli\u0173 kept\u0173 dar\u017eovi\u0173. Idealiai tinka ant tra\u0161ku\u010di\u0173 ir keptos vi\u0161tienos.<\/p>\n<p>Regionas: Kalabrija<\/p>\n<p>Kar\u0161tumo lygis: pragari\u0161kas&#xfe0f;&#xfe0f;&#xfe0f;&#xfe0f;<\/p>\n<p>Sud\u0117tis: Dar\u017eovi\u0173 pagrindu pagamintas preparatas 65%<br \/>\nAitriosios \u010dili pipirai; Morkos; Bakla\u017eanai; Arti\u0161okai; pipirai; D\u017eiovinti pomidorai (kilm\u0117 Italija); Grybai (Pleurotus Ostreatus); saul\u0117gr\u0105\u017e\u0173 aliejus; EVO aliejus; Actas; Druska.<br \/>\nGali tur\u0117ti NAT\u016aRALI\u0172 SULFITO p\u0117dsak\u0173. Citrin\u0173 ir askorbo r\u016bg\u0161ties p\u0117dsakai.<\/p>\n<p>Maistin\u0117 vert\u0117 100 g produkto<br \/>\nEnergija: 340 Kcal<br \/>\nRiebalai: 34 g; i\u0161 kuri\u0173 so\u010di\u0173j\u0173 3,6 g<br \/>\nAngliavandeniai: 5,5 g; i\u0161 kuri\u0173 cukr\u0173 4,1g<br \/>\nSkaidulos: 2,4 g<br \/>\nBaltymai: 1,7 g<br \/>\nDruska: 0,31 g<\/p>\n<p>&#8212; &#8212;<\/p>\n<p>Explosive mix for bruschetta<\/p>\n<p>Product description: In 1970 this fantastic and enveloping flavor was created by mixing chili peppers with fresh vegetables. The Explosive Mix is \u200b\u200ba spicy condiment in which you can find the flavors of Calabria.<\/p>\n<p>How to consume: add it to pasta, on pizza, in sandwiches or rolls! Excellent on roasted meat and fish or grilled vegetables. Ideal on chips and fried chicken.<\/p>\n<p>Region: Calabria<\/p>\n<p>Spiciness Level: Infernal&#xfe0f;&#xfe0f;&#xfe0f;&#xfe0f;<\/p>\n<p>Ingredients: Vegetable-based preparation 65%<br \/>\nHot chili peppers; Carrots; Aubergines; Artichokes; Peppers; Dried tomatoes (Origin Italy); Mushrooms (Pleurotus Ostreatus); Sunflower seed oil; EVO oil; Vinegar; Salt.<br \/>\nMay contain traces of NATURAL SULPHITES. Traces of citric acid and ascorbic acid.<\/p>\n<p>Nutritional values \u200b\u200bper 100 g of product<br \/>\nEnergy: 340 Kcal<br \/>\nFat: 34 g; of which saturated 3.6 g<br \/>\nCarbohydrates: 5.5 g; of which sugars 4.1 g<br \/>\nFiber: 2.4 g<br \/>\nProtein: 1.7 g<br \/>\nSalt: 0.31 g<\/p>","protected":false},"excerpt":{"rendered":"<p>Miscela Esplosiva Per Bruschette gr.190<\/p>\n<p>Sprogstamasis mi\u0161inys brusketai<\/p>\n<p>Explosive mix for bruschetta<\/p>","protected":false},"featured_media":8974,"template":"","meta":{"jetpack_publicize_message":"","jetpack_publicize_feature_enabled":true,"jetpack_social_post_already_shared":true,"jetpack_social_options":{"image_generator_settings":{"template":"highway","default_image_id":0,"font":"","enabled":false},"version":2}},"product_brand":[],"product_cat":[52,53],"product_tag":[589,301,300,751,595,748,754,746,742,750,744,741,753,590,637,707,745,749,743,747,596,755,752],"class_list":{"0":"post-8940","1":"product","2":"type-product","3":"status-publish","4":"has-post-thumbnail","6":"product_cat-padazai","7":"product_cat-uztepeles","8":"product_tag-antipasto","9":"product_tag-aperitif","10":"product_tag-aperitivo","11":"product_tag-aperityvui","12":"product_tag-appetizer","13":"product_tag-aromatic-herbs","14":"product_tag-aromatingos-zoleles","15":"product_tag-bruschetta","16":"product_tag-bruschette","17":"product_tag-brusketai","18":"product_tag-erbe-aromatiche","19":"product_tag-miscela-per-bruschette","20":"product_tag-prieskoniai","21":"product_tag-saporito","22":"product_tag-skanu","23":"product_tag-snack","24":"product_tag-snack-bruschetta-mix","25":"product_tag-snack-misinys-brusketai","26":"product_tag-spezie","27":"product_tag-spices","28":"product_tag-tasty","29":"product_tag-uzkandis-miscela-per-bruschette","30":"product_tag-uzkandziui","32":"first","33":"instock","34":"sale","35":"taxable","36":"shipping-taxable","37":"purchasable","38":"product-type-simple"},"jetpack_publicize_connections":[],"jetpack_sharing_enabled":true,"_links":{"self":[{"href":"https:\/\/www.sologusto.com\/lt\/wp-json\/wp\/v2\/product\/8940","targetHints":{"allow":["GET"]}}],"collection":[{"href":"https:\/\/www.sologusto.com\/lt\/wp-json\/wp\/v2\/product"}],"about":[{"href":"https:\/\/www.sologusto.com\/lt\/wp-json\/wp\/v2\/types\/product"}],"wp:featuredmedia":[{"embeddable":true,"href":"https:\/\/www.sologusto.com\/lt\/wp-json\/wp\/v2\/media\/8974"}],"wp:attachment":[{"href":"https:\/\/www.sologusto.com\/lt\/wp-json\/wp\/v2\/media?parent=8940"}],"wp:term":[{"taxonomy":"product_brand","embeddable":true,"href":"https:\/\/www.sologusto.com\/lt\/wp-json\/wp\/v2\/product_brand?post=8940"},{"taxonomy":"product_cat","embeddable":true,"href":"https:\/\/www.sologusto.com\/lt\/wp-json\/wp\/v2\/product_cat?post=8940"},{"taxonomy":"product_tag","embeddable":true,"href":"https:\/\/www.sologusto.com\/lt\/wp-json\/wp\/v2\/product_tag?post=8940"}],"curies":[{"name":"wp","href":"https:\/\/api.w.org\/{rel}","templated":true}]}}