{"id":8939,"date":"2024-11-01T15:27:04","date_gmt":"2024-11-01T13:27:04","guid":{"rendered":"https:\/\/www.sologusto.com\/product\/nduja-originale-di-spilinga-gr-170"},"modified":"2026-01-28T15:19:17","modified_gmt":"2026-01-28T13:19:17","slug":"nduja-originale-di-spilinga-gr-170","status":"publish","type":"product","link":"https:\/\/www.sologusto.com\/lt\/produktas\/nduja-originale-di-spilinga-gr-170\/","title":{"rendered":"Originali Nduja is Spilingos 170 g &#8211; Original Nduja from Spilinga"},"content":{"rendered":"<p>Nduja originale di Spilinga<\/p>\n<p>Descrizione prodotto: la \u2018Nduja di Spilinga \u00e8 il simbolo della Calabria e della sua tradizione culinaria. Questo salume spalmabile si contraddistingue per la sua piccantezza ed il suo aroma. Selezioniamo la migliore \u2018Nduja di Spilinga e il suo sapore vi conquister\u00e0. Il vostro palato amer\u00e0 il contrasto tra il gusto morbido, pieno e avvolgente della carne e il gusto croccante, piccante e fresco del peperoncino macinato.<\/p>\n<p>Modalit\u00e0 di consumo:<br \/>\nTradizione vuole che la &#8216;Nduja sia prima scaldata, utilizzando l&#8217;apposito scalda &#8216;Nduja, e poi degustata su una fetta di pane tostato. In realt\u00e0, grazie al suo sapore ricco, la &#8216;Nduja pu\u00f2 essere usata in tante preparazioni! Ecco un po&#8217; di idee: \u2013 Pizza rossa con olive nere e Nduja \u2013 Arancini alla &#8216;Nduja \u2013 Pasta con &#8216;Nduja e Gorgonzola \u2013 Pasta con Patate, Nduja e Caciocavallo \u2013 Fregola con vongole e &#8216;Nduja \u2013 Gnocchi di patate ripieni di &#8216;Nduja e caciocavallo \u2013 Muffin salati alla \u2018Nduja<\/p>\n<p>Regione: Calabria<\/p>\n<p>Livello Piccantezza: Media \ufe0f\ufe0f\ufe0f<\/p>\n<p>Ingredienti: Nduja Stagionata 80% (grasso suino;carne di suino; peperoncino; sale); Olio di semi di girasole; Olio EVO.<\/p>\n<p>Valori Nutrizionali per 100 gr di prodotto<br \/>\nEnergia 640 Kcal<br \/>\nGrassi 60 g; di cui saturi 25.3 g<br \/>\nCarboidrati 19 g; di cui zuccheri 4 g<br \/>\nFibre 1<br \/>\n2 g<br \/>\nProteine 6 g<br \/>\nSale 1<br \/>\n75 g<\/p>\n<p>&nbsp;<\/p>\n<p>&#8212; &#8212;<\/p>\n<p>Originali Nduja is Spilingos<\/p>\n<p>Prek\u0117s apra\u0161ymas: Spilingos \u201eNduja\u201c yra Kalabrijos ir jos kulinarini\u0173 tradicij\u0173 simbolis. \u0160i tepama s\u016bdyta m\u0117sa pasi\u017eymi a\u0161trumu ir aromatu. I\u0161renkame geriausi\u0105 &#8216;Nduj\u0105 i\u0161 Spilingos, o jos skonis patiks. J\u016bs\u0173 gomuriui patiks kontrastas tarp \u0161velnaus, pilno ir apgaubian\u010dio m\u0117sos skonio bei tra\u0161kaus, a\u0161traus ir gaivaus malt\u0173 \u010dili pipir\u0173 skonio.<\/p>\n<p>Vartojimo b\u016bdas:<br \/>\nTradicija byloja, kad \u201eNduja\u201c pirmiausia pa\u0161ildoma naudojant atitinkam\u0105 \u201eNduja\u201c \u0161ildytuv\u0105, o tada skanaujama ant skrudintos duonos riek\u0117s. I\u0161 tikr\u0173j\u0173 d\u0117l savo sodraus skonio \u201eNduja\u201c gali b\u016bti naudojamas daugeliui preparat\u0173! \u0160tai keletas id\u0117j\u0173: \u2013 Raudona pica su juodosiomis alyvuog\u0117mis ir Nduja \u2013 Arancini alla &#8216;Nduja \u2013 Makaronai su \u201eNduja ir Gorgonzola\u201c \u2013 Makaronai su bulv\u0117mis, Nduja ir Caciocavallo \u2013 Fregola su moliuskais ir \u201eNduja\u201c \u2013 bulvi\u0173 gnocchi, \u012fdaryti \u201eNduja ir caciocavallo\u201c Pikanti\u0161ki &#8216;Nduja bandel\u0117s<\/p>\n<p>&nbsp;<\/p>\n<p>Regionas: Kalabrija<\/p>\n<p>A\u0161trus lygis: Vidutinis \ufe0f\ufe0f\ufe0f<\/p>\n<p>Sud\u0117tis: Pagardinta Nduja 80% (kiaulienos riebalai; kiauliena; \u010dili pipirai; druska); saul\u0117gr\u0105\u017e\u0173 aliejus; EVO alyva.<\/p>\n<p>Maistin\u0117 vert\u0117 100 g produkto<br \/>\nEnergija 640 Kcal<br \/>\nRiebalai 60 g; i\u0161 kuri\u0173 so\u010di\u0173j\u0173 25,3 g<br \/>\nAngliavandeniai 19 g; i\u0161 kuri\u0173 cukr\u0173 4 g<br \/>\nSkaidulos 1<br \/>\n2 g<br \/>\nBaltymai 6 g<br \/>\nDruska 1<br \/>\n75 g<\/p>\n<p>&#8212; &#8212;<\/p>\n<p>Original Nduja from Spilinga<\/p>\n<p>Product description: \u2018Nduja from Spilinga is the symbol of Calabria and its culinary tradition. This spreadable salami is distinguished by its spiciness and aroma. We select the best \u2018Nduja from Spilinga and its flavor will conquer you. Your palate will love the contrast between the soft, full and enveloping taste of the meat and the crunchy, spicy and fresh taste of the ground chili pepper.<\/p>\n<p>How to consume:<br \/>\nTradition dictates that the &#8216;Nduja is first heated, using the special &#8216;Nduja warmer, and then tasted on a slice of toasted bread. In reality, thanks to its rich flavor, &#8216;Nduja can be used in many preparations! Here are some ideas: \u2013 Red pizza with black olives and Nduja \u2013 Arancini with &#8216;Nduja \u2013 Pasta with &#8216;Nduja and Gorgonzola \u2013 Pasta with Potatoes, Nduja and Caciocavallo \u2013 Fregola with clams and &#8216;Nduja \u2013 Potato gnocchi stuffed with &#8216;Nduja and caciocavallo \u2013 Savory muffins with &#8216;Nduja<\/p>\n<p>Region: Calabria<\/p>\n<p>Spiciness Level: Medium \ufe0f\ufe0f\ufe0f<\/p>\n<p>Ingredients: Seasoned Nduja 80% (pork fat; pork meat; chilli pepper; salt); Sunflower seed oil; EVO oil.<\/p>\n<p>Nutritional values \u200b\u200bper 100 g of product<br \/>\nEnergy 640 Kcal<br \/>\nFat 60 g; of which saturated 25.3 g<br \/>\nCarbohydrates 19 g; of which sugars 4 g<br \/>\nFiber 1<br \/>\n2 g<br \/>\nProtein 6 g<br \/>\nSalt 1<br \/>\n75 g<\/p>\n<p>&nbsp;<\/p>","protected":false},"excerpt":{"rendered":"<p>Nduja Originale Di Spilinga Gr.170<\/p>\n<p>Originali Nduja is Spilingos<\/p>\n<p>Original Nduja from Spilinga<\/p>","protected":false},"featured_media":8975,"template":"","meta":{"jetpack_publicize_message":"","jetpack_publicize_feature_enabled":true,"jetpack_social_post_already_shared":true,"jetpack_social_options":{"image_generator_settings":{"template":"highway","default_image_id":0,"font":"","enabled":false},"version":2}},"product_brand":[],"product_cat":[52,53],"product_tag":[589,595,736,730,732,738,105,727,102,737,729,213,731,458,733,728,735,739,740,734,601],"class_list":{"0":"post-8939","1":"product","2":"type-product","3":"status-publish","4":"has-post-thumbnail","6":"product_cat-padazai","7":"product_cat-uztepeles","8":"product_tag-antipasto","9":"product_tag-appetizer","10":"product_tag-astrus","11":"product_tag-calabria","12":"product_tag-cured-meats","13":"product_tag-kalabrija","14":"product_tag-makaronai","15":"product_tag-nduja","16":"product_tag-pasta","17":"product_tag-pica","18":"product_tag-piccante","19":"product_tag-pizza","20":"product_tag-prodotto-tipico-nduja","21":"product_tag-salumi","22":"product_tag-spicy","23":"product_tag-spilinga","24":"product_tag-sudyta-mesa","25":"product_tag-tipinis-produktas-nduja","26":"product_tag-typical-product","27":"product_tag-typical-product-nduja","28":"product_tag-uzkandis","30":"first","31":"outofstock","32":"taxable","33":"shipping-taxable","34":"purchasable","35":"product-type-simple"},"jetpack_publicize_connections":[],"jetpack_sharing_enabled":true,"_links":{"self":[{"href":"https:\/\/www.sologusto.com\/lt\/wp-json\/wp\/v2\/product\/8939","targetHints":{"allow":["GET"]}}],"collection":[{"href":"https:\/\/www.sologusto.com\/lt\/wp-json\/wp\/v2\/product"}],"about":[{"href":"https:\/\/www.sologusto.com\/lt\/wp-json\/wp\/v2\/types\/product"}],"wp:featuredmedia":[{"embeddable":true,"href":"https:\/\/www.sologusto.com\/lt\/wp-json\/wp\/v2\/media\/8975"}],"wp:attachment":[{"href":"https:\/\/www.sologusto.com\/lt\/wp-json\/wp\/v2\/media?parent=8939"}],"wp:term":[{"taxonomy":"product_brand","embeddable":true,"href":"https:\/\/www.sologusto.com\/lt\/wp-json\/wp\/v2\/product_brand?post=8939"},{"taxonomy":"product_cat","embeddable":true,"href":"https:\/\/www.sologusto.com\/lt\/wp-json\/wp\/v2\/product_cat?post=8939"},{"taxonomy":"product_tag","embeddable":true,"href":"https:\/\/www.sologusto.com\/lt\/wp-json\/wp\/v2\/product_tag?post=8939"}],"curies":[{"name":"wp","href":"https:\/\/api.w.org\/{rel}","templated":true}]}}