{"id":8937,"date":"2024-11-01T15:27:03","date_gmt":"2024-11-01T13:27:03","guid":{"rendered":"https:\/\/www.sologusto.com\/product\/olio-evo-raguso-gli-abbinabili-pesce-ml-500"},"modified":"2025-07-16T12:00:11","modified_gmt":"2025-07-16T09:00:11","slug":"olio-evo-raguso-gli-abbinabili-pesce-ml-500","status":"publish","type":"product","link":"https:\/\/www.sologusto.com\/lt\/produktas\/olio-evo-raguso-gli-abbinabili-pesce-ml-500\/","title":{"rendered":"Ypa\u010d tyras alyvuogi\u0173 aliejus &#8220;Gli Abbinabili&#8221; \u017duvis 500 ml &#8211; Raguso"},"content":{"rendered":"<p>Olio Evo Raguso &#8220;Gli Abbinabili&#8221; Pesce Ml.500<\/p>\n<p>Olio Extravergine d\u2019oliva 100% italiano. Cultivar: nocellara.<\/p>\n<p>Ideale con pesce bianco. Estratto a freddo da olive locali Pugliesi.<\/p>\n<p>Ingredienti: olio extravergine d\u2019oliva 100% italiano.<br \/>\nAllergeni: ingredienti allergenici assenti (vedi Reg. UE 1169\/2011). Etichettatura allergeni non necessaria.<\/p>\n<p>Per 100ml<br \/>\nEnergia: 824 kcal- 3389 kJ<br \/>\nGrassi: 91.6 g &#8211; di cui saturi 13.24 g<br \/>\nCarboidrati: 0 g &#8211; di cui zuccheri 0 g<br \/>\nProteine: 0 g<br \/>\nSale 0 g<br \/>\nIngredienti: olio extravergine d\u2019oliva 100% italiano.<\/p>\n<p>&#8212; &#8212;<\/p>\n<p>Raguso Evo Oil &#8220;Gli Abbinabili&#8221; \u017duvis 500 ml<\/p>\n<p>100% Itali\u0161kas auk\u0161\u010diausios kokyb\u0117s pirmojo spaudimo alyvuogi\u0173 aliejus. Veisl\u0117: nocellara.<\/p>\n<p>Idealiai tinka su balta \u017euvimi. \u0160altai i\u0161gaunama i\u0161 vietini\u0173 Apulijos alyvuogi\u0173.<\/p>\n<p>Sud\u0117tis: 100% itali\u0161kas ypa\u010d tyras alyvuogi\u0173 aliejus.<br \/>\nAlergenai: alergij\u0105 sukelian\u010di\u0173 ingredient\u0173 n\u0117ra (\u017er. ES reglament\u0105 1169\/2011). Alergeno \u017eenklinimas nereikalingas.<\/p>\n<p>U\u017e 100 ml<br \/>\nEnergija: 824 kcal- 3389 kJ<br \/>\nRiebalai: 91,6 g \u2013 i\u0161 kuri\u0173 sotieji 13,24 g<br \/>\nAngliavandeniai: 0 g \u2013 i\u0161 kuri\u0173 cukr\u0173 0 g<br \/>\nBaltymai: 0 g<br \/>\nDruska 0 g<br \/>\nSud\u0117tis: 100% itali\u0161kas ypa\u010d tyras alyvuogi\u0173 aliejus.<\/p>\n<p>&#8212; &#8212;<\/p>\n<p>Raguso Evo Oil &#8220;Gli Abbinabili&#8221; Fish Ml.500<\/p>\n<p>100% Italian extra virgin olive oil. Cultivar: nocellara.<\/p>\n<p>Ideal with white fish. Cold pressed from local Apulian olives.<\/p>\n<p>Ingredients: 100% Italian extra virgin olive oil.<br \/>\nAllergens: allergenic ingredients absent (see EU Reg. 1169\/2011). Allergen labeling not required.<\/p>\n<p>Per 100ml<br \/>\nEnergy: 824 kcal- 3389 kJ<br \/>\nFat: 91.6 g &#8211; of which saturated 13.24 g<br \/>\nCarbohydrates: 0 g &#8211; of which sugars 0 g<br \/>\nProtein: 0 g<br \/>\nSalt 0 g<br \/>\nIngredients: 100% Italian extra virgin olive oil.<\/p>\n<p>&nbsp;<\/p>","protected":false},"excerpt":{"rendered":"<p>Olio Evo Raguso &#8220;Gli Abbinabili&#8221; Pesce ml.500<\/p>\n<p>Raguso Evo Oil &#8220;Gli Abbinabili&#8221; \u017duvis 500 ml<\/p>\n<p>Raguso Evo Oil &#8220;Gli Abbinabili&#8221; Fish Ml.500<\/p>","protected":false},"featured_media":8970,"template":"","meta":{"jetpack_publicize_message":"","jetpack_publicize_feature_enabled":true,"jetpack_social_post_already_shared":true,"jetpack_social_options":{"image_generator_settings":{"template":"highway","default_image_id":0,"font":"","enabled":false},"version":2}},"product_brand":[],"product_cat":[47],"product_tag":[726,721,718,724,720,716,723,719,715,722,631,725,714,717],"class_list":{"0":"post-8937","1":"product","2":"type-product","3":"status-publish","4":"has-post-thumbnail","6":"product_cat-alyvuogiu-aliejus","7":"product_tag-condiment","8":"product_tag-condiment-auksciausios-kokybes-pirmojo-spaudimo-alyvuogiu-aliejus","9":"product_tag-condimento-extra-virgin-olive-oil","10":"product_tag-dovana","11":"product_tag-gift","12":"product_tag-gourmet","13":"product_tag-gurmaniskas","14":"product_tag-italian","15":"product_tag-italiano","16":"product_tag-italiskas","17":"product_tag-olio-extravergine-doliva","18":"product_tag-pagardas-olio-extravergine-doliva","19":"product_tag-raguso","20":"product_tag-regalo","22":"first","23":"outofstock","24":"taxable","25":"shipping-taxable","26":"purchasable","27":"product-type-simple"},"jetpack_publicize_connections":[],"jetpack_sharing_enabled":true,"_links":{"self":[{"href":"https:\/\/www.sologusto.com\/lt\/wp-json\/wp\/v2\/product\/8937","targetHints":{"allow":["GET"]}}],"collection":[{"href":"https:\/\/www.sologusto.com\/lt\/wp-json\/wp\/v2\/product"}],"about":[{"href":"https:\/\/www.sologusto.com\/lt\/wp-json\/wp\/v2\/types\/product"}],"wp:featuredmedia":[{"embeddable":true,"href":"https:\/\/www.sologusto.com\/lt\/wp-json\/wp\/v2\/media\/8970"}],"wp:attachment":[{"href":"https:\/\/www.sologusto.com\/lt\/wp-json\/wp\/v2\/media?parent=8937"}],"wp:term":[{"taxonomy":"product_brand","embeddable":true,"href":"https:\/\/www.sologusto.com\/lt\/wp-json\/wp\/v2\/product_brand?post=8937"},{"taxonomy":"product_cat","embeddable":true,"href":"https:\/\/www.sologusto.com\/lt\/wp-json\/wp\/v2\/product_cat?post=8937"},{"taxonomy":"product_tag","embeddable":true,"href":"https:\/\/www.sologusto.com\/lt\/wp-json\/wp\/v2\/product_tag?post=8937"}],"curies":[{"name":"wp","href":"https:\/\/api.w.org\/{rel}","templated":true}]}}