{"id":8935,"date":"2024-11-01T15:27:02","date_gmt":"2024-11-01T13:27:02","guid":{"rendered":"https:\/\/www.sologusto.com\/product\/olio-extravergine-doliva-raguso-100-italiano-ml-500"},"modified":"2026-01-11T11:55:45","modified_gmt":"2026-01-11T09:55:45","slug":"olio-extravergine-doliva-raguso-100-italiano-ml-500","status":"publish","type":"product","link":"https:\/\/www.sologusto.com\/lt\/produktas\/olio-extravergine-doliva-raguso-100-italiano-ml-500\/","title":{"rendered":"Ypa\u010d tyras alyvuogi\u0173 aliejus 500 ml &#8211; Raguso"},"content":{"rendered":"<p>Olio Extravergine D&#8217;Oliva Raguso 100% Italiano 500 ml.<\/p>\n<p>Olio extravergine d\u2019oliva 100% italiano. Selezionato dalla guida Oli d&#8217;Italia 2022 di Gambero Rosso tra i migliori extravergine d&#8217;Italia.<\/p>\n<p>Multivarietale di Coratina, Ogliarola e Bambina. Estratto a freddo entro poche ore dalla raccolta. Acidit\u00e0 massima 0,2%. Gusto equilibrato.<\/p>\n<p>Miglior Olio Pugliese 2021\/2022 Fruttato Medio &#8211; Premiato dall\u2019Associazione Italiana Sommelier. Segnalato da Gambero Rosso &#8211; Tra i migliori extravergine italiani per la guida Oli d&#8217;Italia 2022.<\/p>\n<p>Regione: Puglia<\/p>\n<p>Ingredienti: olio extravergine d\u2019oliva 100% italiano.<br \/>\nAllergeni: ingredienti allergenici assenti (vedi Reg. UE 1169\/2011). Etichettatura allergeni non necessaria.<\/p>\n<p>Per 100ml<br \/>\nEnergia: 824 kcal- 3389 kJ<br \/>\nGrassi: 91.6 g &#8211; di cui saturi 13.24 g<br \/>\nCarboidrati: 0 g &#8211; di cui zuccheri 0 g<br \/>\nProteine: 0 g<br \/>\nSale 0 g<br \/>\nIngredienti: olio extravergine d\u2019oliva 100% italiano.<\/p>\n<p>&#8212; &#8212;<\/p>\n<p>100% itali\u0161kas \u201eRaguso\u201c auk\u0161\u010diausios kokyb\u0117s pirmojo spaudimo alyvuogi\u0173 aliejus<\/p>\n<p>100% Itali\u0161kas auk\u0161\u010diausios kokyb\u0117s pirmojo spaudimo alyvuogi\u0173 aliejus. Gambero Rosso \u201eOli d&#8217;Italia 2022\u201c vadovo atrinktas tarp geriausi\u0173 auk\u0161\u010diausios kokyb\u0117s pirmojo spaudimo alyvuogi\u0173 aliej\u0173 Italijoje.<\/p>\n<p>Daugiar\u016b\u0161is Coratina, Ogliarola ir Bambina. \u0160altai ekstrahuojamas per kelias valandas nuo derliaus nu\u0117mimo. Did\u017eiausias r\u016bg\u0161tingumas 0,2%. Subalansuotas skonis.<\/p>\n<p>Geriausias Apulijos aliejus 2021\/2022 Vidutinio vaisingumo \u2013 apdovanotas Italijos somelj\u0117 asociacijos. Prane\u0161\u0117 Gambero Rosso \u2013 vienas geriausi\u0173 itali\u0161k\u0173 auk\u0161\u010diausios kokyb\u0117s pirmojo spaudimo alyvuogi\u0173 aliej\u0173, skirt\u0173 \u201eOli d&#8217;Italia 2022\u201c vadovei.<\/p>\n<p>Regionas: Apulija<\/p>\n<p>Sud\u0117tis: 100% itali\u0161kas ypa\u010d tyras alyvuogi\u0173 aliejus.<br \/>\nAlergenai: alergij\u0105 sukelian\u010di\u0173 ingredient\u0173 n\u0117ra (\u017er. ES reglament\u0105 1169\/2011). Alergeno \u017eenklinimas nereikalingas.<\/p>\n<p>U\u017e 100 ml<br \/>\nEnergija: 824 kcal- 3389 kJ<br \/>\nRiebalai: 91,6 g \u2013 i\u0161 kuri\u0173 sotieji 13,24 g<br \/>\nAngliavandeniai: 0 g \u2013 i\u0161 kuri\u0173 cukr\u0173 0 g<br \/>\nBaltymai: 0 g<br \/>\nDruska 0 g<br \/>\nSud\u0117tis: 100% itali\u0161kas ypa\u010d tyras alyvuogi\u0173 aliejus.<\/p>\n<p>&#8212; &#8212;<\/p>\n<p>extra virgin olive oil &#8220;Raguso&#8221; 100% Italian<\/p>\n<p>100% Italian extra virgin olive oil. Selected by the Oli d&#8217;Italia 2022 guide by Gambero Rosso among the best extra virgin olive oils in Italy.<\/p>\n<p>Multivarietal of Coratina, Ogliarola and Bambina. Cold extracted within a few hours of harvesting. Maximum acidity 0.2%. Balanced taste.<\/p>\n<p>Best Apulian Oil 2021\/2022 Medium Fruity &#8211; Awarded by the Italian Sommelier Association. Reported by Gambero Rosso &#8211; Among the best Italian extra virgin olive oils for the Oli d&#8217;Italia 2022 guide.<\/p>\n<p>Region: Puglia<\/p>\n<p>Ingredients: 100% Italian extra virgin olive oil.<br \/>\nAllergens: no allergenic ingredients (see EU Reg. 1169\/2011). Allergen labeling not required.<\/p>\n<p>Per 100ml<br \/>\nEnergy: 824 kcal- 3389 kJ<br \/>\nFat: 91.6 g &#8211; of which saturated 13.24 g<br \/>\nCarbohydrates: 0 g &#8211; of which sugars 0 g<br \/>\nProtein: 0 g<br \/>\nSalt 0 g<br \/>\nIngredients: 100% Italian extra virgin olive oil.<\/p>\n<p>&nbsp;<\/p>\n<p>&nbsp;<\/p>","protected":false},"excerpt":{"rendered":"<p>Olio Extravergine D&#8217;Oliva Raguso 100% Italiano Ml.500<\/p>\n<p>100% itali\u0161kas \u201eRaguso\u201c auk\u0161\u010diausios kokyb\u0117s pirmojo spaudimo alyvuogi\u0173 aliejus<\/p>\n<p>extra virgin olive oil &#8220;Raguso&#8221; 100% Italian<\/p>","protected":false},"featured_media":8980,"template":"","meta":{"jetpack_publicize_message":"","jetpack_publicize_feature_enabled":true,"jetpack_social_post_already_shared":true,"jetpack_social_options":{"image_generator_settings":{"template":"highway","default_image_id":0,"font":"","enabled":false},"version":2}},"product_brand":[],"product_cat":[47],"product_tag":[726,721,718,724,720,716,723,719,715,722,631,725,714,717],"class_list":{"0":"post-8935","1":"product","2":"type-product","3":"status-publish","4":"has-post-thumbnail","6":"product_cat-alyvuogiu-aliejus","7":"product_tag-condiment","8":"product_tag-condiment-auksciausios-kokybes-pirmojo-spaudimo-alyvuogiu-aliejus","9":"product_tag-condimento-extra-virgin-olive-oil","10":"product_tag-dovana","11":"product_tag-gift","12":"product_tag-gourmet","13":"product_tag-gurmaniskas","14":"product_tag-italian","15":"product_tag-italiano","16":"product_tag-italiskas","17":"product_tag-olio-extravergine-doliva","18":"product_tag-pagardas-olio-extravergine-doliva","19":"product_tag-raguso","20":"product_tag-regalo","22":"first","23":"instock","24":"sale","25":"taxable","26":"shipping-taxable","27":"purchasable","28":"product-type-simple"},"jetpack_publicize_connections":[],"jetpack_sharing_enabled":true,"_links":{"self":[{"href":"https:\/\/www.sologusto.com\/lt\/wp-json\/wp\/v2\/product\/8935","targetHints":{"allow":["GET"]}}],"collection":[{"href":"https:\/\/www.sologusto.com\/lt\/wp-json\/wp\/v2\/product"}],"about":[{"href":"https:\/\/www.sologusto.com\/lt\/wp-json\/wp\/v2\/types\/product"}],"wp:featuredmedia":[{"embeddable":true,"href":"https:\/\/www.sologusto.com\/lt\/wp-json\/wp\/v2\/media\/8980"}],"wp:attachment":[{"href":"https:\/\/www.sologusto.com\/lt\/wp-json\/wp\/v2\/media?parent=8935"}],"wp:term":[{"taxonomy":"product_brand","embeddable":true,"href":"https:\/\/www.sologusto.com\/lt\/wp-json\/wp\/v2\/product_brand?post=8935"},{"taxonomy":"product_cat","embeddable":true,"href":"https:\/\/www.sologusto.com\/lt\/wp-json\/wp\/v2\/product_cat?post=8935"},{"taxonomy":"product_tag","embeddable":true,"href":"https:\/\/www.sologusto.com\/lt\/wp-json\/wp\/v2\/product_tag?post=8935"}],"curies":[{"name":"wp","href":"https:\/\/api.w.org\/{rel}","templated":true}]}}