{"id":8934,"date":"2024-11-01T15:27:02","date_gmt":"2024-11-01T13:27:02","guid":{"rendered":"https:\/\/www.sologusto.com\/product\/trancetti-di-tonno-olio-oliva-vaso-vetro-gr-170"},"modified":"2026-01-11T11:55:45","modified_gmt":"2026-01-11T09:55:45","slug":"trancetti-di-tonno-olio-oliva-tuna-vetro-gr-170","status":"publish","type":"product","link":"https:\/\/www.sologusto.com\/lt\/produktas\/trancetti-di-tonno-olio-oliva-tuna-vetro-gr-170\/","title":{"rendered":"&#8220;Trancetti Di Tonno&#8221; Gr.170 &#8211; Geltonpelekio tuno gabal\u0117liai alyvuogi\u0173 aliejuje &#8211; Tuna pieces in olive oil"},"content":{"rendered":"<p>Trancetti Di Tonno Olio Oliva Vaso Vetro Gr.170<\/p>\n<p>&nbsp;<\/p>\n<p>Pezzi di tonno Yellowfin all&#8217;olio di oliva, ideali per insalate, tartine, pizze o per la preparazione di sughi a base di tonno.<\/p>\n<p>TONNO Yellowfin &#8220;Thunnus albacares&#8221;,Olio di Oliva,Presal\u00ae Sale Iodato Protetto (Sale marino italiano, Iodato di Potassio 0.007%).La materia prima tonno \u00e8 lavorata in Italia da tonno di origine UE e non UE. La zona di pesca \u00e8 indicata sulla confezione.<\/p>\n<table id=\"product-attribute-specs-table\" class=\"data table additional-attributes\">\n<caption class=\"table-caption\">Maggiori Informazioni<\/caption>\n<tbody>\n<tr class=\"attr_vn_etichetta\">\n<td class=\"col data attribute_vn_etichetta\" data-th=\"Etichetta\">VALORI NUTRIZIONALI MEDI PER 100g DI PRODOTTO SGOCCIOLATO<\/td>\n<\/tr>\n<tr class=\"attr_vn_energiakj\">\n<th class=\"col label attribute_vn_energiakj\" scope=\"row\">Energia in kJ<\/th>\n<td class=\"col data attribute_vn_energiakj\" data-th=\"Energia in kJ\">1060<\/td>\n<\/tr>\n<tr class=\"attr_vn_energiakcal\">\n<th class=\"col label attribute_vn_energiakcal\" scope=\"row\">Energia in kcal<\/th>\n<td class=\"col data attribute_vn_energiakcal\" data-th=\"Energia in kcal\">256<\/td>\n<\/tr>\n<tr class=\"attr_vn_grassi\">\n<th class=\"col label attribute_vn_grassi\" scope=\"row\">Grassi<\/th>\n<td class=\"col data attribute_vn_grassi\" data-th=\"Grassi\">20<\/td>\n<\/tr>\n<tr class=\"attr_vn_acidigrassisaturi\">\n<th class=\"col label attribute_vn_acidigrassisaturi\" scope=\"row\">di cui Acidi Grassi Saturi<\/th>\n<td class=\"col data attribute_vn_acidigrassisaturi\" data-th=\"di cui Acidi Grassi Saturi\">3,5<\/td>\n<\/tr>\n<tr class=\"attr_vn_carboidrati\">\n<th class=\"col label attribute_vn_carboidrati\" scope=\"row\">Carboidrati<\/th>\n<td class=\"col data attribute_vn_carboidrati\" data-th=\"Carboidrati\">0<\/td>\n<\/tr>\n<tr class=\"attr_vn_zuccheri\">\n<th class=\"col label attribute_vn_zuccheri\" scope=\"row\">di cui Zuccheri<\/th>\n<td class=\"col data attribute_vn_zuccheri\" data-th=\"di cui Zuccheri\">0<\/td>\n<\/tr>\n<tr class=\"attr_vn_proteine\">\n<th class=\"col label attribute_vn_proteine\" scope=\"row\">Proteine<\/th>\n<td class=\"col data attribute_vn_proteine\" data-th=\"Proteine\">18<\/td>\n<\/tr>\n<tr class=\"attr_vn_sale\">\n<th class=\"col label attribute_vn_sale\" scope=\"row\">Sale<\/th>\n<td class=\"col data attribute_vn_sale\" data-th=\"Sale\">1,1<\/td>\n<\/tr>\n<tr class=\"attr_vn_iodio\">\n<th class=\"col label attribute_vn_iodio\" scope=\"row\">Iodio<\/th>\n<td class=\"col data attribute_vn_iodio\" data-th=\"Iodio\">66 \u00b5g (44% VNR*) *VNR=VALORE NUTRITIVO DI RIFERIMENTO<\/td>\n<\/tr>\n<\/tbody>\n<\/table>\n<p>&#8212; &#8212;<\/p>\n<p>Geltonpelekio tuno gabal\u0117liai alyvuogi\u0173 aliejuje, puikiai tinka salotoms, kanap\u0117ms, picoms arba tuno pada\u017eams ruo\u0161ti.<\/p>\n<p>Geltonpelekis TUNAS &#8220;Thunnus albacares&#8221;, alyvuogi\u0173 aliejus, Presal\u00ae apsaugota joduota druska (itali\u0161ka j\u016bros druska, kalio jodatas 0,007%). Tuno \u017ealiava apdorojama Italijoje i\u0161 ES ir ne ES kilm\u0117s tun\u0173. \u017dvejybos plotas nurodytas ant pakuot\u0117s.<\/p>\n<p>Daugiau informacijos<br \/>\nVIDUTIN\u0116S MAISTIN\u0116S VERT\u0116S 100 g NUSEKINTO PRODUKT\u0172<br \/>\nEnergija kJ 1060<br \/>\nEnergija kcal 256<br \/>\nRiebalai 20<br \/>\ni\u0161 kuri\u0173 so\u010di\u0173j\u0173 riebal\u0173 r\u016bg\u0161\u010di\u0173 3.5<br \/>\n0 angliavandeni\u0173<br \/>\ni\u0161 kuri\u0173 cukr\u0173 0<br \/>\nBaltymai 18<br \/>\nDruska 1.1<br \/>\nJodas 66 \u00b5g (44 % VNR*) *VNR = MAISTING\u0172J\u0172 MED\u017dIAG\u0172 ATSKAITIN\u0116 VERT\u0116<\/p>\n<p>&#8212; &#8212;<\/p>\n<p>&nbsp;<\/p>\n<p>Yellowfin tuna pieces in olive oil, ideal for salads, canap\u00e9s, pizzas or for the preparation of tuna-based sauces.<\/p>\n<p>TUNA Yellowfin &#8220;Thunnus albacares&#8221;, Olive Oil, Presal\u00ae Protected Iodized Salt (Italian Sea Salt, Potassium Iodate 0.007%). The raw material tuna is processed in Italy from tuna of EU and non-EU origin. The fishing area is indicated on the packaging.<\/p>\n<p>More Information<br \/>\nAVERAGE NUTRITIONAL VALUES PER 100g OF DRAINED PRODUCT<br \/>\nEnergy in kJ 1060<br \/>\nEnergy in kcal 256<br \/>\nFat 20<br \/>\nof which Saturated Fatty Acids 3.5<br \/>\nCarbohydrates 0<br \/>\nof which Sugars 0<br \/>\nProtein 18<br \/>\nSalt 1.1<br \/>\nIodine 66 \u00b5g (44% VNR*) *VNR=NUTRITIONAL REFERENCE VALUE<\/p>","protected":false},"excerpt":{"rendered":"<p>Trancetti Di Tonno Olio Oliva Vaso Vetro Gr.170<\/p>\n<p>Geltonpelekio tuno gabal\u0117liai alyvuogi\u0173 aliejuje<\/p>\n<p>Yellowfin tuna pieces in olive oil<\/p>","protected":false},"featured_media":8971,"template":"","meta":{"jetpack_publicize_message":"","jetpack_publicize_feature_enabled":true,"jetpack_social_post_already_shared":true,"jetpack_social_options":{"image_generator_settings":{"template":"highway","default_image_id":0,"font":"","enabled":false},"version":2}},"product_brand":[],"product_cat":[52,53],"product_tag":[589,595,833,690,694,713,710,689,702,688,696,708,695,701,707,705,706,709,711,601,712,700],"class_list":{"0":"post-8934","1":"product","2":"type-product","3":"status-publish","4":"has-post-thumbnail","6":"product_cat-padazai","7":"product_cat-uztepeles","8":"product_tag-antipasto","9":"product_tag-appetizer","10":"product_tag-callipo","11":"product_tag-conserva","12":"product_tag-fish","13":"product_tag-fish-product","14":"product_tag-fish-product-tunas-aliejuje","15":"product_tag-insalata","16":"product_tag-konservai","17":"product_tag-pesce","18":"product_tag-preserves","19":"product_tag-prodotto-ittico-tuna-in-oil","20":"product_tag-salad","21":"product_tag-salotos","22":"product_tag-snack","23":"product_tag-tonno-allolio","24":"product_tag-tranci-di-tonno","25":"product_tag-tuna-steaks","26":"product_tag-tuno-kepsniai","27":"product_tag-uzkandis","28":"product_tag-zuvies-produktas-tonno-allolio","29":"product_tag-zuvis","31":"first","32":"instock","33":"sale","34":"taxable","35":"shipping-taxable","36":"purchasable","37":"product-type-simple"},"jetpack_publicize_connections":[],"jetpack_sharing_enabled":true,"_links":{"self":[{"href":"https:\/\/www.sologusto.com\/lt\/wp-json\/wp\/v2\/product\/8934","targetHints":{"allow":["GET"]}}],"collection":[{"href":"https:\/\/www.sologusto.com\/lt\/wp-json\/wp\/v2\/product"}],"about":[{"href":"https:\/\/www.sologusto.com\/lt\/wp-json\/wp\/v2\/types\/product"}],"wp:featuredmedia":[{"embeddable":true,"href":"https:\/\/www.sologusto.com\/lt\/wp-json\/wp\/v2\/media\/8971"}],"wp:attachment":[{"href":"https:\/\/www.sologusto.com\/lt\/wp-json\/wp\/v2\/media?parent=8934"}],"wp:term":[{"taxonomy":"product_brand","embeddable":true,"href":"https:\/\/www.sologusto.com\/lt\/wp-json\/wp\/v2\/product_brand?post=8934"},{"taxonomy":"product_cat","embeddable":true,"href":"https:\/\/www.sologusto.com\/lt\/wp-json\/wp\/v2\/product_cat?post=8934"},{"taxonomy":"product_tag","embeddable":true,"href":"https:\/\/www.sologusto.com\/lt\/wp-json\/wp\/v2\/product_tag?post=8934"}],"curies":[{"name":"wp","href":"https:\/\/api.w.org\/{rel}","templated":true}]}}