{"id":8933,"date":"2024-11-01T15:27:01","date_gmt":"2024-11-01T13:27:01","guid":{"rendered":"https:\/\/www.sologusto.com\/product\/filetti-di-tonno-naturale-vaso-vetro-riserva-oro-gr-150"},"modified":"2026-01-11T11:55:46","modified_gmt":"2026-01-11T09:55:46","slug":"filetti-di-tonno-naturale-vaso-tuno-file-riserva-oro-gr-150","status":"publish","type":"product","link":"https:\/\/www.sologusto.com\/lt\/produktas\/filetti-di-tonno-naturale-vaso-tuno-file-riserva-oro-gr-150\/","title":{"rendered":"&#8220;Filetti Di Tonno Naturale Riserva Oro&#8221; Gr.150 &#8211; Nat\u016bralios tuno fil\u0117 &#8211; Natural Tuna Fillets"},"content":{"rendered":"<p>Filetti Di Tonno Naturale Vaso Vetro Riserva Oro Gr.150<\/p>\n<p>I Filetti di Tonno Yellowfin in vaso di vetro sono disponibili sia all&#8217;olio di oliva che al naturale. Per produrre i nostri Filetti, da 100 anni scegliamo il tonno della qualit\u00e0 pi\u00f9 pregiata e lo lavoriamo completamente in Italia, nello stabilimento di Maierato (VV), in tutte le sue fasi, seguendo una tradizione che nella nostra Calabria \u00e8 secolare. Dopo aver cotto il tonno a vapore, scegliamo ad uno ad uno i filetti migliori e li invasettiamo ancora a mano, seguendo rigide norme di igiene e sicurezza alimentare. Poi li stagioniamo a lungo, per garantirVi quel sapore intenso ed inimitabile.<\/p>\n<p>TONNO Yellowfin &#8220;Thunnus albacares&#8221;, Acqua, Presal \u00ae Sale Iodato Protetto (Sale marino italiano, Iodato di potassio 0.007%)<\/p>\n<table id=\"product-attribute-specs-table\" class=\"data table additional-attributes\">\n<tbody>\n<tr class=\"attr_vn_etichetta\">\n<td class=\"col data attribute_vn_etichetta\" data-th=\"Etichetta\">VALORI NUTRIZIONALI MEDI PER 100g DI PRODOTTO SGOCCIOLATO<\/td>\n<\/tr>\n<tr class=\"attr_vn_energiakj\">\n<th class=\"col label attribute_vn_energiakj\" scope=\"row\">Energia in kJ<\/th>\n<td class=\"col data attribute_vn_energiakj\" data-th=\"Energia in kJ\">479<\/td>\n<\/tr>\n<tr class=\"attr_vn_energiakcal\">\n<th class=\"col label attribute_vn_energiakcal\" scope=\"row\">Energia in kcal<\/th>\n<td class=\"col data attribute_vn_energiakcal\" data-th=\"Energia in kcal\">113<\/td>\n<\/tr>\n<tr class=\"attr_vn_grassi\">\n<th class=\"col label attribute_vn_grassi\" scope=\"row\">Grassi<\/th>\n<td class=\"col data attribute_vn_grassi\" data-th=\"Grassi\">0,8<\/td>\n<\/tr>\n<tr class=\"attr_vn_acidigrassisaturi\">\n<th class=\"col label attribute_vn_acidigrassisaturi\" scope=\"row\">di cui Acidi Grassi Saturi<\/th>\n<td class=\"col data attribute_vn_acidigrassisaturi\" data-th=\"di cui Acidi Grassi Saturi\">0,2<\/td>\n<\/tr>\n<tr class=\"attr_vn_carboidrati\">\n<th class=\"col label attribute_vn_carboidrati\" scope=\"row\">Carboidrati<\/th>\n<td class=\"col data attribute_vn_carboidrati\" data-th=\"Carboidrati\">0<\/td>\n<\/tr>\n<tr class=\"attr_vn_zuccheri\">\n<th class=\"col label attribute_vn_zuccheri\" scope=\"row\">di cui Zuccheri<\/th>\n<td class=\"col data attribute_vn_zuccheri\" data-th=\"di cui Zuccheri\">0<\/td>\n<\/tr>\n<tr class=\"attr_vn_proteine\">\n<th class=\"col label attribute_vn_proteine\" scope=\"row\">Proteine<\/th>\n<td class=\"col data attribute_vn_proteine\" data-th=\"Proteine\">26<\/td>\n<\/tr>\n<tr class=\"attr_vn_sale\">\n<th class=\"col label attribute_vn_sale\" scope=\"row\">Sale<\/th>\n<td class=\"col data attribute_vn_sale\" data-th=\"Sale\">0,6<\/td>\n<\/tr>\n<tr class=\"attr_vn_iodio\">\n<th class=\"col label attribute_vn_iodio\" scope=\"row\">Iodio<\/th>\n<td class=\"col data attribute_vn_iodio\" data-th=\"Iodio\">105 \u00b5g (70% VNR*) *VNR=VALORE NUTRITIVO DI RIFERIMENTO<\/td>\n<\/tr>\n<\/tbody>\n<\/table>\n<table id=\"product-attribute-specs-table\" class=\"prod-details data table additional-attributes\">\n<tbody>\n<tr class=\"attr_denominazione\">\n<th class=\"col label attribute_denominazione\" scope=\"row\">Denominazione<\/th>\n<td class=\"col data attribute_denominazione\" data-th=\"Denominazione\">Filetti di Tonno al Naturale<\/td>\n<\/tr>\n<tr class=\"attr_peso_netto\">\n<th class=\"col label attribute_peso_netto\" scope=\"row\">Peso netto<\/th>\n<td class=\"col data attribute_peso_netto\" data-th=\"Peso netto\">200<\/td>\n<\/tr>\n<tr class=\"attr_peso_sgocciolato\">\n<th class=\"col label attribute_peso_sgocciolato\" scope=\"row\">Peso sgocciolato<\/th>\n<td class=\"col data attribute_peso_sgocciolato\" data-th=\"Peso sgocciolato\">140<\/td>\n<\/tr>\n<tr class=\"attr_conservazione_metodo\">\n<th class=\"col label attribute_conservazione_metodo\" scope=\"row\">Metodo di conservazione<\/th>\n<td class=\"col data attribute_conservazione_metodo\" data-th=\"Metodo di conservazione\">Dopo l&#8217;apertura conservare in frigo e consumare entro 3 giorni.<\/td>\n<\/tr>\n<tr class=\"attr_conservazione_periodo\">\n<th class=\"col label attribute_conservazione_periodo\" scope=\"row\">Periodo di conservazione<\/th>\n<td class=\"col data attribute_conservazione_periodo\" data-th=\"Periodo di conservazione\">5 anni dalla data di produzione.<\/td>\n<\/tr>\n<tr class=\"attr_stabilimento_produzione\">\n<th class=\"col label attribute_stabilimento_produzione\" scope=\"row\">Stabilimento di produzione<\/th>\n<td class=\"col data attribute_stabilimento_produzione\" data-th=\"Stabilimento di produzione\">Giacinto Callipo Conserve Alimentari S.r.l. &#8211; Riviera Prangi 156 &#8211; 89812 Pizzo (VV) &#8211; Calabria &#8211; Italia &#8211; Stabilimento: S.S. 110 km 1,6 &#8211; 89843 Maierato (VV)<\/td>\n<\/tr>\n<tr class=\"attr_bollino_it7ce\">\n<th class=\"col label attribute_bollino_it7ce\" scope=\"row\">Bollino CEE<\/th>\n<td class=\"col data attribute_bollino_it7ce\" data-th=\"Bollino CEE\"><img decoding=\"async\" src=\"https:\/\/shop.callipo.com\/static\/version1730716146\/frontend\/Magento\/luma-child\/it_IT\/images\/it7ce.png\" \/><\/td>\n<\/tr>\n<\/tbody>\n<\/table>\n<p>&#8212; &#8212;<\/p>\n<p>Nat\u016brali tuno fil\u0117 stikliniame indelyje Aukso rezervuaras 150 gr<\/p>\n<p>Geltonpelekio tuno fil\u0117 stikliniuose indeliuose yra tiek alyvuogi\u0173 aliejaus, tiek paprasto. Siekdami gaminti savo fil\u0117, 100 met\u0173 renkam\u0117s auk\u0161\u010diausios kokyb\u0117s tun\u0105 ir visi\u0161kai j\u012f perdirbame Italijoje, Maierato (VV) gamykloje, visais jo etapais, vadovaudamiesi \u0161imtme\u010di\u0173 senumo tradicija m\u016bs\u0173 Kalabrijoje. I\u0161garin\u0119 tun\u0105, vien\u0105 po kito i\u0161renkame geriausias fil\u0117les ir v\u0117l rankomis, laikydamiesi grie\u017et\u0173 higienos ir maisto saugos standart\u0173, dedame \u012f stiklainius. Tada mes juos ilgai pagardiname, kad garantuotume t\u0105 intensyv\u0173 ir nepakartojam\u0105 skon\u012f.<\/p>\n<p>Geltonpelekis TUNAS &#8220;Thunnus albacares&#8221;, vanduo, Presal \u00ae apsaugota joduota druska (itali\u0161ka j\u016bros druska, kalio jodatas 0,007%)<\/p>\n<p>VIDUTIN\u0116S MAISTIN\u0116S VERT\u0116S 100 g NUSEKINTO PRODUKTO<br \/>\nEnergija kJ 479<br \/>\nEnergija kcal 113<br \/>\nRiebalai 0,8<br \/>\ni\u0161 kuri\u0173 so\u010di\u0173j\u0173 riebal\u0173 r\u016bg\u0161\u010di\u0173 0,2<br \/>\n0 angliavandeni\u0173<br \/>\ni\u0161 kuri\u0173 cukr\u0173 0<br \/>\nBaltymai 26<br \/>\nDruska 0,6<br \/>\nJodas<\/p>\n<p>105 \u00b5g (70 % VNR*) *VNR = MAISTING\u0172J\u0172 MED\u017dIAG\u0172 ETALONIN\u0116 VERT\u0116<\/p>\n<p>Pavadinimas: Nat\u016brali tuno fil\u0117<br \/>\nGrynasis svoris 200<br \/>\nNusausintas svoris 140<br \/>\nLaikymo b\u016bdas Atidarius laikyti \u0161aldytuve ir suvartoti per 3 dienas.<br \/>\nTinkamumo laikas 5 metai nuo pagaminimo datos.<br \/>\nGamybos gamykla Giacinto Callipo Conserve Alimentari S.r.l. &#8211; Riviera Prangi 156 &#8211; 89812 Pizzo (VV) &#8211; Kalabrija &#8211; Italija &#8211; Gamykla: S.S. 110 km 1,6 &#8211; 89843 Maierato (VV)<br \/>\nEEB antspaudas<\/p>\n<p>&#8212; &#8212;<\/p>\n<p>Natural Tuna Fillets Glass Jar Riserva Oro Gr.150<\/p>\n<p>The Yellowfin Tuna Fillets in glass jar are available both in olive oil and natural. To produce our Fillets, for 100 years we have been choosing the finest quality tuna and we process it entirely in Italy, in the Maierato (VV) plant, in all its phases, following a tradition that in our Calabria is centuries-old. After steaming the tuna, we choose the best fillets one by one and we jar them again by hand, following strict hygiene and food safety standards. Then we season them for a long time, to guarantee you that intense and inimitable flavor.<\/p>\n<p>Yellowfin TUNA &#8220;Thunnus albacares&#8221;, Water, Presal \u00ae Protected Iodized Salt (Italian sea salt, Potassium iodate 0.007%)<\/p>\n<p>AVERAGE NUTRITIONAL VALUES PER 100g OF DRAINED PRODUCT<br \/>\nEnergy in kJ 479<br \/>\nEnergy in kcal 113<br \/>\nFat 0.8<br \/>\nof which Saturated Fatty Acids 0.2<br \/>\nCarbohydrates 0<br \/>\nof which Sugars 0<br \/>\nProteins 26<br \/>\nSalt 0.6<br \/>\nIodine<\/p>\n<p>105 \u00b5g (70% NRV*) *NRV=NUTRITIONAL REFERENCE VALUE<\/p>\n<p>Name Natural Tuna Fillets<br \/>\nNet weight 200<br \/>\nDrained weight 140<br \/>\nMethod of storage After opening, keep refrigerated and consume within 3 days.<br \/>\nShelf life 5 years from production date.<br \/>\nProduction plant Giacinto Callipo Conserve Alimentari S.r.l. &#8211; Riviera Prangi 156 &#8211; 89812 Pizzo (VV) &#8211; Calabria &#8211; Italy &#8211; Plant: S.S. 110 km 1.6 &#8211; 89843 Maierato (VV)<br \/>\nEEC Seal<\/p>\n<p>&nbsp;<\/p>","protected":false},"excerpt":{"rendered":"<p>Filetti Di Tonno Naturale Vaso Vetro Riserva Oro Gr.150<\/p>\n<p>Natural Tuna Fillets Glass Jar Gold Reserve<\/p>\n<p>Nat\u016bralios tuno fil\u0117 aukso rezervo stikliniame indelyje<\/p>\n<p>&nbsp;<\/p>\n<p>&nbsp;<\/p>\n<p>&nbsp;<\/p>","protected":false},"featured_media":8973,"template":"","meta":{"jetpack_publicize_message":"","jetpack_publicize_feature_enabled":true,"jetpack_social_post_already_shared":true,"jetpack_social_options":{"image_generator_settings":{"template":"highway","default_image_id":0,"font":"","enabled":false},"version":2}},"product_brand":[],"product_cat":[52,53],"product_tag":[589,595,703,690,694,693,704,697,689,702,692,686,698,688,696,691,695,701,699,297,601,687,700],"class_list":{"0":"post-8933","1":"product","2":"type-product","3":"status-publish","4":"has-post-thumbnail","6":"product_cat-padazai","7":"product_cat-uztepeles","8":"product_tag-antipasto","9":"product_tag-appetizer","10":"product_tag-aukstos-kokybes-produktas-tonno","11":"product_tag-conserva","12":"product_tag-fish","13":"product_tag-glass-jar","14":"product_tag-high-quality-product","15":"product_tag-high-quality-product-tunas","16":"product_tag-insalata","17":"product_tag-konservai","18":"product_tag-natural","19":"product_tag-naturale","20":"product_tag-naturalus","21":"product_tag-pesce","22":"product_tag-preserves","23":"product_tag-prodotto-di-alta-qualita-tuna","24":"product_tag-salad","25":"product_tag-salotos","26":"product_tag-stiklinis-indelis","27":"product_tag-tonno","28":"product_tag-uzkandis","29":"product_tag-vaso-di-vetro","30":"product_tag-zuvis","32":"first","33":"instock","34":"sale","35":"taxable","36":"shipping-taxable","37":"purchasable","38":"product-type-simple"},"jetpack_publicize_connections":[],"jetpack_sharing_enabled":true,"_links":{"self":[{"href":"https:\/\/www.sologusto.com\/lt\/wp-json\/wp\/v2\/product\/8933","targetHints":{"allow":["GET"]}}],"collection":[{"href":"https:\/\/www.sologusto.com\/lt\/wp-json\/wp\/v2\/product"}],"about":[{"href":"https:\/\/www.sologusto.com\/lt\/wp-json\/wp\/v2\/types\/product"}],"wp:featuredmedia":[{"embeddable":true,"href":"https:\/\/www.sologusto.com\/lt\/wp-json\/wp\/v2\/media\/8973"}],"wp:attachment":[{"href":"https:\/\/www.sologusto.com\/lt\/wp-json\/wp\/v2\/media?parent=8933"}],"wp:term":[{"taxonomy":"product_brand","embeddable":true,"href":"https:\/\/www.sologusto.com\/lt\/wp-json\/wp\/v2\/product_brand?post=8933"},{"taxonomy":"product_cat","embeddable":true,"href":"https:\/\/www.sologusto.com\/lt\/wp-json\/wp\/v2\/product_cat?post=8933"},{"taxonomy":"product_tag","embeddable":true,"href":"https:\/\/www.sologusto.com\/lt\/wp-json\/wp\/v2\/product_tag?post=8933"}],"curies":[{"name":"wp","href":"https:\/\/api.w.org\/{rel}","templated":true}]}}