{"id":8931,"date":"2024-11-01T15:27:00","date_gmt":"2024-11-01T13:27:00","guid":{"rendered":"https:\/\/www.sologusto.com\/product\/sugo-salsiccia-e-funghi-porcini-ricette-di-caterina-gr-180"},"modified":"2026-01-11T11:55:46","modified_gmt":"2026-01-11T09:55:46","slug":"sugo-salsiccia-e-funghi-porcini-ricette-di-caterina-gr-180","status":"publish","type":"product","link":"https:\/\/www.sologusto.com\/lt\/produktas\/sugo-salsiccia-e-funghi-porcini-ricette-di-caterina-gr-180\/","title":{"rendered":"Sugo Salsiccia E Funghi Porcini &#8220;Ricette Di Caterina&#8221; Gr.180 &#8211; De\u0161ros ir kiaulienos gryb\u0173 pada\u017eas &#8220;Katerinos receptai&#8221; 180 gr. &#8211; Sausage and Porcini Mushroom Sauce &#8220;Ricette Di Caterina&#8221; Gr.180"},"content":{"rendered":"<p>Sugo Salsiccia E Funghi Porcini &#8220;Ricette Di Caterina&#8221; Gr.180<\/p>\n<p>Ingredienti: olio extravergine d\u2019oliva 100% italiano.<br \/>\nAllergeni: ingredienti allergenici assenti (vedi Reg. UE 1169\/2011). Etichettatura allergeni non necessaria.<\/p>\n<p>Per 100ml<br \/>\nEnergia: 824 kcal- 3389 kJ<br \/>\nGrassi: 91.6 g &#8211; di cui saturi 13.24 g<br \/>\nCarboidrati: 0 g &#8211; di cui zuccheri 0 g<br \/>\nProteine: 0 g<br \/>\nSale 0 g<br \/>\nIngredienti: olio extravergine d\u2019oliva 100% italiano.<\/p>\n<p>&nbsp;<\/p>\n<p>&nbsp;<\/p>\n<p>&#8212; &#8212;<\/p>\n<p>De\u0161ros ir kiaulienos gryb\u0173 pada\u017eas &#8220;Katerinos receptai&#8221; 180 gr.<\/p>\n<p>Sud\u0117tis: 100% itali\u0161kas ypa\u010d tyras alyvuogi\u0173 aliejus.<br \/>\nAlergenai: alergij\u0105 sukelian\u010di\u0173 ingredient\u0173 n\u0117ra (\u017er. ES reglament\u0105 1169\/2011). Alergeno \u017eenklinimas nereikalingas.<\/p>\n<p>U\u017e 100 ml<br \/>\nEnergija: 824 kcal- 3389 kJ<br \/>\nRiebalai: 91,6 g \u2013 i\u0161 kuri\u0173 sotieji 13,24 g<br \/>\nAngliavandeniai: 0 g \u2013 i\u0161 kuri\u0173 cukr\u0173 0 g<br \/>\nBaltymai: 0 g<br \/>\nDruska 0 g<br \/>\nSud\u0117tis: 100% itali\u0161kas ypa\u010d tyras alyvuogi\u0173 aliejus.<\/p>\n<p>&nbsp;<\/p>\n<p>&#8212; &#8212;<\/p>\n<p>Sausage and Porcini Mushroom Sauce &#8220;Ricette Di Caterina&#8221; Gr.180<\/p>\n<p>Ingredients: 100% Italian extra virgin olive oil.<br \/>\nAllergens: no allergenic ingredients (see EU Reg. 1169\/2011). Allergen labeling not required.<\/p>\n<p>Per 100ml<br \/>\nEnergy: 824 kcal- 3389 kJ<br \/>\nFat: 91.6 g &#8211; of which saturated 13.24 g<br \/>\nCarbohydrates: 0 g &#8211; of which sugars 0 g<br \/>\nProtein: 0 g<br \/>\nSalt 0 g<br \/>\nIngredients: 100% Italian extra virgin olive oil.<\/p>\n<p>&nbsp;<\/p>\n<p>&nbsp;<\/p>","protected":false},"excerpt":{"rendered":"<p>Sugo Salsiccia E Funghi Porcini &#8220;Ricette Di Caterina&#8221; Gr.180<\/p>\n<p>De\u0161ros ir kiaulienos gryb\u0173 pada\u017eas &#8220;Katerinos receptai&#8221; 180 gr.<\/p>\n<p>Sausage and Porcini Mushroom Sauce &#8220;Ricette Di Caterina&#8221; Gr.180<\/p>","protected":false},"featured_media":8988,"template":"","meta":{"jetpack_publicize_message":"","jetpack_publicize_feature_enabled":true,"jetpack_social_post_already_shared":true,"jetpack_social_options":{"image_generator_settings":{"template":"highway","default_image_id":0,"font":"","enabled":false},"version":2}},"product_brand":[],"product_cat":[52,53],"product_tag":[654,634,612,616,668,672,615,667,675,671,674,673,105,102,619,670,610,632,607,666,590,669,653,630,596,618,614,609],"class_list":{"0":"post-8931","1":"product","2":"type-product","3":"status-publish","4":"has-post-thumbnail","6":"product_cat-padazai","7":"product_cat-uztepeles","8":"product_tag-amatininku-gaminys","9":"product_tag-artisanal-product","10":"product_tag-caterinas-recipes","11":"product_tag-caterinos-receptai","12":"product_tag-cucina-italiana-sauce","13":"product_tag-desra","14":"product_tag-first-course","15":"product_tag-funghi-porcini","16":"product_tag-italian-cuisine","17":"product_tag-italian-cuisine-padazas","18":"product_tag-italiska-virtuve-sugo","19":"product_tag-kiaulienos-grybai","20":"product_tag-makaronai","21":"product_tag-pasta","22":"product_tag-pirmasis-patiekalas","23":"product_tag-porcini-mushrooms","24":"product_tag-primo-piatto","25":"product_tag-prodotto-artigianale","26":"product_tag-ricette-di-caterina","27":"product_tag-salsiccia","28":"product_tag-saporito","29":"product_tag-sausage","30":"product_tag-skanus","31":"product_tag-sugo","32":"product_tag-tasty","33":"product_tag-tradicinis","34":"product_tag-traditional","35":"product_tag-tradizionale","37":"first","38":"instock","39":"sale","40":"taxable","41":"shipping-taxable","42":"purchasable","43":"product-type-simple"},"jetpack_publicize_connections":[],"jetpack_sharing_enabled":true,"_links":{"self":[{"href":"https:\/\/www.sologusto.com\/lt\/wp-json\/wp\/v2\/product\/8931","targetHints":{"allow":["GET"]}}],"collection":[{"href":"https:\/\/www.sologusto.com\/lt\/wp-json\/wp\/v2\/product"}],"about":[{"href":"https:\/\/www.sologusto.com\/lt\/wp-json\/wp\/v2\/types\/product"}],"wp:featuredmedia":[{"embeddable":true,"href":"https:\/\/www.sologusto.com\/lt\/wp-json\/wp\/v2\/media\/8988"}],"wp:attachment":[{"href":"https:\/\/www.sologusto.com\/lt\/wp-json\/wp\/v2\/media?parent=8931"}],"wp:term":[{"taxonomy":"product_brand","embeddable":true,"href":"https:\/\/www.sologusto.com\/lt\/wp-json\/wp\/v2\/product_brand?post=8931"},{"taxonomy":"product_cat","embeddable":true,"href":"https:\/\/www.sologusto.com\/lt\/wp-json\/wp\/v2\/product_cat?post=8931"},{"taxonomy":"product_tag","embeddable":true,"href":"https:\/\/www.sologusto.com\/lt\/wp-json\/wp\/v2\/product_tag?post=8931"}],"curies":[{"name":"wp","href":"https:\/\/api.w.org\/{rel}","templated":true}]}}