{"id":8930,"date":"2024-11-01T15:27:00","date_gmt":"2024-11-01T13:27:00","guid":{"rendered":"https:\/\/www.sologusto.com\/product\/sugo-salsa-mediterranea-ricette-di-caterina-gr-180"},"modified":"2026-01-11T11:55:46","modified_gmt":"2026-01-11T09:55:46","slug":"sugo-salsa-mediterranea-ricette-di-caterina-gr-180","status":"publish","type":"product","link":"https:\/\/www.sologusto.com\/lt\/produktas\/sugo-salsa-mediterranea-ricette-di-caterina-gr-180\/","title":{"rendered":"Mediterranean Sauce &#8220;Caterina&#8217;s Recipes&#8221; Gr.180 &#8211; Vidur\u017eemio j\u016bros pada\u017eas &#8220;Katerinos receptai&#8221; Gr.180"},"content":{"rendered":"<p>&nbsp;<\/p>\n<p>Pomidor\u0173 tyr\u0117, pomidor\u0173 mink\u0161timas, auk\u0161\u010diausios kokyb\u0117s pirmojo spaudimo alyvuogi\u0173 aliejus 12,5%, svog\u016bnai,<br \/>\ndvigubo pomidor\u0173 koncentrato, druskos, baziliko, \u010desnako, \u010dili pipir\u0173<\/p>\n<p>&#8212; &#8212;<\/p>\n<p>Tomato puree, tomato pulp, extra virgin olive oil 12.5%, onion, double tomato concentrate, salt, basil, garlic, chilli pepper<\/p>\n<p>&#8212; &#8212;<\/p>\n<p>Passata di pomodoro , polpa di pomodoro , olio extra vergine di oliva 12,5%, cipolla,<br \/>\ndoppio concentrato di pomodoro, sale, basilico, aglio, peperoncino<\/p>\n<p>&nbsp;<\/p>","protected":false},"excerpt":{"rendered":"<p>Sugo Salsa Mediterranea &#8220;Ricette Di Caterina&#8221; Gr.180<\/p>\n<p>Mediterranean Sauce &#8220;Caterina&#8217;s Recipes&#8221; Gr.180<\/p>\n<p>Vidur\u017eemio j\u016bros pada\u017eas &#8220;Katerinos receptai&#8221; Gr.180<\/p>\n<p>&nbsp;<\/p>\n<p>&nbsp;<\/p>","protected":false},"featured_media":8981,"template":"","meta":{"jetpack_publicize_message":"","jetpack_publicize_feature_enabled":true,"jetpack_social_post_already_shared":true,"jetpack_social_options":{"image_generator_settings":{"template":"highway","default_image_id":0,"font":"","enabled":false},"version":2}},"product_brand":[],"product_cat":[52,53],"product_tag":[654,634,661,659,664,626,612,633,665,662,615,105,658,660,102,619,650,58,610,632,607,590,653,630,596,59,663,640],"class_list":{"0":"post-8930","1":"product","2":"type-product","3":"status-publish","4":"has-post-thumbnail","6":"product_cat-padazai","7":"product_cat-uztepeles","8":"product_tag-amatininku-gaminys","9":"product_tag-artisanal-product","10":"product_tag-basil","11":"product_tag-basilico","12":"product_tag-bazilikas","13":"product_tag-caterina-receptai","14":"product_tag-caterinas-recipes","15":"product_tag-cucina-mediterranea-sauce","16":"product_tag-cuisine-mediterranean","17":"product_tag-cuisine-mediterranean-padazas","18":"product_tag-first-course","19":"product_tag-makaronai","20":"product_tag-mediterranea","21":"product_tag-mediterranean","22":"product_tag-pasta","23":"product_tag-pirmasis-patiekalas","24":"product_tag-pomidoras","25":"product_tag-pomodoro","26":"product_tag-primo-piatto","27":"product_tag-prodotto-artigianale","28":"product_tag-ricette-di-caterina","29":"product_tag-saporito","30":"product_tag-skanus","31":"product_tag-sugo","32":"product_tag-tasty","33":"product_tag-tomato","34":"product_tag-vidurzemio-jura","35":"product_tag-vidurzemio-juros-virtuve-sugo","37":"first","38":"instock","39":"sale","40":"taxable","41":"shipping-taxable","42":"purchasable","43":"product-type-simple"},"jetpack_publicize_connections":[],"jetpack_sharing_enabled":true,"_links":{"self":[{"href":"https:\/\/www.sologusto.com\/lt\/wp-json\/wp\/v2\/product\/8930","targetHints":{"allow":["GET"]}}],"collection":[{"href":"https:\/\/www.sologusto.com\/lt\/wp-json\/wp\/v2\/product"}],"about":[{"href":"https:\/\/www.sologusto.com\/lt\/wp-json\/wp\/v2\/types\/product"}],"wp:featuredmedia":[{"embeddable":true,"href":"https:\/\/www.sologusto.com\/lt\/wp-json\/wp\/v2\/media\/8981"}],"wp:attachment":[{"href":"https:\/\/www.sologusto.com\/lt\/wp-json\/wp\/v2\/media?parent=8930"}],"wp:term":[{"taxonomy":"product_brand","embeddable":true,"href":"https:\/\/www.sologusto.com\/lt\/wp-json\/wp\/v2\/product_brand?post=8930"},{"taxonomy":"product_cat","embeddable":true,"href":"https:\/\/www.sologusto.com\/lt\/wp-json\/wp\/v2\/product_cat?post=8930"},{"taxonomy":"product_tag","embeddable":true,"href":"https:\/\/www.sologusto.com\/lt\/wp-json\/wp\/v2\/product_tag?post=8930"}],"curies":[{"name":"wp","href":"https:\/\/api.w.org\/{rel}","templated":true}]}}