{"id":8929,"date":"2024-11-01T15:26:59","date_gmt":"2024-11-01T13:26:59","guid":{"rendered":"https:\/\/www.sologusto.com\/product\/sugo-alla-boscaiola-ricette-di-caterina-gr-180"},"modified":"2026-01-11T11:56:40","modified_gmt":"2026-01-11T09:56:40","slug":"sugo-alla-boscaiola-ricette-di-caterina-gr-180","status":"publish","type":"product","link":"https:\/\/www.sologusto.com\/lt\/produktas\/sugo-alla-boscaiola-ricette-di-caterina-gr-180\/","title":{"rendered":"&#8220;Ricette Di Caterina&#8221; Gr.180 &#8211; Boscaiola pada\u017eas"},"content":{"rendered":"<p>Sugo Alla Boscaiola &#8220;Ricette Di Caterina&#8221; Gr.180<\/p>\n<p>Una consistenza densa ed un sapore intenso tipico dei funghi porcini.<\/p>\n<p>Ideale per condire qualsiasi tipo di pasta.<\/p>\n<p>Ingredienti: Passata di pomodoro (origine Italia), polpa di pomodoro (Origine italia), funghi porcini (Boletus edulis) secchi e congelati 15%, olio extra vergine d&#8217;oliva, sale, prezzemolo, aglio, aromi, spezie. Allergeni: no. Senza glutine e senza lattosio. Senza conservanti.<\/p>\n<p>Valori nutrizionali medi per 100 g: Energia 593\/141 Kj\/Kcal, grassi 12.6 g di cui saturi 1.8 g, carboidrati 5.5 g di cui zuccheri 4.9 g, proteine 1.6 g, sale 6.1 g.<\/p>\n<p>&#8212; &#8212;<\/p>\n<p>Tankios konsistencijos ir intensyvaus skonio, b\u016bdingo kiaulienos grybams.<\/p>\n<p>Idealiai tinka bet kokio tipo makaronams pagardinti.<\/p>\n<p>Sud\u0117tis: pomidor\u0173 tyr\u0117 (itali\u0161ka), pomidor\u0173 mink\u0161timas (itali\u0161ka), d\u017eiovinti ir \u0161aldyti kiaulienos grybai (Boletus edulis) 15%, auk\u0161\u010diausios kokyb\u0117s pirmojo spaudimo alyvuogi\u0173 aliejus, druska, petra\u017eol\u0117s, \u010desnakai, kvapiosios med\u017eiagos, prieskoniai. Alergenai: ne. Be glitimo ir be laktoz\u0117s. Be konservant\u0173.<\/p>\n<p>Vidutin\u0117s maistin\u0117s vert\u0117s 100 g: Energija 593\/141 Kj\/Kcal, riebalai 12,6 g, i\u0161 kuri\u0173 sotieji 1,8 g, angliavandeniai 5,5 g i\u0161 kuri\u0173 cukr\u0173 4,9 g, baltymai 1,6 g, druska 6,1 g.<\/p>\n<p>&#8212; &#8212;<\/p>\n<p>A dense consistency and an intense flavor typical of porcini mushrooms.<\/p>\n<p>Ideal for seasoning any type of pasta.<\/p>\n<p>Ingredients: Tomato puree (origin Italy), tomato pulp (Origin Italy), dried and frozen porcini mushrooms (Boletus edulis) 15%, extra virgin olive oil, salt, parsley, garlic, flavorings, spices. Allergens: no. Gluten-free and lactose-free. No preservatives.<\/p>\n<p>Average nutritional values \u200b\u200bper 100 g: Energy 593\/141 Kj\/Kcal, fat 12.6 g of which saturated 1.8 g, carbohydrates 5.5 g of which sugars 4.9 g, protein 1.6 g, salt 6.1 g.<\/p>","protected":false},"excerpt":{"rendered":"<p>Sugo Alla Boscaiola &#8220;Ricette Di Caterina&#8221; Gr.180<\/p>\n<p>Boscaiola pada\u017eas &#8220;Katerinos receptai&#8221; Gr.180<\/p>\n<p>Woodcutter Sauce &#8220;Caterina&#8217;s Recipes&#8221; Gr.180<\/p>\n<p>&nbsp;<\/p>","protected":false},"featured_media":8986,"template":"","meta":{"jetpack_publicize_message":"","jetpack_publicize_feature_enabled":true,"jetpack_social_post_already_shared":true,"jetpack_social_options":{"image_generator_settings":{"template":"highway","default_image_id":0,"font":"","enabled":false},"version":2}},"product_brand":[],"product_cat":[52,53],"product_tag":[654,634,657,608,626,612,646,615,621,568,105,613,617,622,102,619,610,632,607,590,653,630,596,655,656,648],"class_list":{"0":"post-8929","1":"product","2":"type-product","3":"status-publish","4":"has-post-thumbnail","6":"product_cat-padazai","7":"product_cat-uztepeles","8":"product_tag-amatininku-gaminys","9":"product_tag-artisanal-product","10":"product_tag-boscaiola","11":"product_tag-carne","12":"product_tag-caterina-receptai","13":"product_tag-caterinas-recipes","14":"product_tag-cucina-tradizionale-sauce","15":"product_tag-first-course","16":"product_tag-funghi","17":"product_tag-grybai","18":"product_tag-makaronai","19":"product_tag-meat","20":"product_tag-mesa","21":"product_tag-mushrooms","22":"product_tag-pasta","23":"product_tag-pirmasis-patiekalas","24":"product_tag-primo-piatto","25":"product_tag-prodotto-artigianale","26":"product_tag-ricette-di-caterina","27":"product_tag-saporito","28":"product_tag-skanus","29":"product_tag-sugo","30":"product_tag-tasty","31":"product_tag-tradicine-virtuve-sugo","32":"product_tag-traditional-cuisine","33":"product_tag-traditional-cuisine-padazas","35":"first","36":"instock","37":"sale","38":"taxable","39":"shipping-taxable","40":"purchasable","41":"product-type-simple"},"jetpack_publicize_connections":[],"jetpack_sharing_enabled":true,"_links":{"self":[{"href":"https:\/\/www.sologusto.com\/lt\/wp-json\/wp\/v2\/product\/8929","targetHints":{"allow":["GET"]}}],"collection":[{"href":"https:\/\/www.sologusto.com\/lt\/wp-json\/wp\/v2\/product"}],"about":[{"href":"https:\/\/www.sologusto.com\/lt\/wp-json\/wp\/v2\/types\/product"}],"wp:featuredmedia":[{"embeddable":true,"href":"https:\/\/www.sologusto.com\/lt\/wp-json\/wp\/v2\/media\/8986"}],"wp:attachment":[{"href":"https:\/\/www.sologusto.com\/lt\/wp-json\/wp\/v2\/media?parent=8929"}],"wp:term":[{"taxonomy":"product_brand","embeddable":true,"href":"https:\/\/www.sologusto.com\/lt\/wp-json\/wp\/v2\/product_brand?post=8929"},{"taxonomy":"product_cat","embeddable":true,"href":"https:\/\/www.sologusto.com\/lt\/wp-json\/wp\/v2\/product_cat?post=8929"},{"taxonomy":"product_tag","embeddable":true,"href":"https:\/\/www.sologusto.com\/lt\/wp-json\/wp\/v2\/product_tag?post=8929"}],"curies":[{"name":"wp","href":"https:\/\/api.w.org\/{rel}","templated":true}]}}