{"id":8928,"date":"2024-11-01T15:26:59","date_gmt":"2024-11-01T13:26:59","guid":{"rendered":"https:\/\/www.sologusto.com\/product\/sugo-allarrabbiata-ricette-di-caterina-gr-180"},"modified":"2026-01-11T11:55:46","modified_gmt":"2026-01-11T09:55:46","slug":"sugo-allarrabbiata-ricette-di-caterina-gr-180","status":"publish","type":"product","link":"https:\/\/www.sologusto.com\/lt\/produktas\/sugo-allarrabbiata-ricette-di-caterina-gr-180\/","title":{"rendered":"Arrabbiata pada\u017eas &#8220;Katerinos receptai&#8221; Gr.180 &#8211; Arrabbiata Sauce &#8220;Caterina&#8217;s Recipes&#8221; Gr.180"},"content":{"rendered":"<p>Polpa e passata di pomodoro, olio extra vergine di oliva, sale, aglio, prezzemolo, peperoncino.<\/p>\n<p>&#8212; &#8212;<\/p>\n<p>Pomidor\u0173 mink\u0161timas ir tyr\u0117, auk\u0161\u010diausios kokyb\u0117s pirmojo spaudimo alyvuogi\u0173 aliejus, druska, \u010desnakai, petra\u017eol\u0117s, \u010dili pipirai.<\/p>\n<p>&#8212; &#8212;<\/p>\n<p>Tomato pulp and puree, extra virgin olive oil, salt, garlic, parsley, chili pepper.<\/p>\n<p>&nbsp;<\/p>","protected":false},"excerpt":{"rendered":"<p>Sugo All&#8217;Arrabbiata &#8220;Ricette Di Caterina&#8221; Gr.180<\/p>\n<p>Arrabbiata pada\u017eas &#8220;Katerinos receptai&#8221; Gr.180<\/p>\n<p>Arrabbiata Sauce &#8220;Caterina&#8217;s Recipes&#8221; Gr.180<\/p>","protected":false},"featured_media":8985,"template":"","meta":{"jetpack_publicize_message":"","jetpack_publicize_feature_enabled":true,"jetpack_social_post_already_shared":true,"jetpack_social_options":{"image_generator_settings":{"template":"highway","default_image_id":0,"font":"","enabled":false},"version":2}},"product_brand":[],"product_cat":[52,53],"product_tag":[654,642,634,626,612,644,651,646,615,105,102,645,647,649,652,619,643,650,610,632,607,590,653,630,596,59,655,656,648],"class_list":{"0":"post-8928","1":"product","2":"type-product","3":"status-publish","4":"has-post-thumbnail","6":"product_cat-padazai","7":"product_cat-uztepeles","8":"product_tag-amatininku-gaminys","9":"product_tag-arrabbiata","10":"product_tag-artisanal-product","11":"product_tag-caterina-receptai","12":"product_tag-caterinas-recipes","13":"product_tag-chili","14":"product_tag-cili","15":"product_tag-cucina-tradizionale-sauce","16":"product_tag-first-course","17":"product_tag-makaronai","18":"product_tag-pasta","19":"product_tag-pepe","20":"product_tag-pepper","21":"product_tag-piktas","22":"product_tag-pipirai","23":"product_tag-pirmasis-patiekalas","24":"product_tag-pomdoro","25":"product_tag-pomidoras","26":"product_tag-primo-piatto","27":"product_tag-prodotto-artigianale","28":"product_tag-ricette-di-caterina","29":"product_tag-saporito","30":"product_tag-skanus","31":"product_tag-sugo","32":"product_tag-tasty","33":"product_tag-tomato","34":"product_tag-tradicine-virtuve-sugo","35":"product_tag-traditional-cuisine","36":"product_tag-traditional-cuisine-padazas","38":"first","39":"instock","40":"sale","41":"taxable","42":"shipping-taxable","43":"purchasable","44":"product-type-simple"},"jetpack_publicize_connections":[],"jetpack_sharing_enabled":true,"_links":{"self":[{"href":"https:\/\/www.sologusto.com\/lt\/wp-json\/wp\/v2\/product\/8928","targetHints":{"allow":["GET"]}}],"collection":[{"href":"https:\/\/www.sologusto.com\/lt\/wp-json\/wp\/v2\/product"}],"about":[{"href":"https:\/\/www.sologusto.com\/lt\/wp-json\/wp\/v2\/types\/product"}],"wp:featuredmedia":[{"embeddable":true,"href":"https:\/\/www.sologusto.com\/lt\/wp-json\/wp\/v2\/media\/8985"}],"wp:attachment":[{"href":"https:\/\/www.sologusto.com\/lt\/wp-json\/wp\/v2\/media?parent=8928"}],"wp:term":[{"taxonomy":"product_brand","embeddable":true,"href":"https:\/\/www.sologusto.com\/lt\/wp-json\/wp\/v2\/product_brand?post=8928"},{"taxonomy":"product_cat","embeddable":true,"href":"https:\/\/www.sologusto.com\/lt\/wp-json\/wp\/v2\/product_cat?post=8928"},{"taxonomy":"product_tag","embeddable":true,"href":"https:\/\/www.sologusto.com\/lt\/wp-json\/wp\/v2\/product_tag?post=8928"}],"curies":[{"name":"wp","href":"https:\/\/api.w.org\/{rel}","templated":true}]}}