{"id":8927,"date":"2024-11-01T15:26:58","date_gmt":"2024-11-01T13:26:58","guid":{"rendered":"https:\/\/www.sologusto.com\/product\/sugo-allaglione-ricette-di-caterina-gr-180"},"modified":"2026-01-11T11:56:41","modified_gmt":"2026-01-11T09:56:41","slug":"sugo-allaglione-ricette-di-caterina-gr-180","status":"publish","type":"product","link":"https:\/\/www.sologusto.com\/lt\/produktas\/sugo-allaglione-ricette-di-caterina-gr-180\/","title":{"rendered":"Sugo All&#8217;Aglione &#8220;Ricette Di Caterina&#8221; Gr.180 &#8211; Aglion\u0117s pada\u017eas &#8220;Katerinos receptai&#8221; Gr.180 &#8211; Garlic Sauce &#8220;Caterina&#8217;s Recipes&#8221; Gr.180"},"content":{"rendered":"<p>L&#8217;aglione della Chiana \u00e8 un tipo di aglio coltivato nella zona della Val di Chiana, si differenzia dall&#8217;aglio comune per la sue dimensioni nettamente pi\u00f9 grandi, l&#8217;aroma pi\u00f9 delicato e per la sua alta digeribilit\u00e0 che gli ha fatto guadagnare il nome &#8220;aglio del Bacio&#8221; o &#8220;aglio degli innamorati&#8221; poich\u00e8 non ha effetti spiacevoli sull&#8217;alito.<\/p>\n<p>La sua consistenza \u00e8 ricca e avvolgente con un sapore e odore delicato tipico dell&#8217;aglione.<\/p>\n<p>Ideale con ogni tipo di pasta anche se noi consigliamo i pici.<\/p>\n<p><strong>Ingredienti:\u00a0<\/strong>Polpa e passata di pomodoro (Origine Italia), doppio concentrato di pomodoro (Origine Italia), olio extra vergine di oliva, aglione (Allium ampeloprasum var. Holmense) 7%, prezzemolo, sale, spezie.\u00a0<strong>Allergeni: no. Senza glutine e senza lattosio. Senza conservanti.<\/strong><\/p>\n<p><strong>Valori nutrizionali medi per 100 g:\u00a0<\/strong>Energina 472.2\/177.8 Kj\/Kcal, grassi 7.1 g di cui saturi 1.1 g, carboidrati 10.4 g di cui zuccheri 10.4 g, proteine 1.9 g, sale 1.3 g.<\/p>\n<p>&#8212; &#8212;<\/p>\n<p>Aglione della Chiana yra Val di Chiana vietov\u0117je auginam\u0173 \u010desnak\u0173 r\u016b\u0161is, kuri nuo \u012fprast\u0173 \u010desnak\u0173 skiriasi savo \u017eymiai didesniu dyd\u017eiu, subtilesniu aromatu ir auk\u0161tu vir\u0161kinamumu, d\u0117l ko buvo pavadintas \u201eBu\u010dinio \u010desnakas\u201c arba \u201emyl\u0117toj\u0173 \u010desnakas\u201c. nes neturi nemalonaus poveikio kv\u0117pavimui.<\/p>\n<p>Jo konsistencija sodri ir apgaubianti subtiliu \u010desnakui b\u016bdingu skoniu ir kvapu.<\/p>\n<p>Idealiai tinka su bet kokio tipo makaronais, nors rekomenduojame pici.<\/p>\n<p>Sud\u0117tis: Pomidor\u0173 mink\u0161timas ir tyr\u0117 (Origin Italy), dvigubas pomidor\u0173 koncentratas (Origin Italy), auk\u0161\u010diausios kokyb\u0117s pirmojo spaudimo alyvuogi\u0173 aliejus, \u010desnakai (Allium ampeloprasum var. Holmense) 7%, petra\u017eol\u0117s, druska, prieskoniai. Alergenai: ne. Be glitimo ir be laktoz\u0117s. Be konservant\u0173.<\/p>\n<p>Vidutin\u0117s maistin\u0117s vert\u0117s 100 g: Energina 472,2\/177,8 Kj\/Kcal, riebalai 7,1 g i\u0161 kuri\u0173 so\u010di\u0173j\u0173 1,1 g, angliavandeni\u0173 10,4 g i\u0161 kuri\u0173 cukr\u0173 10,4 g, baltymai 1,9 g, druska 1,3 g.<\/p>\n<p>&#8212; &#8212;<\/p>\n<p>Chiana garlic is a type of garlic grown in the Val di Chiana area, it differs from common garlic for its significantly larger size, more delicate aroma and for its high digestibility which has earned it the name &#8220;garlic of the Kiss&#8221; or &#8220;garlic of lovers&#8221; as it does not have unpleasant effects on the breath.<\/p>\n<p>Its consistency is rich and enveloping with a delicate flavor and smell typical of garlic.<\/p>\n<p>Ideal with any type of pasta although we recommend pici.<\/p>\n<p>Ingredients: Tomato pulp and puree (Origin Italy), double tomato concentrate (Origin Italy), extra virgin olive oil, garlic (Allium ampeloprasum var. Holmense) 7%, parsley, salt, spices. Allergens: no. Gluten-free and lactose-free. No preservatives.<\/p>\n<p>Average nutritional values \u200b\u200bper 100 g: Energina 472.2\/177.8 Kj\/Kcal, fats 7.1 g of which saturated 1.1 g, carbohydrates 10.4 g of which sugars 10.4 g, proteins 1.9 g, salt 1.3 g.<\/p>\n<p>&nbsp;<\/p>","protected":false},"excerpt":{"rendered":"<p>Sugo All&#8217;Aglione &#8220;Ricette Di Caterina&#8221; Gr.180<\/p>\n<p>Aglion\u0117s pada\u017eas &#8220;Katerinos receptai&#8221; Gr.180<\/p>\n<p>Garlic Sauce &#8220;Caterina&#8217;s Recipes&#8221; Gr.180<\/p>","protected":false},"featured_media":8984,"template":"","meta":{"jetpack_publicize_message":"","jetpack_publicize_feature_enabled":true,"jetpack_social_post_already_shared":true,"jetpack_social_options":{"image_generator_settings":{"template":"highway","default_image_id":0,"font":"","enabled":false},"version":2}},"product_brand":[],"product_cat":[52,53],"product_tag":[591,639,634,638,626,612,636,633,68,615,597,105,641,635,631,102,619,610,632,607,590,637,630,596,640],"class_list":{"0":"post-8927","1":"product","2":"type-product","3":"status-publish","4":"has-post-thumbnail","6":"product_cat-padazai","7":"product_cat-uztepeles","8":"product_tag-aglio","9":"product_tag-amatininku-gaminiai","10":"product_tag-artisanal-product","11":"product_tag-auksciausios-kokybes-pirmojo-spaudimo-alyvuogiu-aliejus","12":"product_tag-caterina-receptai","13":"product_tag-caterinas-recipes","14":"product_tag-cesnakai","15":"product_tag-cucina-mediterranea-sauce","16":"product_tag-extra-virgin-olive-oil","17":"product_tag-first-course","18":"product_tag-garlic","19":"product_tag-makaronai","20":"product_tag-mediterranean-cuisine","21":"product_tag-mediterranean-cuisine-padazas","22":"product_tag-olio-extravergine-doliva","23":"product_tag-pasta","24":"product_tag-pirmasis-patiekalas","25":"product_tag-primo-piatto","26":"product_tag-prodotto-artigianale","27":"product_tag-ricette-di-caterina","28":"product_tag-saporito","29":"product_tag-skanu","30":"product_tag-sugo","31":"product_tag-tasty","32":"product_tag-vidurzemio-juros-virtuve-sugo","34":"first","35":"instock","36":"sale","37":"taxable","38":"shipping-taxable","39":"purchasable","40":"product-type-simple"},"jetpack_publicize_connections":[],"jetpack_sharing_enabled":true,"_links":{"self":[{"href":"https:\/\/www.sologusto.com\/lt\/wp-json\/wp\/v2\/product\/8927","targetHints":{"allow":["GET"]}}],"collection":[{"href":"https:\/\/www.sologusto.com\/lt\/wp-json\/wp\/v2\/product"}],"about":[{"href":"https:\/\/www.sologusto.com\/lt\/wp-json\/wp\/v2\/types\/product"}],"wp:featuredmedia":[{"embeddable":true,"href":"https:\/\/www.sologusto.com\/lt\/wp-json\/wp\/v2\/media\/8984"}],"wp:attachment":[{"href":"https:\/\/www.sologusto.com\/lt\/wp-json\/wp\/v2\/media?parent=8927"}],"wp:term":[{"taxonomy":"product_brand","embeddable":true,"href":"https:\/\/www.sologusto.com\/lt\/wp-json\/wp\/v2\/product_brand?post=8927"},{"taxonomy":"product_cat","embeddable":true,"href":"https:\/\/www.sologusto.com\/lt\/wp-json\/wp\/v2\/product_cat?post=8927"},{"taxonomy":"product_tag","embeddable":true,"href":"https:\/\/www.sologusto.com\/lt\/wp-json\/wp\/v2\/product_tag?post=8927"}],"curies":[{"name":"wp","href":"https:\/\/api.w.org\/{rel}","templated":true}]}}