{"id":8926,"date":"2024-11-01T15:26:58","date_gmt":"2024-11-01T13:26:58","guid":{"rendered":"https:\/\/www.sologusto.com\/product\/ragu-di-capriolo-ricette-di-caterina-gr-180"},"modified":"2026-01-11T11:56:41","modified_gmt":"2026-01-11T09:56:41","slug":"ragu-di-capriolo-ricette-di-caterina-gr-180","status":"publish","type":"product","link":"https:\/\/www.sologusto.com\/lt\/produktas\/ragu-di-capriolo-ricette-di-caterina-gr-180\/","title":{"rendered":"\u201cRagu&#8217; Di Capriolo Ricette Di Caterina&#8221; Gr.180 &#8211; Stirnienos pada\u017eas Gr.180 &#8211; Roe deer sauce"},"content":{"rendered":"<p>Ragu&#8217; di Capriolo &#8220;Ricette Di Caterina&#8221; Gr.180<\/p>\n<p>Il sapore intenso tipico del capriolo reso pi\u00f9 tondo dalla carne suina e bovina (Chianina) e con una consistenza densa tipica dei sughi con un alta concentrazione di carne.<\/p>\n<p>Condimento ideale per tutti i tipi di paste. Prodotto gi\u00e0 pronto all&#8217;uso da scaldare a bagnomaria, in microonde o direttamente in padella.<\/p>\n<p>&#8212; &#8212;<\/p>\n<p>Stirnienos Ragu&#8217;\u00a0 &#8220;Katerinos receptai&#8221; Gr.180<\/p>\n<p>Intensyvus stirninams b\u016bdingas skonis, labiau suapvalintas kiaulienos ir jautienos (Chianina) ir tankios konsistencijos, b\u016bdingos pada\u017eams su didel\u0117s m\u0117sos koncentracijos.<\/p>\n<p>Idealus prieskonis vis\u0173 r\u016b\u0161i\u0173 makaronams. Paruo\u0161tas naudojimui produktas, skirtas kaitinti baseine, mikrobang\u0173 krosnel\u0117je arba tiesiai keptuv\u0117je.<\/p>\n<p>&#8212; &#8212;<\/p>\n<p>Capriolo Ragu&#8217; &#8220;Ricette Di Caterina&#8221; Gr.180<\/p>\n<p>The intense flavor typical of roe deer made more rounded by pork and beef (Chianina) and with a dense consistency typical of sauces with a high concentration of meat.<\/p>\n<p>Ideal condiment for all types of pasta. Product ready to use to heat in a bain-marie, in the microwave or directly in a pan.<\/p>","protected":false},"excerpt":{"rendered":"<p>Ragu&#8217; Di Capriolo &#8220;Ricette Di Caterina&#8221; Gr.180<\/p>\n<p>Stirnos Ragu&#8217;\u00a0 &#8220;Katerinos receptai&#8221; Gr.180<\/p>\n<p>Capriolo Ragu&#8217; &#8220;Ricette Di Caterina&#8221; Gr.180<\/p>","protected":false},"featured_media":8976,"template":"","meta":{"jetpack_publicize_message":"","jetpack_publicize_feature_enabled":true,"jetpack_social_post_already_shared":true,"jetpack_social_options":{"image_generator_settings":{"template":"highway","default_image_id":0,"font":"","enabled":false},"version":2}},"product_brand":[],"product_cat":[52,53],"product_tag":[627,608,612,616,606,615,620,613,617,102,611,619,610,605,607,628,629,618,614,609],"class_list":{"0":"post-8926","1":"product","2":"type-product","3":"status-publish","4":"has-post-thumbnail","6":"product_cat-padazai","7":"product_cat-uztepeles","8":"product_tag-capriolo","9":"product_tag-carne","10":"product_tag-caterinas-recipes","11":"product_tag-caterinos-receptai","12":"product_tag-chianina","13":"product_tag-first-course","14":"product_tag-makaronai-ragu","15":"product_tag-meat","16":"product_tag-mesa","17":"product_tag-pasta","18":"product_tag-pasta-ragu","19":"product_tag-pirmasis-patiekalas","20":"product_tag-primo-piatto","21":"product_tag-ragu","22":"product_tag-ricette-di-caterina","23":"product_tag-roe-deer","24":"product_tag-stirnos","25":"product_tag-tradicinis","26":"product_tag-traditional","27":"product_tag-tradizionale","29":"first","30":"instock","31":"sale","32":"taxable","33":"shipping-taxable","34":"purchasable","35":"product-type-simple"},"jetpack_publicize_connections":[],"jetpack_sharing_enabled":true,"_links":{"self":[{"href":"https:\/\/www.sologusto.com\/lt\/wp-json\/wp\/v2\/product\/8926","targetHints":{"allow":["GET"]}}],"collection":[{"href":"https:\/\/www.sologusto.com\/lt\/wp-json\/wp\/v2\/product"}],"about":[{"href":"https:\/\/www.sologusto.com\/lt\/wp-json\/wp\/v2\/types\/product"}],"wp:featuredmedia":[{"embeddable":true,"href":"https:\/\/www.sologusto.com\/lt\/wp-json\/wp\/v2\/media\/8976"}],"wp:attachment":[{"href":"https:\/\/www.sologusto.com\/lt\/wp-json\/wp\/v2\/media?parent=8926"}],"wp:term":[{"taxonomy":"product_brand","embeddable":true,"href":"https:\/\/www.sologusto.com\/lt\/wp-json\/wp\/v2\/product_brand?post=8926"},{"taxonomy":"product_cat","embeddable":true,"href":"https:\/\/www.sologusto.com\/lt\/wp-json\/wp\/v2\/product_cat?post=8926"},{"taxonomy":"product_tag","embeddable":true,"href":"https:\/\/www.sologusto.com\/lt\/wp-json\/wp\/v2\/product_tag?post=8926"}],"curies":[{"name":"wp","href":"https:\/\/api.w.org\/{rel}","templated":true}]}}